{"id":55,"date":"2024-02-22T04:45:12","date_gmt":"2024-02-22T04:45:12","guid":{"rendered":"https:\/\/phutai.com.vn\/?page_id=55"},"modified":"2024-10-18T00:56:17","modified_gmt":"2024-10-18T07:56:17","slug":"gioi-thieu","status":"publish","type":"page","link":"https:\/\/phutai.com.vn\/en\/gioi-thieu\/","title":{"rendered":"INTRODUCE"},"content":{"rendered":"","protected":false},"excerpt":{"rendered":"","protected":false},"author":1,"featured_media":0,"parent":0,"menu_order":0,"comment_status":"closed","ping_status":"closed","template":"template-parts\/gioithieu.php","meta":{"footnotes":""},"class_list":["post-55","page","type-page","status-publish","hentry"],"acf":[],"yoast_head":"<!-- This site is optimized with the Yoast SEO plugin v24.7 - https:\/\/yoast.com\/wordpress\/plugins\/seo\/ -->\n<title>Gi\u1edbi thi\u1ec7u - Ph\u00fa T\u00e0i JSC<\/title>\n<meta name=\"description\" content=\"C\u00f4ng ty C\u1ed5 ph\u1ea7n Ph\u00fa T\u00e0i l\u00e0 \u0111\u01a1n v\u1ecb kinh doanh ho\u1ea1t \u0111\u1ed9ng \u0111a l\u0129nh v\u1ef1c. V\u1edbi ngu\u1ed3n l\u1ef1c m\u1ea1nh m\u1ebd t\u1eeb c\u00e1c nh\u00f3m ng\u00e0nh nh\u01b0: G\u1ed7, \u0110\u00e1 t\u1ef1 nhi\u00ean, \u0110\u00e1 nh\u00e2n t\u1ea1o, \u00d4 t\u00f4, B\u1ea5t \u0111\u1ed9ng s\u1ea3n. H\u01a1n 30 n\u0103m ki\u00ean \u0111\u1ecbnh x\u00e2y d\u1ef1ng uy t\u00edn, Ph\u00fa T\u00e0i \u0111\u1ea1t \u0111\u01b0\u1ee3c nhi\u1ec1u th\u00e0nh t\u1ef1u v\u00e0 gi\u1ea3i th\u01b0\u1edfng c\u1ee7a c\u00e1c t\u1ed5 ch\u1ee9c uy t\u00edn trong n\u01b0\u1edbc v\u00e0 qu\u1ed1c t\u1ebf.\" \/>\n<meta name=\"robots\" content=\"index, follow, max-snippet:-1, max-image-preview:large, max-video-preview:-1\" \/>\n<link rel=\"canonical\" href=\"https:\/\/phutai.com.vn\/en\/gioi-thieu\/\" \/>\n<meta property=\"og:locale\" content=\"en_US\" \/>\n<meta property=\"og:type\" content=\"article\" \/>\n<meta property=\"og:title\" content=\"Gi\u1edbi thi\u1ec7u - Ph\u00fa T\u00e0i JSC\" \/>\n<meta property=\"og:description\" content=\"C\u00f4ng ty C\u1ed5 ph\u1ea7n Ph\u00fa T\u00e0i l\u00e0 \u0111\u01a1n v\u1ecb kinh doanh ho\u1ea1t \u0111\u1ed9ng \u0111a l\u0129nh v\u1ef1c. V\u1edbi ngu\u1ed3n l\u1ef1c m\u1ea1nh m\u1ebd t\u1eeb c\u00e1c nh\u00f3m ng\u00e0nh nh\u01b0: G\u1ed7, \u0110\u00e1 t\u1ef1 nhi\u00ean, \u0110\u00e1 nh\u00e2n t\u1ea1o, \u00d4 t\u00f4, B\u1ea5t \u0111\u1ed9ng s\u1ea3n. H\u01a1n 30 n\u0103m ki\u00ean \u0111\u1ecbnh x\u00e2y d\u1ef1ng uy t\u00edn, Ph\u00fa T\u00e0i \u0111\u1ea1t \u0111\u01b0\u1ee3c nhi\u1ec1u th\u00e0nh t\u1ef1u v\u00e0 gi\u1ea3i th\u01b0\u1edfng c\u1ee7a c\u00e1c t\u1ed5 ch\u1ee9c uy t\u00edn trong n\u01b0\u1edbc v\u00e0 qu\u1ed1c t\u1ebf.\" \/>\n<meta property=\"og:url\" content=\"https:\/\/phutai.com.vn\/en\/gioi-thieu\/\" \/>\n<meta property=\"og:site_name\" content=\"Ph\u00fa T\u00e0i JSC\" \/>\n<meta property=\"article:publisher\" content=\"https:\/\/www.facebook.com\/phutai.jointstockcompany\" \/>\n<meta property=\"article:modified_time\" content=\"2024-10-18T07:56:17+00:00\" \/>\n<meta property=\"og:image\" content=\"https:\/\/phutai.com.vn\/wp-content\/uploads\/2024\/10\/z5941482710560_1f6d355c1283791c81dc658979f78822.jpg\" \/>\n\t<meta property=\"og:image:width\" content=\"2554\" \/>\n\t<meta property=\"og:image:height\" content=\"1770\" \/>\n\t<meta property=\"og:image:type\" content=\"image\/jpeg\" \/>\n<meta name=\"twitter:card\" content=\"summary_large_image\" \/>\n<script type=\"application\/ld+json\" class=\"yoast-schema-graph\">{\"@context\":\"https:\/\/schema.org\",\"@graph\":[{\"@type\":\"WebPage\",\"@id\":\"https:\/\/phutai.com.vn\/gioi-thieu\/\",\"url\":\"https:\/\/phutai.com.vn\/gioi-thieu\/\",\"name\":\"Gi\u1edbi thi\u1ec7u - Ph\u00fa T\u00e0i JSC\",\"isPartOf\":{\"@id\":\"https:\/\/phutai.com.vn\/#website\"},\"datePublished\":\"2024-02-22T04:45:12+00:00\",\"dateModified\":\"2024-10-18T07:56:17+00:00\",\"description\":\"C\u00f4ng ty C\u1ed5 ph\u1ea7n Ph\u00fa T\u00e0i l\u00e0 \u0111\u01a1n v\u1ecb kinh doanh ho\u1ea1t \u0111\u1ed9ng \u0111a l\u0129nh v\u1ef1c. V\u1edbi ngu\u1ed3n l\u1ef1c m\u1ea1nh m\u1ebd t\u1eeb c\u00e1c nh\u00f3m ng\u00e0nh nh\u01b0: G\u1ed7, \u0110\u00e1 t\u1ef1 nhi\u00ean, \u0110\u00e1 nh\u00e2n t\u1ea1o, \u00d4 t\u00f4, B\u1ea5t \u0111\u1ed9ng s\u1ea3n. H\u01a1n 30 n\u0103m ki\u00ean \u0111\u1ecbnh x\u00e2y d\u1ef1ng uy t\u00edn, Ph\u00fa T\u00e0i \u0111\u1ea1t \u0111\u01b0\u1ee3c nhi\u1ec1u th\u00e0nh t\u1ef1u v\u00e0 gi\u1ea3i th\u01b0\u1edfng c\u1ee7a c\u00e1c t\u1ed5 ch\u1ee9c uy t\u00edn trong n\u01b0\u1edbc v\u00e0 qu\u1ed1c t\u1ebf.\",\"breadcrumb\":{\"@id\":\"https:\/\/phutai.com.vn\/gioi-thieu\/#breadcrumb\"},\"inLanguage\":\"en-US\",\"potentialAction\":[{\"@type\":\"ReadAction\",\"target\":[\"https:\/\/phutai.com.vn\/gioi-thieu\/\"]}]},{\"@type\":\"BreadcrumbList\",\"@id\":\"https:\/\/phutai.com.vn\/gioi-thieu\/#breadcrumb\",\"itemListElement\":[{\"@type\":\"ListItem\",\"position\":1,\"name\":\"Home\",\"item\":\"https:\/\/phutai.com.vn\/\"},{\"@type\":\"ListItem\",\"position\":2,\"name\":\"Gi\u1edbi thi\u1ec7u\"}]},{\"@type\":\"WebSite\",\"@id\":\"https:\/\/phutai.com.vn\/#website\",\"url\":\"https:\/\/phutai.com.vn\/\",\"name\":\"Ph\u00fa T\u00e0i JSC\",\"description\":\"\",\"publisher\":{\"@id\":\"https:\/\/phutai.com.vn\/#organization\"},\"potentialAction\":[{\"@type\":\"SearchAction\",\"target\":{\"@type\":\"EntryPoint\",\"urlTemplate\":\"https:\/\/phutai.com.vn\/?s={search_term_string}\"},\"query-input\":{\"@type\":\"PropertyValueSpecification\",\"valueRequired\":true,\"valueName\":\"search_term_string\"}}],\"inLanguage\":\"en-US\"},{\"@type\":\"Organization\",\"@id\":\"https:\/\/phutai.com.vn\/#organization\",\"name\":\"Ph\u00fa T\u00e0i JSC\",\"url\":\"https:\/\/phutai.com.vn\/\",\"logo\":{\"@type\":\"ImageObject\",\"inLanguage\":\"en-US\",\"@id\":\"https:\/\/phutai.com.vn\/#\/schema\/logo\/image\/\",\"url\":\"https:\/\/phutai.com.vn\/wp-content\/uploads\/2026\/01\/phutai-logo-tachnen.png\",\"contentUrl\":\"https:\/\/phutai.com.vn\/wp-content\/uploads\/2026\/01\/phutai-logo-tachnen.png\",\"width\":500,\"height\":327,\"caption\":\"Ph\u00fa T\u00e0i JSC\"},\"image\":{\"@id\":\"https:\/\/phutai.com.vn\/#\/schema\/logo\/image\/\"},\"sameAs\":[\"https:\/\/www.facebook.com\/phutai.jointstockcompany\"]}]}<\/script>\n<!-- \/ Yoast SEO plugin. -->","yoast_head_json":{"title":"Gi\u1edbi thi\u1ec7u - Ph\u00fa T\u00e0i JSC","description":"C\u00f4ng ty C\u1ed5 ph\u1ea7n Ph\u00fa T\u00e0i l\u00e0 \u0111\u01a1n v\u1ecb kinh doanh ho\u1ea1t \u0111\u1ed9ng \u0111a l\u0129nh v\u1ef1c. V\u1edbi ngu\u1ed3n l\u1ef1c m\u1ea1nh m\u1ebd t\u1eeb c\u00e1c nh\u00f3m ng\u00e0nh nh\u01b0: G\u1ed7, \u0110\u00e1 t\u1ef1 nhi\u00ean, \u0110\u00e1 nh\u00e2n t\u1ea1o, \u00d4 t\u00f4, B\u1ea5t \u0111\u1ed9ng s\u1ea3n. H\u01a1n 30 n\u0103m ki\u00ean \u0111\u1ecbnh x\u00e2y d\u1ef1ng uy t\u00edn, Ph\u00fa T\u00e0i \u0111\u1ea1t \u0111\u01b0\u1ee3c nhi\u1ec1u th\u00e0nh t\u1ef1u v\u00e0 gi\u1ea3i th\u01b0\u1edfng c\u1ee7a c\u00e1c t\u1ed5 ch\u1ee9c uy t\u00edn trong n\u01b0\u1edbc v\u00e0 qu\u1ed1c t\u1ebf.","robots":{"index":"index","follow":"follow","max-snippet":"max-snippet:-1","max-image-preview":"max-image-preview:large","max-video-preview":"max-video-preview:-1"},"canonical":"https:\/\/phutai.com.vn\/en\/gioi-thieu\/","og_locale":"en_US","og_type":"article","og_title":"Gi\u1edbi thi\u1ec7u - Ph\u00fa T\u00e0i JSC","og_description":"C\u00f4ng ty C\u1ed5 ph\u1ea7n Ph\u00fa T\u00e0i l\u00e0 \u0111\u01a1n v\u1ecb kinh doanh ho\u1ea1t \u0111\u1ed9ng \u0111a l\u0129nh v\u1ef1c. V\u1edbi ngu\u1ed3n l\u1ef1c m\u1ea1nh m\u1ebd t\u1eeb c\u00e1c nh\u00f3m ng\u00e0nh nh\u01b0: G\u1ed7, \u0110\u00e1 t\u1ef1 nhi\u00ean, \u0110\u00e1 nh\u00e2n t\u1ea1o, \u00d4 t\u00f4, B\u1ea5t \u0111\u1ed9ng s\u1ea3n. H\u01a1n 30 n\u0103m ki\u00ean \u0111\u1ecbnh x\u00e2y d\u1ef1ng uy t\u00edn, Ph\u00fa T\u00e0i \u0111\u1ea1t \u0111\u01b0\u1ee3c nhi\u1ec1u th\u00e0nh t\u1ef1u v\u00e0 gi\u1ea3i th\u01b0\u1edfng c\u1ee7a c\u00e1c t\u1ed5 ch\u1ee9c uy t\u00edn trong n\u01b0\u1edbc v\u00e0 qu\u1ed1c t\u1ebf.","og_url":"https:\/\/phutai.com.vn\/en\/gioi-thieu\/","og_site_name":"Ph\u00fa T\u00e0i JSC","article_publisher":"https:\/\/www.facebook.com\/phutai.jointstockcompany","article_modified_time":"2024-10-18T07:56:17+00:00","og_image":[{"width":2554,"height":1770,"url":"https:\/\/phutai.com.vn\/wp-content\/uploads\/2024\/10\/z5941482710560_1f6d355c1283791c81dc658979f78822.jpg","type":"image\/jpeg"}],"twitter_card":"summary_large_image","schema":{"@context":"https:\/\/schema.org","@graph":[{"@type":"WebPage","@id":"https:\/\/phutai.com.vn\/gioi-thieu\/","url":"https:\/\/phutai.com.vn\/gioi-thieu\/","name":"Gi\u1edbi thi\u1ec7u - Ph\u00fa T\u00e0i JSC","isPartOf":{"@id":"https:\/\/phutai.com.vn\/#website"},"datePublished":"2024-02-22T04:45:12+00:00","dateModified":"2024-10-18T07:56:17+00:00","description":"C\u00f4ng ty C\u1ed5 ph\u1ea7n Ph\u00fa T\u00e0i l\u00e0 \u0111\u01a1n v\u1ecb kinh doanh ho\u1ea1t \u0111\u1ed9ng \u0111a l\u0129nh v\u1ef1c. V\u1edbi ngu\u1ed3n l\u1ef1c m\u1ea1nh m\u1ebd t\u1eeb c\u00e1c nh\u00f3m ng\u00e0nh nh\u01b0: G\u1ed7, \u0110\u00e1 t\u1ef1 nhi\u00ean, \u0110\u00e1 nh\u00e2n t\u1ea1o, \u00d4 t\u00f4, B\u1ea5t \u0111\u1ed9ng s\u1ea3n. H\u01a1n 30 n\u0103m ki\u00ean \u0111\u1ecbnh x\u00e2y d\u1ef1ng uy t\u00edn, Ph\u00fa T\u00e0i \u0111\u1ea1t \u0111\u01b0\u1ee3c nhi\u1ec1u th\u00e0nh t\u1ef1u v\u00e0 gi\u1ea3i th\u01b0\u1edfng c\u1ee7a c\u00e1c t\u1ed5 ch\u1ee9c uy t\u00edn trong n\u01b0\u1edbc v\u00e0 qu\u1ed1c t\u1ebf.","breadcrumb":{"@id":"https:\/\/phutai.com.vn\/gioi-thieu\/#breadcrumb"},"inLanguage":"en-US","potentialAction":[{"@type":"ReadAction","target":["https:\/\/phutai.com.vn\/gioi-thieu\/"]}]},{"@type":"BreadcrumbList","@id":"https:\/\/phutai.com.vn\/gioi-thieu\/#breadcrumb","itemListElement":[{"@type":"ListItem","position":1,"name":"Home","item":"https:\/\/phutai.com.vn\/"},{"@type":"ListItem","position":2,"name":"Gi\u1edbi thi\u1ec7u"}]},{"@type":"WebSite","@id":"https:\/\/phutai.com.vn\/#website","url":"https:\/\/phutai.com.vn\/","name":"Ph\u00fa T\u00e0i JSC","description":"","publisher":{"@id":"https:\/\/phutai.com.vn\/#organization"},"potentialAction":[{"@type":"SearchAction","target":{"@type":"EntryPoint","urlTemplate":"https:\/\/phutai.com.vn\/?s={search_term_string}"},"query-input":{"@type":"PropertyValueSpecification","valueRequired":true,"valueName":"search_term_string"}}],"inLanguage":"en-US"},{"@type":"Organization","@id":"https:\/\/phutai.com.vn\/#organization","name":"Ph\u00fa T\u00e0i JSC","url":"https:\/\/phutai.com.vn\/","logo":{"@type":"ImageObject","inLanguage":"en-US","@id":"https:\/\/phutai.com.vn\/#\/schema\/logo\/image\/","url":"https:\/\/phutai.com.vn\/wp-content\/uploads\/2026\/01\/phutai-logo-tachnen.png","contentUrl":"https:\/\/phutai.com.vn\/wp-content\/uploads\/2026\/01\/phutai-logo-tachnen.png","width":500,"height":327,"caption":"Ph\u00fa T\u00e0i JSC"},"image":{"@id":"https:\/\/phutai.com.vn\/#\/schema\/logo\/image\/"},"sameAs":["https:\/\/www.facebook.com\/phutai.jointstockcompany"]}]}},"_links":{"self":[{"href":"https:\/\/phutai.com.vn\/en\/wp-json\/wp\/v2\/pages\/55","targetHints":{"allow":["GET"]}}],"collection":[{"href":"https:\/\/phutai.com.vn\/en\/wp-json\/wp\/v2\/pages"}],"about":[{"href":"https:\/\/phutai.com.vn\/en\/wp-json\/wp\/v2\/types\/page"}],"author":[{"embeddable":true,"href":"https:\/\/phutai.com.vn\/en\/wp-json\/wp\/v2\/users\/1"}],"replies":[{"embeddable":true,"href":"https:\/\/phutai.com.vn\/en\/wp-json\/wp\/v2\/comments?post=55"}],"version-history":[{"count":83,"href":"https:\/\/phutai.com.vn\/en\/wp-json\/wp\/v2\/pages\/55\/revisions"}],"predecessor-version":[{"id":8073,"href":"https:\/\/phutai.com.vn\/en\/wp-json\/wp\/v2\/pages\/55\/revisions\/8073"}],"wp:attachment":[{"href":"https:\/\/phutai.com.vn\/en\/wp-json\/wp\/v2\/media?parent=55"}],"curies":[{"name":"wp","href":"https:\/\/api.w.org\/{rel}","templated":true}]}}