{"id":4549,"date":"2024-03-26T08:52:15","date_gmt":"2024-03-26T08:52:15","guid":{"rendered":"https:\/\/phutai.com.vn\/?post_type=product&#038;p=4549"},"modified":"2024-03-26T09:03:39","modified_gmt":"2024-03-26T09:03:39","slug":"da-trang-suoi-lau","status":"publish","type":"product","link":"https:\/\/phutai.com.vn\/en\/product\/da-trang-suoi-lau\/","title":{"rendered":"\u0110\u00e1 Tr\u1eafng Su\u1ed1i Lau"},"content":{"rendered":"\n<h3 class=\"wp-block-heading\">Gi\u1edbi thi\u1ec7u<\/h3>\n\n\n\n<p><strong>\u0110\u00e1 tr\u1eafng Su\u1ed1i Lau<\/strong>&nbsp;l\u00e0 m\u1ed9t lo\u1ea1i \u0111\u00e1 Granite t\u1ef1 nhi\u00ean c\u00f3 \u0111\u1eb7c t\u00ednh nh\u01b0: b\u1ec1n, ch\u1eafc, c\u1ee9ng, b\u00f3ng, c\u00f3 \u0111\u1ed9 \u0111\u1ed3ng nh\u1ea5t cao v\u1ec1 m\u00e0u s\u1eafc. \u0110\u00e1 granite tr\u1eafng Su\u1ed1i Lau th\u01b0\u1eddng \u0111\u01b0\u1ee3c s\u1eed d\u1ee5ng cho c\u00e1c c\u00f4ng tr\u00ecnh ph\u1ea3i ch\u1ecbu nhi\u1ec1u t\u00e1c \u0111\u1ed9ng t\u1eeb ngo\u1ea1i l\u1ef1c nh\u01b0: M\u1eb7t ti\u1ec1n, m\u1eb7t b\u00e0n, c\u1ea7u thang, n\u1ec1n nh\u00e0, nh\u00e0 v\u1ec7 sinh\u2026<\/p>\n\n\n\n<h3 class=\"wp-block-heading\">Ch\u1ee9ng nh\u1eadn<\/h3>\n\n\n\n<p><strong>Ch\u1ee9ng nh\u1eadn ki\u1ec3m \u0111\u1ecbnh k\u1ef9 thu\u1eadt theo ti\u00eau chu\u1ea9n EU<\/strong><\/p>\n\n\n\n<div data-wp-interactive=\"core\/file\" class=\"wp-block-file\"><object data-wp-bind--hidden=\"!state.hasPdfPreview\" hidden class=\"wp-block-file__embed\" data=\"https:\/\/phutai.com.vn\/wp-content\/uploads\/2024\/03\/CE-SL-White-2-1.pdf\" type=\"application\/pdf\" style=\"width:100%;height:600px\" aria-label=\"Embed of CE-SL-White-2-1.\"><\/object><a id=\"wp-block-file--media-eb5fc99f-4093-4160-bc20-5a43dad75637\" href=\"https:\/\/phutai.com.vn\/wp-content\/uploads\/2024\/03\/CE-SL-White-2-1.pdf\">CE-SL-White-2-1<\/a><a href=\"https:\/\/phutai.com.vn\/wp-content\/uploads\/2024\/03\/CE-SL-White-2-1.pdf\" class=\"wp-block-file__button wp-element-button\" download aria-describedby=\"wp-block-file--media-eb5fc99f-4093-4160-bc20-5a43dad75637\">Download<\/a><\/div>\n\n\n\n<h3 class=\"wp-block-heading\">H\u00ecnh \u1ea3nh M\u1ecf \u0111\u00e1 tr\u1eafng su\u1ed1i lau<\/h3>\n\n\n\n<figure class=\"wp-block-image size-full\"><img loading=\"lazy\" decoding=\"async\" width=\"1024\" height=\"768\" src=\"https:\/\/phutai.com.vn\/wp-content\/uploads\/2024\/03\/Mo-da-trang-Suoi-Lau-6-1024x768-1.jpg\" alt=\"\" class=\"wp-image-4554\" srcset=\"https:\/\/phutai.com.vn\/wp-content\/uploads\/2024\/03\/Mo-da-trang-Suoi-Lau-6-1024x768-1.jpg 1024w, https:\/\/phutai.com.vn\/wp-content\/uploads\/2024\/03\/Mo-da-trang-Suoi-Lau-6-1024x768-1-768x576.jpg 768w, https:\/\/phutai.com.vn\/wp-content\/uploads\/2024\/03\/Mo-da-trang-Suoi-Lau-6-1024x768-1-16x12.jpg 16w\" sizes=\"auto, (max-width: 1024px) 100vw, 1024px\" \/><\/figure>\n\n\n\n<figure class=\"wp-block-image size-full\"><img loading=\"lazy\" decoding=\"async\" width=\"768\" height=\"1024\" src=\"https:\/\/phutai.com.vn\/wp-content\/uploads\/2024\/03\/Mo-da-trang-Suoi-Lau-7-768x1024-1.jpg\" alt=\"\" class=\"wp-image-4555\" srcset=\"https:\/\/phutai.com.vn\/wp-content\/uploads\/2024\/03\/Mo-da-trang-Suoi-Lau-7-768x1024-1.jpg 768w, https:\/\/phutai.com.vn\/wp-content\/uploads\/2024\/03\/Mo-da-trang-Suoi-Lau-7-768x1024-1-9x12.jpg 9w\" sizes=\"auto, (max-width: 768px) 100vw, 768px\" \/><\/figure>\n\n\n\n<figure class=\"wp-block-image size-full\"><img loading=\"lazy\" decoding=\"async\" width=\"768\" height=\"1024\" src=\"https:\/\/phutai.com.vn\/wp-content\/uploads\/2024\/03\/Mo-da-trang-Suoi-Lau-3-768x1024-1.jpg\" alt=\"\" class=\"wp-image-4552\" srcset=\"https:\/\/phutai.com.vn\/wp-content\/uploads\/2024\/03\/Mo-da-trang-Suoi-Lau-3-768x1024-1.jpg 768w, https:\/\/phutai.com.vn\/wp-content\/uploads\/2024\/03\/Mo-da-trang-Suoi-Lau-3-768x1024-1-9x12.jpg 9w\" sizes=\"auto, (max-width: 768px) 100vw, 768px\" \/><\/figure>\n\n\n\n<figure class=\"wp-block-image size-full\"><img loading=\"lazy\" decoding=\"async\" width=\"1024\" height=\"768\" src=\"https:\/\/phutai.com.vn\/wp-content\/uploads\/2024\/03\/Mo-da-trang-Suoi-Lau-13-1024x768-1.jpg\" alt=\"\" class=\"wp-image-4557\" srcset=\"https:\/\/phutai.com.vn\/wp-content\/uploads\/2024\/03\/Mo-da-trang-Suoi-Lau-13-1024x768-1.jpg 1024w, https:\/\/phutai.com.vn\/wp-content\/uploads\/2024\/03\/Mo-da-trang-Suoi-Lau-13-1024x768-1-768x576.jpg 768w, https:\/\/phutai.com.vn\/wp-content\/uploads\/2024\/03\/Mo-da-trang-Suoi-Lau-13-1024x768-1-16x12.jpg 16w\" sizes=\"auto, (max-width: 1024px) 100vw, 1024px\" \/><\/figure>\n\n\n\n<figure class=\"wp-block-image size-full\"><img loading=\"lazy\" decoding=\"async\" width=\"768\" height=\"1024\" src=\"https:\/\/phutai.com.vn\/wp-content\/uploads\/2024\/03\/Mo-da-trang-Suoi-Lau-10-768x1024-1.jpg\" alt=\"\" class=\"wp-image-4556\" srcset=\"https:\/\/phutai.com.vn\/wp-content\/uploads\/2024\/03\/Mo-da-trang-Suoi-Lau-10-768x1024-1.jpg 768w, https:\/\/phutai.com.vn\/wp-content\/uploads\/2024\/03\/Mo-da-trang-Suoi-Lau-10-768x1024-1-9x12.jpg 9w\" sizes=\"auto, (max-width: 768px) 100vw, 768px\" \/><\/figure>\n\n\n\n<figure class=\"wp-block-image size-full\"><img loading=\"lazy\" decoding=\"async\" width=\"1024\" height=\"768\" src=\"https:\/\/phutai.com.vn\/wp-content\/uploads\/2024\/03\/Mo-da-trang-Suoi-Lau-4-1024x768-1.jpg\" alt=\"\" class=\"wp-image-4553\" srcset=\"https:\/\/phutai.com.vn\/wp-content\/uploads\/2024\/03\/Mo-da-trang-Suoi-Lau-4-1024x768-1.jpg 1024w, https:\/\/phutai.com.vn\/wp-content\/uploads\/2024\/03\/Mo-da-trang-Suoi-Lau-4-1024x768-1-768x576.jpg 768w, https:\/\/phutai.com.vn\/wp-content\/uploads\/2024\/03\/Mo-da-trang-Suoi-Lau-4-1024x768-1-16x12.jpg 16w\" sizes=\"auto, (max-width: 1024px) 100vw, 1024px\" \/><\/figure>\n\n\n\n<h3 class=\"wp-block-heading\">H\u00ecnh \u1ea3nh ch\u1ebf bi\u1ebfn t\u1ea1i nh\u00e0 m\u00e1y<\/h3>\n\n\n\n<figure class=\"wp-block-image size-full\"><img loading=\"lazy\" decoding=\"async\" width=\"1024\" height=\"504\" src=\"https:\/\/phutai.com.vn\/wp-content\/uploads\/2024\/03\/image-20.png\" alt=\"\" class=\"wp-image-4484\" srcset=\"https:\/\/phutai.com.vn\/wp-content\/uploads\/2024\/03\/image-20.png 1024w, https:\/\/phutai.com.vn\/wp-content\/uploads\/2024\/03\/image-20-768x378.png 768w, https:\/\/phutai.com.vn\/wp-content\/uploads\/2024\/03\/image-20-18x9.png 18w\" sizes=\"auto, (max-width: 1024px) 100vw, 1024px\" \/><\/figure>\n\n\n\n<figure class=\"wp-block-image size-full\"><img loading=\"lazy\" decoding=\"async\" width=\"1024\" height=\"466\" src=\"https:\/\/phutai.com.vn\/wp-content\/uploads\/2024\/03\/image-21.png\" alt=\"\" class=\"wp-image-4485\" srcset=\"https:\/\/phutai.com.vn\/wp-content\/uploads\/2024\/03\/image-21.png 1024w, https:\/\/phutai.com.vn\/wp-content\/uploads\/2024\/03\/image-21-768x350.png 768w, https:\/\/phutai.com.vn\/wp-content\/uploads\/2024\/03\/image-21-18x8.png 18w\" sizes=\"auto, (max-width: 1024px) 100vw, 1024px\" \/><\/figure>\n\n\n\n<figure class=\"wp-block-image size-full\"><img loading=\"lazy\" decoding=\"async\" width=\"1000\" height=\"750\" src=\"https:\/\/phutai.com.vn\/wp-content\/uploads\/2024\/03\/image-22.png\" alt=\"\" class=\"wp-image-4486\" srcset=\"https:\/\/phutai.com.vn\/wp-content\/uploads\/2024\/03\/image-22.png 1000w, https:\/\/phutai.com.vn\/wp-content\/uploads\/2024\/03\/image-22-768x576.png 768w, https:\/\/phutai.com.vn\/wp-content\/uploads\/2024\/03\/image-22-16x12.png 16w\" sizes=\"auto, (max-width: 1000px) 100vw, 1000px\" \/><\/figure>\n\n\n\n<figure class=\"wp-block-image size-full is-resized\"><img loading=\"lazy\" decoding=\"async\" width=\"1024\" height=\"576\" src=\"https:\/\/phutai.com.vn\/wp-content\/uploads\/2024\/03\/image-23.png\" alt=\"\" class=\"wp-image-4487\" style=\"width:840px;height:auto\" srcset=\"https:\/\/phutai.com.vn\/wp-content\/uploads\/2024\/03\/image-23.png 1024w, https:\/\/phutai.com.vn\/wp-content\/uploads\/2024\/03\/image-23-768x432.png 768w, https:\/\/phutai.com.vn\/wp-content\/uploads\/2024\/03\/image-23-18x10.png 18w\" sizes=\"auto, (max-width: 1024px) 100vw, 1024px\" \/><\/figure>\n\n\n\n<figure class=\"wp-block-image size-full\"><img loading=\"lazy\" decoding=\"async\" width=\"1024\" height=\"465\" src=\"https:\/\/phutai.com.vn\/wp-content\/uploads\/2024\/03\/image-24.png\" alt=\"\" class=\"wp-image-4488\" srcset=\"https:\/\/phutai.com.vn\/wp-content\/uploads\/2024\/03\/image-24.png 1024w, https:\/\/phutai.com.vn\/wp-content\/uploads\/2024\/03\/image-24-768x349.png 768w, https:\/\/phutai.com.vn\/wp-content\/uploads\/2024\/03\/image-24-18x8.png 18w\" sizes=\"auto, (max-width: 1024px) 100vw, 1024px\" \/><\/figure>\n\n\n\n<figure class=\"wp-block-image size-full\"><img loading=\"lazy\" decoding=\"async\" width=\"1024\" height=\"460\" src=\"https:\/\/phutai.com.vn\/wp-content\/uploads\/2024\/03\/image-25.png\" alt=\"\" class=\"wp-image-4489\" srcset=\"https:\/\/phutai.com.vn\/wp-content\/uploads\/2024\/03\/image-25.png 1024w, https:\/\/phutai.com.vn\/wp-content\/uploads\/2024\/03\/image-25-768x345.png 768w, https:\/\/phutai.com.vn\/wp-content\/uploads\/2024\/03\/image-25-18x8.png 18w\" sizes=\"auto, (max-width: 1024px) 100vw, 1024px\" \/><\/figure>\n\n\n\n<figure class=\"wp-block-image size-full\"><img loading=\"lazy\" decoding=\"async\" width=\"1000\" height=\"664\" src=\"https:\/\/phutai.com.vn\/wp-content\/uploads\/2024\/03\/image-26.png\" alt=\"\" class=\"wp-image-4490\" srcset=\"https:\/\/phutai.com.vn\/wp-content\/uploads\/2024\/03\/image-26.png 1000w, https:\/\/phutai.com.vn\/wp-content\/uploads\/2024\/03\/image-26-768x510.png 768w, https:\/\/phutai.com.vn\/wp-content\/uploads\/2024\/03\/image-26-18x12.png 18w\" sizes=\"auto, (max-width: 1000px) 100vw, 1000px\" \/><\/figure>\n\n\n\n<figure class=\"wp-block-image size-full\"><img loading=\"lazy\" decoding=\"async\" width=\"1024\" height=\"464\" src=\"https:\/\/phutai.com.vn\/wp-content\/uploads\/2024\/03\/image-27.png\" alt=\"\" class=\"wp-image-4492\" srcset=\"https:\/\/phutai.com.vn\/wp-content\/uploads\/2024\/03\/image-27.png 1024w, https:\/\/phutai.com.vn\/wp-content\/uploads\/2024\/03\/image-27-768x348.png 768w, https:\/\/phutai.com.vn\/wp-content\/uploads\/2024\/03\/image-27-18x8.png 18w\" sizes=\"auto, (max-width: 1024px) 100vw, 1024px\" \/><\/figure>\n\n\n\n<figure class=\"wp-block-image size-full\"><img loading=\"lazy\" decoding=\"async\" width=\"1024\" height=\"462\" src=\"https:\/\/phutai.com.vn\/wp-content\/uploads\/2024\/03\/image-28.png\" alt=\"\" class=\"wp-image-4493\" srcset=\"https:\/\/phutai.com.vn\/wp-content\/uploads\/2024\/03\/image-28.png 1024w, https:\/\/phutai.com.vn\/wp-content\/uploads\/2024\/03\/image-28-768x347.png 768w, https:\/\/phutai.com.vn\/wp-content\/uploads\/2024\/03\/image-28-18x8.png 18w\" sizes=\"auto, (max-width: 1024px) 100vw, 1024px\" \/><\/figure>\n\n\n\n<figure class=\"wp-block-image size-full\"><img loading=\"lazy\" decoding=\"async\" width=\"1024\" height=\"459\" src=\"https:\/\/phutai.com.vn\/wp-content\/uploads\/2024\/03\/image-29.png\" alt=\"\" class=\"wp-image-4494\" srcset=\"https:\/\/phutai.com.vn\/wp-content\/uploads\/2024\/03\/image-29.png 1024w, https:\/\/phutai.com.vn\/wp-content\/uploads\/2024\/03\/image-29-768x344.png 768w, https:\/\/phutai.com.vn\/wp-content\/uploads\/2024\/03\/image-29-18x8.png 18w\" sizes=\"auto, (max-width: 1024px) 100vw, 1024px\" \/><\/figure>\n\n\n\n<figure class=\"wp-block-image size-full\"><img loading=\"lazy\" decoding=\"async\" width=\"1000\" height=\"664\" src=\"https:\/\/phutai.com.vn\/wp-content\/uploads\/2024\/03\/Xi-nghiep-380-Chi-nhanh-cong-ty-co-phan-Phu-Tai-11.jpg\" alt=\"\" class=\"wp-image-4505\" srcset=\"https:\/\/phutai.com.vn\/wp-content\/uploads\/2024\/03\/Xi-nghiep-380-Chi-nhanh-cong-ty-co-phan-Phu-Tai-11.jpg 1000w, https:\/\/phutai.com.vn\/wp-content\/uploads\/2024\/03\/Xi-nghiep-380-Chi-nhanh-cong-ty-co-phan-Phu-Tai-11-768x510.jpg 768w, https:\/\/phutai.com.vn\/wp-content\/uploads\/2024\/03\/Xi-nghiep-380-Chi-nhanh-cong-ty-co-phan-Phu-Tai-11-18x12.jpg 18w\" sizes=\"auto, (max-width: 1000px) 100vw, 1000px\" \/><\/figure>\n\n\n\n<figure class=\"wp-block-image size-full\"><img loading=\"lazy\" decoding=\"async\" width=\"1000\" height=\"750\" src=\"https:\/\/phutai.com.vn\/wp-content\/uploads\/2024\/03\/Xi-nghiep-380-Chi-nhanh-cong-ty-co-phan-Phu-Tai-12.jpg\" alt=\"\" class=\"wp-image-4506\" srcset=\"https:\/\/phutai.com.vn\/wp-content\/uploads\/2024\/03\/Xi-nghiep-380-Chi-nhanh-cong-ty-co-phan-Phu-Tai-12.jpg 1000w, https:\/\/phutai.com.vn\/wp-content\/uploads\/2024\/03\/Xi-nghiep-380-Chi-nhanh-cong-ty-co-phan-Phu-Tai-12-768x576.jpg 768w, https:\/\/phutai.com.vn\/wp-content\/uploads\/2024\/03\/Xi-nghiep-380-Chi-nhanh-cong-ty-co-phan-Phu-Tai-12-16x12.jpg 16w\" sizes=\"auto, (max-width: 1000px) 100vw, 1000px\" \/><\/figure>\n\n\n\n<figure class=\"wp-block-image size-full\"><img loading=\"lazy\" decoding=\"async\" width=\"1000\" height=\"750\" src=\"https:\/\/phutai.com.vn\/wp-content\/uploads\/2024\/03\/Xi-nghiep-380-Chi-nhanh-cong-ty-co-phan-Phu-Tai-13.jpg\" alt=\"\" class=\"wp-image-4507\" srcset=\"https:\/\/phutai.com.vn\/wp-content\/uploads\/2024\/03\/Xi-nghiep-380-Chi-nhanh-cong-ty-co-phan-Phu-Tai-13.jpg 1000w, https:\/\/phutai.com.vn\/wp-content\/uploads\/2024\/03\/Xi-nghiep-380-Chi-nhanh-cong-ty-co-phan-Phu-Tai-13-768x576.jpg 768w, https:\/\/phutai.com.vn\/wp-content\/uploads\/2024\/03\/Xi-nghiep-380-Chi-nhanh-cong-ty-co-phan-Phu-Tai-13-16x12.jpg 16w\" sizes=\"auto, (max-width: 1000px) 100vw, 1000px\" \/><\/figure>\n\n\n\n<figure class=\"wp-block-image size-full\"><img loading=\"lazy\" decoding=\"async\" width=\"1000\" height=\"750\" src=\"https:\/\/phutai.com.vn\/wp-content\/uploads\/2024\/03\/Xi-nghiep-380-Chi-nhanh-cong-ty-co-phan-Phu-Tai-14.jpg\" alt=\"\" class=\"wp-image-4508\" srcset=\"https:\/\/phutai.com.vn\/wp-content\/uploads\/2024\/03\/Xi-nghiep-380-Chi-nhanh-cong-ty-co-phan-Phu-Tai-14.jpg 1000w, https:\/\/phutai.com.vn\/wp-content\/uploads\/2024\/03\/Xi-nghiep-380-Chi-nhanh-cong-ty-co-phan-Phu-Tai-14-768x576.jpg 768w, https:\/\/phutai.com.vn\/wp-content\/uploads\/2024\/03\/Xi-nghiep-380-Chi-nhanh-cong-ty-co-phan-Phu-Tai-14-16x12.jpg 16w\" sizes=\"auto, (max-width: 1000px) 100vw, 1000px\" \/><\/figure>\n\n\n\n<figure class=\"wp-block-image size-full\"><img loading=\"lazy\" decoding=\"async\" width=\"1024\" height=\"680\" src=\"https:\/\/phutai.com.vn\/wp-content\/uploads\/2024\/03\/Xi-nghiep-380-Chi-nhanh-cong-ty-co-phan-Phu-Tai-15-1024x680-1.jpg\" alt=\"\" class=\"wp-image-4509\" srcset=\"https:\/\/phutai.com.vn\/wp-content\/uploads\/2024\/03\/Xi-nghiep-380-Chi-nhanh-cong-ty-co-phan-Phu-Tai-15-1024x680-1.jpg 1024w, https:\/\/phutai.com.vn\/wp-content\/uploads\/2024\/03\/Xi-nghiep-380-Chi-nhanh-cong-ty-co-phan-Phu-Tai-15-1024x680-1-768x510.jpg 768w, https:\/\/phutai.com.vn\/wp-content\/uploads\/2024\/03\/Xi-nghiep-380-Chi-nhanh-cong-ty-co-phan-Phu-Tai-15-1024x680-1-18x12.jpg 18w\" sizes=\"auto, (max-width: 1024px) 100vw, 1024px\" \/><\/figure>\n\n\n\n<h3 class=\"wp-block-heading\">T\u1ea1i sao n\u00ean l\u1ef1a ch\u1ecdn s\u1ea3n ph\u1ea9m c\u1ee7a Ph\u00fa T\u00e0i<\/h3>\n\n\n\n<ul class=\"wp-block-list\">\n<li>Ph\u00fa T\u00e0i c\u00f3 h\u01a1n 15 n\u0103m kinh nghi\u1ec7m khai th\u00e1c v\u00e0 s\u1ea3n xu\u1ea5t kinh doanh \u0111\u00e1 t\u1ef1 nhi\u00ean.<\/li>\n\n\n\n<li>Ph\u00fa T\u00e0i S\u1edf h\u1eefu m\u1ecf \u0111\u00e1 tr\u1eafng Su\u1ed1i Lau t\u1ea1i Kh\u00e1nh H\u00f2a n\u00ean n\u0103ng l\u1ef1c s\u1ea3n xu\u1ea5t l\u1edbn, ngu\u1ed3n nguy\u00ean li\u1ec7u ch\u1ee7 \u0111\u1ed9ng v\u00e0 \u1ed5n \u0111\u1ecbnh.<\/li>\n\n\n\n<li>Ph\u00fa T\u00e0i l\u00e0 nh\u00e0 s\u1ea3n xu\u1ea5t chuy\u00ean nghi\u1ec7p, tr\u1ef1c ti\u1ebfp gia c\u00f4ng, kh\u00f4ng qua trung gian th\u01b0\u01a1ng m\u1ea1i n\u00ean gi\u00e1 c\u1ea3 c\u1ea1nh tranh.<\/li>\n\n\n\n<li>Ph\u00fa T\u00e0i s\u1edf h\u1eefu nhi\u1ec1u nh\u00e0 m\u00e1y, chi nh\u00e1nh r\u1ed9ng kh\u1eafp t\u1eeb Nam \u0111\u1ebfn B\u1eafc n\u00ean chi ph\u00ed v\u00e0 th\u1eddi gian v\u1eadn chuy\u1ec3n th\u1ea5p nh\u1ea5t.<\/li>\n<\/ul>\n\n\n\n<h3 class=\"wp-block-heading\">Li\u00ean h\u1ec7<\/h3>\n\n\n\n<p>Li\u00ean h\u1ec7 NGAY \u0111\u1ec3 \u0111\u01b0\u1ee3c t\u01b0 v\u1ea5n MI\u1ec4N PH\u00cd v\u00e0 nh\u1eadn b\u00e1o gi\u00e1 T\u1ed0T NH\u1ea4T !<\/p>\n\n\n\n<p><strong>C\u00f4ng ty c\u1ed5 ph\u1ea7n Ph\u00fa T\u00e0i<\/strong><br>\u0110i\u1ec7n tho\u1ea1i :&nbsp;<a href=\"tel:02563841668\">0256 3841 668<\/a><br>Fax : 0256 3841 556<br>Email:&nbsp;<a href=\"mailto:sales@phutai.com.vn\">sales@phutai.com.vn<\/a><\/p>\n","protected":false},"excerpt":{"rendered":"<p>Gi\u1edbi thi\u1ec7u \u0110\u00e1 tr\u1eafng Su\u1ed1i Lau&nbsp;l\u00e0 m\u1ed9t lo\u1ea1i \u0111\u00e1 Granite t\u1ef1 nhi\u00ean c\u00f3 \u0111\u1eb7c t\u00ednh nh\u01b0: b\u1ec1n, ch\u1eafc, c\u1ee9ng, b\u00f3ng, c\u00f3 \u0111\u1ed9 \u0111\u1ed3ng nh\u1ea5t cao v\u1ec1 m\u00e0u s\u1eafc. \u0110\u00e1 granite tr\u1eafng Su\u1ed1i Lau th\u01b0\u1eddng \u0111\u01b0\u1ee3c s\u1eed d\u1ee5ng cho c\u00e1c c\u00f4ng tr\u00ecnh ph\u1ea3i ch\u1ecbu nhi\u1ec1u t\u00e1c \u0111\u1ed9ng t\u1eeb ngo\u1ea1i l\u1ef1c nh\u01b0: M\u1eb7t ti\u1ec1n, m\u1eb7t b\u00e0n, c\u1ea7u [&hellip;]<\/p>\n","protected":false},"author":1,"featured_media":4550,"menu_order":0,"comment_status":"open","ping_status":"open","template":"","format":"standard","meta":{"footnotes":""},"category-product":[39,36],"class_list":["post-4549","product","type-product","status-publish","format-standard","has-post-thumbnail","hentry","category-product-granite-viet-nam","category-product-san-pham-da-tu-nhien"],"acf":[],"yoast_head":"<!-- This site is optimized with the Yoast SEO plugin v24.7 - https:\/\/yoast.com\/wordpress\/plugins\/seo\/ -->\n<title>\u0110\u00e1 Tr\u1eafng Su\u1ed1i Lau - Ph\u00fa T\u00e0i JSC<\/title>\n<meta name=\"robots\" content=\"index, follow, max-snippet:-1, max-image-preview:large, max-video-preview:-1\" \/>\n<link rel=\"canonical\" href=\"https:\/\/phutai.com.vn\/en\/product\/da-trang-suoi-lau\/\" \/>\n<meta property=\"og:locale\" content=\"en_US\" \/>\n<meta property=\"og:type\" content=\"article\" \/>\n<meta property=\"og:title\" content=\"\u0110\u00e1 Tr\u1eafng Su\u1ed1i Lau - Ph\u00fa T\u00e0i JSC\" \/>\n<meta property=\"og:description\" content=\"Gi\u1edbi thi\u1ec7u \u0110\u00e1 tr\u1eafng Su\u1ed1i Lau&nbsp;l\u00e0 m\u1ed9t lo\u1ea1i \u0111\u00e1 Granite t\u1ef1 nhi\u00ean c\u00f3 \u0111\u1eb7c t\u00ednh nh\u01b0: b\u1ec1n, ch\u1eafc, c\u1ee9ng, b\u00f3ng, c\u00f3 \u0111\u1ed9 \u0111\u1ed3ng nh\u1ea5t cao v\u1ec1 m\u00e0u s\u1eafc. \u0110\u00e1 granite tr\u1eafng Su\u1ed1i Lau th\u01b0\u1eddng \u0111\u01b0\u1ee3c s\u1eed d\u1ee5ng cho c\u00e1c c\u00f4ng tr\u00ecnh ph\u1ea3i ch\u1ecbu nhi\u1ec1u t\u00e1c \u0111\u1ed9ng t\u1eeb ngo\u1ea1i l\u1ef1c nh\u01b0: M\u1eb7t ti\u1ec1n, m\u1eb7t b\u00e0n, c\u1ea7u [&hellip;]\" \/>\n<meta property=\"og:url\" content=\"https:\/\/phutai.com.vn\/en\/product\/da-trang-suoi-lau\/\" \/>\n<meta property=\"og:site_name\" content=\"Ph\u00fa T\u00e0i JSC\" \/>\n<meta property=\"article:publisher\" content=\"https:\/\/www.facebook.com\/phutai.jointstockcompany\" \/>\n<meta property=\"article:modified_time\" content=\"2024-03-26T09:03:39+00:00\" \/>\n<meta property=\"og:image\" content=\"https:\/\/phutai.com.vn\/wp-content\/uploads\/2024\/03\/Trang-suoi-lau-granite.png\" \/>\n\t<meta property=\"og:image:width\" content=\"1000\" \/>\n\t<meta property=\"og:image:height\" content=\"1000\" \/>\n\t<meta property=\"og:image:type\" content=\"image\/png\" \/>\n<meta name=\"twitter:card\" content=\"summary_large_image\" \/>\n<meta name=\"twitter:label1\" content=\"Est. reading time\" \/>\n\t<meta name=\"twitter:data1\" content=\"6 minutes\" \/>\n<script type=\"application\/ld+json\" class=\"yoast-schema-graph\">{\"@context\":\"https:\/\/schema.org\",\"@graph\":[{\"@type\":\"WebPage\",\"@id\":\"https:\/\/phutai.com.vn\/product\/da-trang-suoi-lau\/\",\"url\":\"https:\/\/phutai.com.vn\/product\/da-trang-suoi-lau\/\",\"name\":\"\u0110\u00e1 Tr\u1eafng Su\u1ed1i Lau - Ph\u00fa T\u00e0i JSC\",\"isPartOf\":{\"@id\":\"https:\/\/phutai.com.vn\/#website\"},\"primaryImageOfPage\":{\"@id\":\"https:\/\/phutai.com.vn\/product\/da-trang-suoi-lau\/#primaryimage\"},\"image\":{\"@id\":\"https:\/\/phutai.com.vn\/product\/da-trang-suoi-lau\/#primaryimage\"},\"thumbnailUrl\":\"https:\/\/phutai.com.vn\/wp-content\/uploads\/2024\/03\/Trang-suoi-lau-granite.png\",\"datePublished\":\"2024-03-26T08:52:15+00:00\",\"dateModified\":\"2024-03-26T09:03:39+00:00\",\"breadcrumb\":{\"@id\":\"https:\/\/phutai.com.vn\/product\/da-trang-suoi-lau\/#breadcrumb\"},\"inLanguage\":\"en-US\",\"potentialAction\":[{\"@type\":\"ReadAction\",\"target\":[\"https:\/\/phutai.com.vn\/product\/da-trang-suoi-lau\/\"]}]},{\"@type\":\"ImageObject\",\"inLanguage\":\"en-US\",\"@id\":\"https:\/\/phutai.com.vn\/product\/da-trang-suoi-lau\/#primaryimage\",\"url\":\"https:\/\/phutai.com.vn\/wp-content\/uploads\/2024\/03\/Trang-suoi-lau-granite.png\",\"contentUrl\":\"https:\/\/phutai.com.vn\/wp-content\/uploads\/2024\/03\/Trang-suoi-lau-granite.png\",\"width\":1000,\"height\":1000},{\"@type\":\"BreadcrumbList\",\"@id\":\"https:\/\/phutai.com.vn\/product\/da-trang-suoi-lau\/#breadcrumb\",\"itemListElement\":[{\"@type\":\"ListItem\",\"position\":1,\"name\":\"Home\",\"item\":\"https:\/\/phutai.com.vn\/\"},{\"@type\":\"ListItem\",\"position\":2,\"name\":\"\u0110\u00e1 Tr\u1eafng Su\u1ed1i Lau\"}]},{\"@type\":\"WebSite\",\"@id\":\"https:\/\/phutai.com.vn\/#website\",\"url\":\"https:\/\/phutai.com.vn\/\",\"name\":\"Ph\u00fa T\u00e0i JSC\",\"description\":\"\",\"publisher\":{\"@id\":\"https:\/\/phutai.com.vn\/#organization\"},\"potentialAction\":[{\"@type\":\"SearchAction\",\"target\":{\"@type\":\"EntryPoint\",\"urlTemplate\":\"https:\/\/phutai.com.vn\/?s={search_term_string}\"},\"query-input\":{\"@type\":\"PropertyValueSpecification\",\"valueRequired\":true,\"valueName\":\"search_term_string\"}}],\"inLanguage\":\"en-US\"},{\"@type\":\"Organization\",\"@id\":\"https:\/\/phutai.com.vn\/#organization\",\"name\":\"Ph\u00fa T\u00e0i JSC\",\"url\":\"https:\/\/phutai.com.vn\/\",\"logo\":{\"@type\":\"ImageObject\",\"inLanguage\":\"en-US\",\"@id\":\"https:\/\/phutai.com.vn\/#\/schema\/logo\/image\/\",\"url\":\"https:\/\/phutai.com.vn\/wp-content\/uploads\/2026\/01\/phutai-logo-tachnen.png\",\"contentUrl\":\"https:\/\/phutai.com.vn\/wp-content\/uploads\/2026\/01\/phutai-logo-tachnen.png\",\"width\":500,\"height\":327,\"caption\":\"Ph\u00fa T\u00e0i JSC\"},\"image\":{\"@id\":\"https:\/\/phutai.com.vn\/#\/schema\/logo\/image\/\"},\"sameAs\":[\"https:\/\/www.facebook.com\/phutai.jointstockcompany\"]}]}<\/script>\n<!-- \/ Yoast SEO plugin. -->","yoast_head_json":{"title":"\u0110\u00e1 Tr\u1eafng Su\u1ed1i Lau - Ph\u00fa T\u00e0i JSC","robots":{"index":"index","follow":"follow","max-snippet":"max-snippet:-1","max-image-preview":"max-image-preview:large","max-video-preview":"max-video-preview:-1"},"canonical":"https:\/\/phutai.com.vn\/en\/product\/da-trang-suoi-lau\/","og_locale":"en_US","og_type":"article","og_title":"\u0110\u00e1 Tr\u1eafng Su\u1ed1i Lau - Ph\u00fa T\u00e0i JSC","og_description":"Gi\u1edbi thi\u1ec7u \u0110\u00e1 tr\u1eafng Su\u1ed1i Lau&nbsp;l\u00e0 m\u1ed9t lo\u1ea1i \u0111\u00e1 Granite t\u1ef1 nhi\u00ean c\u00f3 \u0111\u1eb7c t\u00ednh nh\u01b0: b\u1ec1n, ch\u1eafc, c\u1ee9ng, b\u00f3ng, c\u00f3 \u0111\u1ed9 \u0111\u1ed3ng nh\u1ea5t cao v\u1ec1 m\u00e0u s\u1eafc. \u0110\u00e1 granite tr\u1eafng Su\u1ed1i Lau th\u01b0\u1eddng \u0111\u01b0\u1ee3c s\u1eed d\u1ee5ng cho c\u00e1c c\u00f4ng tr\u00ecnh ph\u1ea3i ch\u1ecbu nhi\u1ec1u t\u00e1c \u0111\u1ed9ng t\u1eeb ngo\u1ea1i l\u1ef1c nh\u01b0: M\u1eb7t ti\u1ec1n, m\u1eb7t b\u00e0n, c\u1ea7u [&hellip;]","og_url":"https:\/\/phutai.com.vn\/en\/product\/da-trang-suoi-lau\/","og_site_name":"Ph\u00fa T\u00e0i JSC","article_publisher":"https:\/\/www.facebook.com\/phutai.jointstockcompany","article_modified_time":"2024-03-26T09:03:39+00:00","og_image":[{"width":1000,"height":1000,"url":"https:\/\/phutai.com.vn\/wp-content\/uploads\/2024\/03\/Trang-suoi-lau-granite.png","type":"image\/png"}],"twitter_card":"summary_large_image","twitter_misc":{"Est. reading time":"6 minutes"},"schema":{"@context":"https:\/\/schema.org","@graph":[{"@type":"WebPage","@id":"https:\/\/phutai.com.vn\/product\/da-trang-suoi-lau\/","url":"https:\/\/phutai.com.vn\/product\/da-trang-suoi-lau\/","name":"\u0110\u00e1 Tr\u1eafng Su\u1ed1i Lau - Ph\u00fa T\u00e0i JSC","isPartOf":{"@id":"https:\/\/phutai.com.vn\/#website"},"primaryImageOfPage":{"@id":"https:\/\/phutai.com.vn\/product\/da-trang-suoi-lau\/#primaryimage"},"image":{"@id":"https:\/\/phutai.com.vn\/product\/da-trang-suoi-lau\/#primaryimage"},"thumbnailUrl":"https:\/\/phutai.com.vn\/wp-content\/uploads\/2024\/03\/Trang-suoi-lau-granite.png","datePublished":"2024-03-26T08:52:15+00:00","dateModified":"2024-03-26T09:03:39+00:00","breadcrumb":{"@id":"https:\/\/phutai.com.vn\/product\/da-trang-suoi-lau\/#breadcrumb"},"inLanguage":"en-US","potentialAction":[{"@type":"ReadAction","target":["https:\/\/phutai.com.vn\/product\/da-trang-suoi-lau\/"]}]},{"@type":"ImageObject","inLanguage":"en-US","@id":"https:\/\/phutai.com.vn\/product\/da-trang-suoi-lau\/#primaryimage","url":"https:\/\/phutai.com.vn\/wp-content\/uploads\/2024\/03\/Trang-suoi-lau-granite.png","contentUrl":"https:\/\/phutai.com.vn\/wp-content\/uploads\/2024\/03\/Trang-suoi-lau-granite.png","width":1000,"height":1000},{"@type":"BreadcrumbList","@id":"https:\/\/phutai.com.vn\/product\/da-trang-suoi-lau\/#breadcrumb","itemListElement":[{"@type":"ListItem","position":1,"name":"Home","item":"https:\/\/phutai.com.vn\/"},{"@type":"ListItem","position":2,"name":"\u0110\u00e1 Tr\u1eafng Su\u1ed1i Lau"}]},{"@type":"WebSite","@id":"https:\/\/phutai.com.vn\/#website","url":"https:\/\/phutai.com.vn\/","name":"Ph\u00fa T\u00e0i JSC","description":"","publisher":{"@id":"https:\/\/phutai.com.vn\/#organization"},"potentialAction":[{"@type":"SearchAction","target":{"@type":"EntryPoint","urlTemplate":"https:\/\/phutai.com.vn\/?s={search_term_string}"},"query-input":{"@type":"PropertyValueSpecification","valueRequired":true,"valueName":"search_term_string"}}],"inLanguage":"en-US"},{"@type":"Organization","@id":"https:\/\/phutai.com.vn\/#organization","name":"Ph\u00fa T\u00e0i JSC","url":"https:\/\/phutai.com.vn\/","logo":{"@type":"ImageObject","inLanguage":"en-US","@id":"https:\/\/phutai.com.vn\/#\/schema\/logo\/image\/","url":"https:\/\/phutai.com.vn\/wp-content\/uploads\/2026\/01\/phutai-logo-tachnen.png","contentUrl":"https:\/\/phutai.com.vn\/wp-content\/uploads\/2026\/01\/phutai-logo-tachnen.png","width":500,"height":327,"caption":"Ph\u00fa T\u00e0i JSC"},"image":{"@id":"https:\/\/phutai.com.vn\/#\/schema\/logo\/image\/"},"sameAs":["https:\/\/www.facebook.com\/phutai.jointstockcompany"]}]}},"_links":{"self":[{"href":"https:\/\/phutai.com.vn\/en\/wp-json\/wp\/v2\/product\/4549","targetHints":{"allow":["GET"]}}],"collection":[{"href":"https:\/\/phutai.com.vn\/en\/wp-json\/wp\/v2\/product"}],"about":[{"href":"https:\/\/phutai.com.vn\/en\/wp-json\/wp\/v2\/types\/product"}],"author":[{"embeddable":true,"href":"https:\/\/phutai.com.vn\/en\/wp-json\/wp\/v2\/users\/1"}],"replies":[{"embeddable":true,"href":"https:\/\/phutai.com.vn\/en\/wp-json\/wp\/v2\/comments?post=4549"}],"version-history":[{"count":3,"href":"https:\/\/phutai.com.vn\/en\/wp-json\/wp\/v2\/product\/4549\/revisions"}],"predecessor-version":[{"id":4560,"href":"https:\/\/phutai.com.vn\/en\/wp-json\/wp\/v2\/product\/4549\/revisions\/4560"}],"wp:featuredmedia":[{"embeddable":true,"href":"https:\/\/phutai.com.vn\/en\/wp-json\/wp\/v2\/media\/4550"}],"wp:attachment":[{"href":"https:\/\/phutai.com.vn\/en\/wp-json\/wp\/v2\/media?parent=4549"}],"wp:term":[{"taxonomy":"category-product","embeddable":true,"href":"https:\/\/phutai.com.vn\/en\/wp-json\/wp\/v2\/category-product?post=4549"}],"curies":[{"name":"wp","href":"https:\/\/api.w.org\/{rel}","templated":true}]}}