{"id":4623,"date":"2024-03-26T10:04:16","date_gmt":"2024-03-26T10:04:16","guid":{"rendered":"https:\/\/phutai.com.vn\/?post_type=product&#038;p=4623"},"modified":"2024-03-26T10:05:09","modified_gmt":"2024-03-26T10:05:09","slug":"da-trang-marble-yen-bai","status":"publish","type":"product","link":"https:\/\/phutai.com.vn\/en\/product\/da-trang-marble-yen-bai\/","title":{"rendered":"\u0110\u00e1 tr\u1eafng marble Y\u00ean B\u00e1i"},"content":{"rendered":"\n<h3 class=\"wp-block-heading\">H\u00ecnh \u1ea3nh \u0111\u00e1 tr\u1eafng Y\u00ean B\u00e1i v\u00e2n m\u00e2y<\/h3>\n\n\n\n<figure class=\"wp-block-image size-full\"><img loading=\"lazy\" decoding=\"async\" width=\"1280\" height=\"960\" src=\"https:\/\/phutai.com.vn\/wp-content\/uploads\/2024\/03\/Mo-da-trang-Yen-Bai-Granida-22-1.jpg\" alt=\"\" class=\"wp-image-4613\" srcset=\"https:\/\/phutai.com.vn\/wp-content\/uploads\/2024\/03\/Mo-da-trang-Yen-Bai-Granida-22-1.jpg 1280w, https:\/\/phutai.com.vn\/wp-content\/uploads\/2024\/03\/Mo-da-trang-Yen-Bai-Granida-22-1-768x576.jpg 768w, https:\/\/phutai.com.vn\/wp-content\/uploads\/2024\/03\/Mo-da-trang-Yen-Bai-Granida-22-1-16x12.jpg 16w\" sizes=\"auto, (max-width: 1280px) 100vw, 1280px\" \/><\/figure>\n\n\n\n<figure class=\"wp-block-image size-full\"><img loading=\"lazy\" decoding=\"async\" width=\"1280\" height=\"960\" src=\"https:\/\/phutai.com.vn\/wp-content\/uploads\/2024\/03\/Mo-da-trang-Yen-Bai-Granida-17.jpg\" alt=\"\" class=\"wp-image-4611\" srcset=\"https:\/\/phutai.com.vn\/wp-content\/uploads\/2024\/03\/Mo-da-trang-Yen-Bai-Granida-17.jpg 1280w, https:\/\/phutai.com.vn\/wp-content\/uploads\/2024\/03\/Mo-da-trang-Yen-Bai-Granida-17-768x576.jpg 768w, https:\/\/phutai.com.vn\/wp-content\/uploads\/2024\/03\/Mo-da-trang-Yen-Bai-Granida-17-16x12.jpg 16w\" sizes=\"auto, (max-width: 1280px) 100vw, 1280px\" \/><\/figure>\n\n\n\n<figure class=\"wp-block-image size-full\"><img loading=\"lazy\" decoding=\"async\" width=\"1280\" height=\"960\" src=\"https:\/\/phutai.com.vn\/wp-content\/uploads\/2024\/03\/Mo-da-trang-Yen-Bai-Granida-21.jpg\" alt=\"\" class=\"wp-image-4612\" srcset=\"https:\/\/phutai.com.vn\/wp-content\/uploads\/2024\/03\/Mo-da-trang-Yen-Bai-Granida-21.jpg 1280w, https:\/\/phutai.com.vn\/wp-content\/uploads\/2024\/03\/Mo-da-trang-Yen-Bai-Granida-21-768x576.jpg 768w, https:\/\/phutai.com.vn\/wp-content\/uploads\/2024\/03\/Mo-da-trang-Yen-Bai-Granida-21-16x12.jpg 16w\" sizes=\"auto, (max-width: 1280px) 100vw, 1280px\" \/><\/figure>\n\n\n\n<figure class=\"wp-block-image size-full\"><img loading=\"lazy\" decoding=\"async\" width=\"1280\" height=\"960\" src=\"https:\/\/phutai.com.vn\/wp-content\/uploads\/2024\/03\/Mo-da-trang-Yen-Bai-Granida-32.jpg\" alt=\"\" class=\"wp-image-4614\" srcset=\"https:\/\/phutai.com.vn\/wp-content\/uploads\/2024\/03\/Mo-da-trang-Yen-Bai-Granida-32.jpg 1280w, https:\/\/phutai.com.vn\/wp-content\/uploads\/2024\/03\/Mo-da-trang-Yen-Bai-Granida-32-768x576.jpg 768w, https:\/\/phutai.com.vn\/wp-content\/uploads\/2024\/03\/Mo-da-trang-Yen-Bai-Granida-32-16x12.jpg 16w\" sizes=\"auto, (max-width: 1280px) 100vw, 1280px\" \/><\/figure>\n\n\n\n<h3 class=\"wp-block-heading\">H\u00ecnh \u1ea3nh ch\u1ebf bi\u1ebfn t\u1ea1i nh\u00e0 m\u00e1y<\/h3>\n\n\n\n<figure class=\"wp-block-image size-full\"><img loading=\"lazy\" decoding=\"async\" width=\"1024\" height=\"504\" src=\"https:\/\/phutai.com.vn\/wp-content\/uploads\/2024\/03\/image-20.png\" alt=\"\" class=\"wp-image-4484\" srcset=\"https:\/\/phutai.com.vn\/wp-content\/uploads\/2024\/03\/image-20.png 1024w, https:\/\/phutai.com.vn\/wp-content\/uploads\/2024\/03\/image-20-768x378.png 768w, https:\/\/phutai.com.vn\/wp-content\/uploads\/2024\/03\/image-20-18x9.png 18w\" sizes=\"auto, (max-width: 1024px) 100vw, 1024px\" \/><\/figure>\n\n\n\n<figure class=\"wp-block-image size-full\"><img loading=\"lazy\" decoding=\"async\" width=\"1024\" height=\"466\" src=\"https:\/\/phutai.com.vn\/wp-content\/uploads\/2024\/03\/image-21.png\" alt=\"\" class=\"wp-image-4485\" srcset=\"https:\/\/phutai.com.vn\/wp-content\/uploads\/2024\/03\/image-21.png 1024w, https:\/\/phutai.com.vn\/wp-content\/uploads\/2024\/03\/image-21-768x350.png 768w, https:\/\/phutai.com.vn\/wp-content\/uploads\/2024\/03\/image-21-18x8.png 18w\" sizes=\"auto, (max-width: 1024px) 100vw, 1024px\" \/><\/figure>\n\n\n\n<figure class=\"wp-block-image size-full\"><img loading=\"lazy\" decoding=\"async\" width=\"2560\" height=\"1912\" src=\"https:\/\/phutai.com.vn\/wp-content\/uploads\/2024\/03\/da-trang-marble-yen-bai-1-scaled.jpg\" alt=\"\" class=\"wp-image-4615\" srcset=\"https:\/\/phutai.com.vn\/wp-content\/uploads\/2024\/03\/da-trang-marble-yen-bai-1-scaled.jpg 2560w, https:\/\/phutai.com.vn\/wp-content\/uploads\/2024\/03\/da-trang-marble-yen-bai-1-768x574.jpg 768w, https:\/\/phutai.com.vn\/wp-content\/uploads\/2024\/03\/da-trang-marble-yen-bai-1-1536x1147.jpg 1536w, https:\/\/phutai.com.vn\/wp-content\/uploads\/2024\/03\/da-trang-marble-yen-bai-1-2048x1530.jpg 2048w, https:\/\/phutai.com.vn\/wp-content\/uploads\/2024\/03\/da-trang-marble-yen-bai-1-16x12.jpg 16w\" sizes=\"auto, (max-width: 2560px) 100vw, 2560px\" \/><\/figure>\n\n\n\n<figure class=\"wp-block-image size-full\"><img loading=\"lazy\" decoding=\"async\" width=\"2560\" height=\"2560\" src=\"https:\/\/phutai.com.vn\/wp-content\/uploads\/2024\/03\/da-trang-marble-yen-bai-10-scaled.jpg\" alt=\"\" class=\"wp-image-4616\" srcset=\"https:\/\/phutai.com.vn\/wp-content\/uploads\/2024\/03\/da-trang-marble-yen-bai-10-scaled.jpg 2560w, https:\/\/phutai.com.vn\/wp-content\/uploads\/2024\/03\/da-trang-marble-yen-bai-10-768x768.jpg 768w, https:\/\/phutai.com.vn\/wp-content\/uploads\/2024\/03\/da-trang-marble-yen-bai-10-1536x1536.jpg 1536w, https:\/\/phutai.com.vn\/wp-content\/uploads\/2024\/03\/da-trang-marble-yen-bai-10-2048x2048.jpg 2048w, https:\/\/phutai.com.vn\/wp-content\/uploads\/2024\/03\/da-trang-marble-yen-bai-10-12x12.jpg 12w\" sizes=\"auto, (max-width: 2560px) 100vw, 2560px\" \/><\/figure>\n\n\n\n<figure class=\"wp-block-image size-full\"><img loading=\"lazy\" decoding=\"async\" width=\"2560\" height=\"2560\" src=\"https:\/\/phutai.com.vn\/wp-content\/uploads\/2024\/03\/da-trang-marble-yen-bai-7-scaled.jpg\" alt=\"\" class=\"wp-image-4617\" srcset=\"https:\/\/phutai.com.vn\/wp-content\/uploads\/2024\/03\/da-trang-marble-yen-bai-7-scaled.jpg 2560w, https:\/\/phutai.com.vn\/wp-content\/uploads\/2024\/03\/da-trang-marble-yen-bai-7-768x768.jpg 768w, https:\/\/phutai.com.vn\/wp-content\/uploads\/2024\/03\/da-trang-marble-yen-bai-7-1536x1536.jpg 1536w, https:\/\/phutai.com.vn\/wp-content\/uploads\/2024\/03\/da-trang-marble-yen-bai-7-2048x2048.jpg 2048w, https:\/\/phutai.com.vn\/wp-content\/uploads\/2024\/03\/da-trang-marble-yen-bai-7-12x12.jpg 12w\" sizes=\"auto, (max-width: 2560px) 100vw, 2560px\" \/><\/figure>\n\n\n\n<figure class=\"wp-block-image size-full\"><img loading=\"lazy\" decoding=\"async\" width=\"1000\" height=\"750\" src=\"https:\/\/phutai.com.vn\/wp-content\/uploads\/2024\/03\/image-22.png\" alt=\"\" class=\"wp-image-4486\" srcset=\"https:\/\/phutai.com.vn\/wp-content\/uploads\/2024\/03\/image-22.png 1000w, https:\/\/phutai.com.vn\/wp-content\/uploads\/2024\/03\/image-22-768x576.png 768w, https:\/\/phutai.com.vn\/wp-content\/uploads\/2024\/03\/image-22-16x12.png 16w\" sizes=\"auto, (max-width: 1000px) 100vw, 1000px\" \/><\/figure>\n\n\n\n<figure class=\"wp-block-image size-full is-resized\"><img loading=\"lazy\" decoding=\"async\" width=\"1024\" height=\"576\" src=\"https:\/\/phutai.com.vn\/wp-content\/uploads\/2024\/03\/image-23.png\" alt=\"\" class=\"wp-image-4487\" style=\"width:840px;height:auto\" srcset=\"https:\/\/phutai.com.vn\/wp-content\/uploads\/2024\/03\/image-23.png 1024w, https:\/\/phutai.com.vn\/wp-content\/uploads\/2024\/03\/image-23-768x432.png 768w, https:\/\/phutai.com.vn\/wp-content\/uploads\/2024\/03\/image-23-18x10.png 18w\" sizes=\"auto, (max-width: 1024px) 100vw, 1024px\" \/><\/figure>\n\n\n\n<figure class=\"wp-block-image size-full\"><img loading=\"lazy\" decoding=\"async\" width=\"1024\" height=\"465\" src=\"https:\/\/phutai.com.vn\/wp-content\/uploads\/2024\/03\/image-24.png\" alt=\"\" class=\"wp-image-4488\" srcset=\"https:\/\/phutai.com.vn\/wp-content\/uploads\/2024\/03\/image-24.png 1024w, https:\/\/phutai.com.vn\/wp-content\/uploads\/2024\/03\/image-24-768x349.png 768w, https:\/\/phutai.com.vn\/wp-content\/uploads\/2024\/03\/image-24-18x8.png 18w\" sizes=\"auto, (max-width: 1024px) 100vw, 1024px\" \/><\/figure>\n\n\n\n<figure class=\"wp-block-image size-full\"><img loading=\"lazy\" decoding=\"async\" width=\"1024\" height=\"460\" src=\"https:\/\/phutai.com.vn\/wp-content\/uploads\/2024\/03\/image-25.png\" alt=\"\" class=\"wp-image-4489\" srcset=\"https:\/\/phutai.com.vn\/wp-content\/uploads\/2024\/03\/image-25.png 1024w, https:\/\/phutai.com.vn\/wp-content\/uploads\/2024\/03\/image-25-768x345.png 768w, https:\/\/phutai.com.vn\/wp-content\/uploads\/2024\/03\/image-25-18x8.png 18w\" sizes=\"auto, (max-width: 1024px) 100vw, 1024px\" \/><\/figure>\n\n\n\n<figure class=\"wp-block-image size-full\"><img loading=\"lazy\" decoding=\"async\" width=\"1000\" height=\"664\" src=\"https:\/\/phutai.com.vn\/wp-content\/uploads\/2024\/03\/image-26.png\" alt=\"\" class=\"wp-image-4490\" srcset=\"https:\/\/phutai.com.vn\/wp-content\/uploads\/2024\/03\/image-26.png 1000w, https:\/\/phutai.com.vn\/wp-content\/uploads\/2024\/03\/image-26-768x510.png 768w, https:\/\/phutai.com.vn\/wp-content\/uploads\/2024\/03\/image-26-18x12.png 18w\" sizes=\"auto, (max-width: 1000px) 100vw, 1000px\" \/><\/figure>\n\n\n\n<figure class=\"wp-block-image size-full\"><img loading=\"lazy\" decoding=\"async\" width=\"1024\" height=\"464\" src=\"https:\/\/phutai.com.vn\/wp-content\/uploads\/2024\/03\/image-27.png\" alt=\"\" class=\"wp-image-4492\" srcset=\"https:\/\/phutai.com.vn\/wp-content\/uploads\/2024\/03\/image-27.png 1024w, https:\/\/phutai.com.vn\/wp-content\/uploads\/2024\/03\/image-27-768x348.png 768w, https:\/\/phutai.com.vn\/wp-content\/uploads\/2024\/03\/image-27-18x8.png 18w\" sizes=\"auto, (max-width: 1024px) 100vw, 1024px\" \/><\/figure>\n\n\n\n<figure class=\"wp-block-image size-full\"><img loading=\"lazy\" decoding=\"async\" width=\"1024\" height=\"462\" src=\"https:\/\/phutai.com.vn\/wp-content\/uploads\/2024\/03\/image-28.png\" alt=\"\" class=\"wp-image-4493\" srcset=\"https:\/\/phutai.com.vn\/wp-content\/uploads\/2024\/03\/image-28.png 1024w, https:\/\/phutai.com.vn\/wp-content\/uploads\/2024\/03\/image-28-768x347.png 768w, https:\/\/phutai.com.vn\/wp-content\/uploads\/2024\/03\/image-28-18x8.png 18w\" sizes=\"auto, (max-width: 1024px) 100vw, 1024px\" \/><\/figure>\n\n\n\n<figure class=\"wp-block-image size-full\"><img loading=\"lazy\" decoding=\"async\" width=\"1024\" height=\"459\" src=\"https:\/\/phutai.com.vn\/wp-content\/uploads\/2024\/03\/image-29.png\" alt=\"\" class=\"wp-image-4494\" srcset=\"https:\/\/phutai.com.vn\/wp-content\/uploads\/2024\/03\/image-29.png 1024w, https:\/\/phutai.com.vn\/wp-content\/uploads\/2024\/03\/image-29-768x344.png 768w, https:\/\/phutai.com.vn\/wp-content\/uploads\/2024\/03\/image-29-18x8.png 18w\" sizes=\"auto, (max-width: 1024px) 100vw, 1024px\" \/><\/figure>\n\n\n\n<figure class=\"wp-block-image size-full\"><img loading=\"lazy\" decoding=\"async\" width=\"1000\" height=\"664\" src=\"https:\/\/phutai.com.vn\/wp-content\/uploads\/2024\/03\/Xi-nghiep-380-Chi-nhanh-cong-ty-co-phan-Phu-Tai-11.jpg\" alt=\"\" class=\"wp-image-4505\" srcset=\"https:\/\/phutai.com.vn\/wp-content\/uploads\/2024\/03\/Xi-nghiep-380-Chi-nhanh-cong-ty-co-phan-Phu-Tai-11.jpg 1000w, https:\/\/phutai.com.vn\/wp-content\/uploads\/2024\/03\/Xi-nghiep-380-Chi-nhanh-cong-ty-co-phan-Phu-Tai-11-768x510.jpg 768w, https:\/\/phutai.com.vn\/wp-content\/uploads\/2024\/03\/Xi-nghiep-380-Chi-nhanh-cong-ty-co-phan-Phu-Tai-11-18x12.jpg 18w\" sizes=\"auto, (max-width: 1000px) 100vw, 1000px\" \/><\/figure>\n\n\n\n<figure class=\"wp-block-image size-full\"><img loading=\"lazy\" decoding=\"async\" width=\"1000\" height=\"750\" src=\"https:\/\/phutai.com.vn\/wp-content\/uploads\/2024\/03\/Xi-nghiep-380-Chi-nhanh-cong-ty-co-phan-Phu-Tai-12.jpg\" alt=\"\" class=\"wp-image-4506\" srcset=\"https:\/\/phutai.com.vn\/wp-content\/uploads\/2024\/03\/Xi-nghiep-380-Chi-nhanh-cong-ty-co-phan-Phu-Tai-12.jpg 1000w, https:\/\/phutai.com.vn\/wp-content\/uploads\/2024\/03\/Xi-nghiep-380-Chi-nhanh-cong-ty-co-phan-Phu-Tai-12-768x576.jpg 768w, https:\/\/phutai.com.vn\/wp-content\/uploads\/2024\/03\/Xi-nghiep-380-Chi-nhanh-cong-ty-co-phan-Phu-Tai-12-16x12.jpg 16w\" sizes=\"auto, (max-width: 1000px) 100vw, 1000px\" \/><\/figure>\n\n\n\n<figure class=\"wp-block-image size-full\"><img loading=\"lazy\" decoding=\"async\" width=\"1000\" height=\"750\" src=\"https:\/\/phutai.com.vn\/wp-content\/uploads\/2024\/03\/Xi-nghiep-380-Chi-nhanh-cong-ty-co-phan-Phu-Tai-13.jpg\" alt=\"\" class=\"wp-image-4507\" srcset=\"https:\/\/phutai.com.vn\/wp-content\/uploads\/2024\/03\/Xi-nghiep-380-Chi-nhanh-cong-ty-co-phan-Phu-Tai-13.jpg 1000w, https:\/\/phutai.com.vn\/wp-content\/uploads\/2024\/03\/Xi-nghiep-380-Chi-nhanh-cong-ty-co-phan-Phu-Tai-13-768x576.jpg 768w, https:\/\/phutai.com.vn\/wp-content\/uploads\/2024\/03\/Xi-nghiep-380-Chi-nhanh-cong-ty-co-phan-Phu-Tai-13-16x12.jpg 16w\" sizes=\"auto, (max-width: 1000px) 100vw, 1000px\" \/><\/figure>\n\n\n\n<figure class=\"wp-block-image size-full\"><img loading=\"lazy\" decoding=\"async\" width=\"1000\" height=\"750\" src=\"https:\/\/phutai.com.vn\/wp-content\/uploads\/2024\/03\/Xi-nghiep-380-Chi-nhanh-cong-ty-co-phan-Phu-Tai-14.jpg\" alt=\"\" class=\"wp-image-4508\" srcset=\"https:\/\/phutai.com.vn\/wp-content\/uploads\/2024\/03\/Xi-nghiep-380-Chi-nhanh-cong-ty-co-phan-Phu-Tai-14.jpg 1000w, https:\/\/phutai.com.vn\/wp-content\/uploads\/2024\/03\/Xi-nghiep-380-Chi-nhanh-cong-ty-co-phan-Phu-Tai-14-768x576.jpg 768w, https:\/\/phutai.com.vn\/wp-content\/uploads\/2024\/03\/Xi-nghiep-380-Chi-nhanh-cong-ty-co-phan-Phu-Tai-14-16x12.jpg 16w\" sizes=\"auto, (max-width: 1000px) 100vw, 1000px\" \/><\/figure>\n\n\n\n<figure class=\"wp-block-image size-full\"><img loading=\"lazy\" decoding=\"async\" width=\"1024\" height=\"680\" src=\"https:\/\/phutai.com.vn\/wp-content\/uploads\/2024\/03\/Xi-nghiep-380-Chi-nhanh-cong-ty-co-phan-Phu-Tai-15-1024x680-1.jpg\" alt=\"\" class=\"wp-image-4509\" srcset=\"https:\/\/phutai.com.vn\/wp-content\/uploads\/2024\/03\/Xi-nghiep-380-Chi-nhanh-cong-ty-co-phan-Phu-Tai-15-1024x680-1.jpg 1024w, https:\/\/phutai.com.vn\/wp-content\/uploads\/2024\/03\/Xi-nghiep-380-Chi-nhanh-cong-ty-co-phan-Phu-Tai-15-1024x680-1-768x510.jpg 768w, https:\/\/phutai.com.vn\/wp-content\/uploads\/2024\/03\/Xi-nghiep-380-Chi-nhanh-cong-ty-co-phan-Phu-Tai-15-1024x680-1-18x12.jpg 18w\" sizes=\"auto, (max-width: 1024px) 100vw, 1024px\" \/><\/figure>\n\n\n\n<h3 class=\"wp-block-heading\">T\u1ea1i sao l\u1ef1a ch\u1ecdn s\u1ea3n ph\u1ea9m \u0110\u00e1 tr\u1eafng marble Y\u00ean B\u00e1i c\u1ee7a Ph\u00fa T\u00e0i<\/h3>\n\n\n\n<ul class=\"wp-block-list\">\n<li>Ph\u00fa T\u00e0i c\u00f3 h\u01a1n 15 n\u0103m kinh nghi\u1ec7m khai th\u00e1c v\u00e0 s\u1ea3n xu\u1ea5t kinh doanh \u0111\u00e1 t\u1ef1 nhi\u00ean.<\/li>\n\n\n\n<li>Ph\u00fa T\u00e0i S\u1edf h\u1eefu m\u1ecf \u0111\u00e1 tr\u1eafng marble t\u1ea1i t\u1ec9nh Y\u00ean B\u00e1i n\u00ean n\u0103ng l\u1ef1c s\u1ea3n xu\u1ea5t l\u1edbn, ngu\u1ed3n nguy\u00ean li\u1ec7u ch\u1ee7 \u0111\u1ed9ng v\u00e0 \u1ed5n \u0111\u1ecbnh.<\/li>\n\n\n\n<li>Ph\u00fa T\u00e0i l\u00e0 nh\u00e0 s\u1ea3n xu\u1ea5t chuy\u00ean nghi\u1ec7p, tr\u1ef1c ti\u1ebfp gia c\u00f4ng, kh\u00f4ng qua trung gian th\u01b0\u01a1ng m\u1ea1i n\u00ean gi\u00e1 c\u1ea3 c\u1ea1nh tranh.<\/li>\n\n\n\n<li>Ph\u00fa T\u00e0i s\u1edf h\u1eefu nhi\u1ec1u nh\u00e0 m\u00e1y, chi nh\u00e1nh r\u1ed9ng kh\u1eafp t\u1eeb Nam \u0111\u1ebfn B\u1eafc n\u00ean chi ph\u00ed v\u00e0 th\u1eddi gian v\u1eadn chuy\u1ec3n th\u1ea5p nh\u1ea5t.<\/li>\n<\/ul>\n\n\n\n<h3 class=\"wp-block-heading\">Li\u00ean h\u1ec7<\/h3>\n\n\n\n<p>Li\u00ean h\u1ec7 ngay \u0111\u1ec3 \u0111\u01b0\u1ee3c t\u01b0 v\u1ea5n v\u00e0 b\u00e1o gi\u00e1 mi\u1ec5n ph\u00ed<\/p>\n\n\n\n<p><strong>C\u00f4ng ty c\u1ed5 ph\u1ea7n Ph\u00fa T\u00e0i<\/strong><br>Phone :&nbsp;<a href=\"tel:+842563841668\">+84 256 3841668<\/a><br>Fax : +84 256 3841556<br>Email:&nbsp;<a href=\"mailto:sales@phutai.com.vn\">sales@phutai.com.vn<\/a><\/p>\n","protected":false},"excerpt":{"rendered":"<p>H\u00ecnh \u1ea3nh \u0111\u00e1 tr\u1eafng Y\u00ean B\u00e1i v\u00e2n m\u00e2y H\u00ecnh \u1ea3nh ch\u1ebf bi\u1ebfn t\u1ea1i nh\u00e0 m\u00e1y T\u1ea1i sao l\u1ef1a ch\u1ecdn s\u1ea3n ph\u1ea9m \u0110\u00e1 tr\u1eafng marble Y\u00ean B\u00e1i c\u1ee7a Ph\u00fa T\u00e0i Li\u00ean h\u1ec7 Li\u00ean h\u1ec7 ngay \u0111\u1ec3 \u0111\u01b0\u1ee3c t\u01b0 v\u1ea5n v\u00e0 b\u00e1o gi\u00e1 mi\u1ec5n ph\u00ed C\u00f4ng ty c\u1ed5 ph\u1ea7n Ph\u00fa T\u00e0iPhone :&nbsp;+84 256 3841668Fax : +84 256 [&hellip;]<\/p>\n","protected":false},"author":1,"featured_media":4624,"menu_order":0,"comment_status":"open","ping_status":"open","template":"","format":"standard","meta":{"footnotes":""},"category-product":[36],"class_list":["post-4623","product","type-product","status-publish","format-standard","has-post-thumbnail","hentry","category-product-san-pham-da-tu-nhien"],"acf":[],"yoast_head":"<!-- This site is optimized with the Yoast SEO plugin v24.7 - https:\/\/yoast.com\/wordpress\/plugins\/seo\/ -->\n<title>\u0110\u00e1 tr\u1eafng marble Y\u00ean B\u00e1i - Ph\u00fa T\u00e0i JSC<\/title>\n<meta name=\"robots\" content=\"index, follow, max-snippet:-1, max-image-preview:large, max-video-preview:-1\" \/>\n<link rel=\"canonical\" href=\"https:\/\/phutai.com.vn\/en\/product\/da-trang-marble-yen-bai\/\" \/>\n<meta property=\"og:locale\" content=\"en_US\" \/>\n<meta property=\"og:type\" content=\"article\" \/>\n<meta property=\"og:title\" content=\"\u0110\u00e1 tr\u1eafng marble Y\u00ean B\u00e1i - Ph\u00fa T\u00e0i JSC\" \/>\n<meta property=\"og:description\" content=\"H\u00ecnh \u1ea3nh \u0111\u00e1 tr\u1eafng Y\u00ean B\u00e1i v\u00e2n m\u00e2y H\u00ecnh \u1ea3nh ch\u1ebf bi\u1ebfn t\u1ea1i nh\u00e0 m\u00e1y T\u1ea1i sao l\u1ef1a ch\u1ecdn s\u1ea3n ph\u1ea9m \u0110\u00e1 tr\u1eafng marble Y\u00ean B\u00e1i c\u1ee7a Ph\u00fa T\u00e0i Li\u00ean h\u1ec7 Li\u00ean h\u1ec7 ngay \u0111\u1ec3 \u0111\u01b0\u1ee3c t\u01b0 v\u1ea5n v\u00e0 b\u00e1o gi\u00e1 mi\u1ec5n ph\u00ed C\u00f4ng ty c\u1ed5 ph\u1ea7n Ph\u00fa T\u00e0iPhone :&nbsp;+84 256 3841668Fax : +84 256 [&hellip;]\" \/>\n<meta property=\"og:url\" content=\"https:\/\/phutai.com.vn\/en\/product\/da-trang-marble-yen-bai\/\" \/>\n<meta property=\"og:site_name\" content=\"Ph\u00fa T\u00e0i JSC\" \/>\n<meta property=\"article:publisher\" content=\"https:\/\/www.facebook.com\/phutai.jointstockcompany\" \/>\n<meta property=\"article:modified_time\" content=\"2024-03-26T10:05:09+00:00\" \/>\n<meta property=\"og:image\" content=\"https:\/\/phutai.com.vn\/wp-content\/uploads\/2024\/03\/Da-trang-Yen-Bai-Marble-1-1.png\" \/>\n\t<meta property=\"og:image:width\" content=\"1000\" \/>\n\t<meta property=\"og:image:height\" content=\"1000\" \/>\n\t<meta property=\"og:image:type\" content=\"image\/png\" \/>\n<meta name=\"twitter:card\" content=\"summary_large_image\" \/>\n<meta name=\"twitter:label1\" content=\"Est. reading time\" \/>\n\t<meta name=\"twitter:data1\" content=\"6 minutes\" \/>\n<script type=\"application\/ld+json\" class=\"yoast-schema-graph\">{\"@context\":\"https:\/\/schema.org\",\"@graph\":[{\"@type\":\"WebPage\",\"@id\":\"https:\/\/phutai.com.vn\/product\/da-trang-marble-yen-bai\/\",\"url\":\"https:\/\/phutai.com.vn\/product\/da-trang-marble-yen-bai\/\",\"name\":\"\u0110\u00e1 tr\u1eafng marble Y\u00ean B\u00e1i - Ph\u00fa T\u00e0i JSC\",\"isPartOf\":{\"@id\":\"https:\/\/phutai.com.vn\/#website\"},\"primaryImageOfPage\":{\"@id\":\"https:\/\/phutai.com.vn\/product\/da-trang-marble-yen-bai\/#primaryimage\"},\"image\":{\"@id\":\"https:\/\/phutai.com.vn\/product\/da-trang-marble-yen-bai\/#primaryimage\"},\"thumbnailUrl\":\"https:\/\/phutai.com.vn\/wp-content\/uploads\/2024\/03\/Da-trang-Yen-Bai-Marble-1-1.png\",\"datePublished\":\"2024-03-26T10:04:16+00:00\",\"dateModified\":\"2024-03-26T10:05:09+00:00\",\"breadcrumb\":{\"@id\":\"https:\/\/phutai.com.vn\/product\/da-trang-marble-yen-bai\/#breadcrumb\"},\"inLanguage\":\"en-US\",\"potentialAction\":[{\"@type\":\"ReadAction\",\"target\":[\"https:\/\/phutai.com.vn\/product\/da-trang-marble-yen-bai\/\"]}]},{\"@type\":\"ImageObject\",\"inLanguage\":\"en-US\",\"@id\":\"https:\/\/phutai.com.vn\/product\/da-trang-marble-yen-bai\/#primaryimage\",\"url\":\"https:\/\/phutai.com.vn\/wp-content\/uploads\/2024\/03\/Da-trang-Yen-Bai-Marble-1-1.png\",\"contentUrl\":\"https:\/\/phutai.com.vn\/wp-content\/uploads\/2024\/03\/Da-trang-Yen-Bai-Marble-1-1.png\",\"width\":1000,\"height\":1000},{\"@type\":\"BreadcrumbList\",\"@id\":\"https:\/\/phutai.com.vn\/product\/da-trang-marble-yen-bai\/#breadcrumb\",\"itemListElement\":[{\"@type\":\"ListItem\",\"position\":1,\"name\":\"Home\",\"item\":\"https:\/\/phutai.com.vn\/\"},{\"@type\":\"ListItem\",\"position\":2,\"name\":\"\u0110\u00e1 tr\u1eafng marble Y\u00ean B\u00e1i\"}]},{\"@type\":\"WebSite\",\"@id\":\"https:\/\/phutai.com.vn\/#website\",\"url\":\"https:\/\/phutai.com.vn\/\",\"name\":\"Ph\u00fa T\u00e0i JSC\",\"description\":\"\",\"publisher\":{\"@id\":\"https:\/\/phutai.com.vn\/#organization\"},\"potentialAction\":[{\"@type\":\"SearchAction\",\"target\":{\"@type\":\"EntryPoint\",\"urlTemplate\":\"https:\/\/phutai.com.vn\/?s={search_term_string}\"},\"query-input\":{\"@type\":\"PropertyValueSpecification\",\"valueRequired\":true,\"valueName\":\"search_term_string\"}}],\"inLanguage\":\"en-US\"},{\"@type\":\"Organization\",\"@id\":\"https:\/\/phutai.com.vn\/#organization\",\"name\":\"Ph\u00fa T\u00e0i JSC\",\"url\":\"https:\/\/phutai.com.vn\/\",\"logo\":{\"@type\":\"ImageObject\",\"inLanguage\":\"en-US\",\"@id\":\"https:\/\/phutai.com.vn\/#\/schema\/logo\/image\/\",\"url\":\"https:\/\/phutai.com.vn\/wp-content\/uploads\/2026\/01\/phutai-logo-tachnen.png\",\"contentUrl\":\"https:\/\/phutai.com.vn\/wp-content\/uploads\/2026\/01\/phutai-logo-tachnen.png\",\"width\":500,\"height\":327,\"caption\":\"Ph\u00fa T\u00e0i JSC\"},\"image\":{\"@id\":\"https:\/\/phutai.com.vn\/#\/schema\/logo\/image\/\"},\"sameAs\":[\"https:\/\/www.facebook.com\/phutai.jointstockcompany\"]}]}<\/script>\n<!-- \/ Yoast SEO plugin. -->","yoast_head_json":{"title":"\u0110\u00e1 tr\u1eafng marble Y\u00ean B\u00e1i - Ph\u00fa T\u00e0i JSC","robots":{"index":"index","follow":"follow","max-snippet":"max-snippet:-1","max-image-preview":"max-image-preview:large","max-video-preview":"max-video-preview:-1"},"canonical":"https:\/\/phutai.com.vn\/en\/product\/da-trang-marble-yen-bai\/","og_locale":"en_US","og_type":"article","og_title":"\u0110\u00e1 tr\u1eafng marble Y\u00ean B\u00e1i - Ph\u00fa T\u00e0i JSC","og_description":"H\u00ecnh \u1ea3nh \u0111\u00e1 tr\u1eafng Y\u00ean B\u00e1i v\u00e2n m\u00e2y H\u00ecnh \u1ea3nh ch\u1ebf bi\u1ebfn t\u1ea1i nh\u00e0 m\u00e1y T\u1ea1i sao l\u1ef1a ch\u1ecdn s\u1ea3n ph\u1ea9m \u0110\u00e1 tr\u1eafng marble Y\u00ean B\u00e1i c\u1ee7a Ph\u00fa T\u00e0i Li\u00ean h\u1ec7 Li\u00ean h\u1ec7 ngay \u0111\u1ec3 \u0111\u01b0\u1ee3c t\u01b0 v\u1ea5n v\u00e0 b\u00e1o gi\u00e1 mi\u1ec5n ph\u00ed C\u00f4ng ty c\u1ed5 ph\u1ea7n Ph\u00fa T\u00e0iPhone :&nbsp;+84 256 3841668Fax : +84 256 [&hellip;]","og_url":"https:\/\/phutai.com.vn\/en\/product\/da-trang-marble-yen-bai\/","og_site_name":"Ph\u00fa T\u00e0i JSC","article_publisher":"https:\/\/www.facebook.com\/phutai.jointstockcompany","article_modified_time":"2024-03-26T10:05:09+00:00","og_image":[{"width":1000,"height":1000,"url":"https:\/\/phutai.com.vn\/wp-content\/uploads\/2024\/03\/Da-trang-Yen-Bai-Marble-1-1.png","type":"image\/png"}],"twitter_card":"summary_large_image","twitter_misc":{"Est. reading time":"6 minutes"},"schema":{"@context":"https:\/\/schema.org","@graph":[{"@type":"WebPage","@id":"https:\/\/phutai.com.vn\/product\/da-trang-marble-yen-bai\/","url":"https:\/\/phutai.com.vn\/product\/da-trang-marble-yen-bai\/","name":"\u0110\u00e1 tr\u1eafng marble Y\u00ean B\u00e1i - Ph\u00fa T\u00e0i JSC","isPartOf":{"@id":"https:\/\/phutai.com.vn\/#website"},"primaryImageOfPage":{"@id":"https:\/\/phutai.com.vn\/product\/da-trang-marble-yen-bai\/#primaryimage"},"image":{"@id":"https:\/\/phutai.com.vn\/product\/da-trang-marble-yen-bai\/#primaryimage"},"thumbnailUrl":"https:\/\/phutai.com.vn\/wp-content\/uploads\/2024\/03\/Da-trang-Yen-Bai-Marble-1-1.png","datePublished":"2024-03-26T10:04:16+00:00","dateModified":"2024-03-26T10:05:09+00:00","breadcrumb":{"@id":"https:\/\/phutai.com.vn\/product\/da-trang-marble-yen-bai\/#breadcrumb"},"inLanguage":"en-US","potentialAction":[{"@type":"ReadAction","target":["https:\/\/phutai.com.vn\/product\/da-trang-marble-yen-bai\/"]}]},{"@type":"ImageObject","inLanguage":"en-US","@id":"https:\/\/phutai.com.vn\/product\/da-trang-marble-yen-bai\/#primaryimage","url":"https:\/\/phutai.com.vn\/wp-content\/uploads\/2024\/03\/Da-trang-Yen-Bai-Marble-1-1.png","contentUrl":"https:\/\/phutai.com.vn\/wp-content\/uploads\/2024\/03\/Da-trang-Yen-Bai-Marble-1-1.png","width":1000,"height":1000},{"@type":"BreadcrumbList","@id":"https:\/\/phutai.com.vn\/product\/da-trang-marble-yen-bai\/#breadcrumb","itemListElement":[{"@type":"ListItem","position":1,"name":"Home","item":"https:\/\/phutai.com.vn\/"},{"@type":"ListItem","position":2,"name":"\u0110\u00e1 tr\u1eafng marble Y\u00ean B\u00e1i"}]},{"@type":"WebSite","@id":"https:\/\/phutai.com.vn\/#website","url":"https:\/\/phutai.com.vn\/","name":"Ph\u00fa T\u00e0i JSC","description":"","publisher":{"@id":"https:\/\/phutai.com.vn\/#organization"},"potentialAction":[{"@type":"SearchAction","target":{"@type":"EntryPoint","urlTemplate":"https:\/\/phutai.com.vn\/?s={search_term_string}"},"query-input":{"@type":"PropertyValueSpecification","valueRequired":true,"valueName":"search_term_string"}}],"inLanguage":"en-US"},{"@type":"Organization","@id":"https:\/\/phutai.com.vn\/#organization","name":"Ph\u00fa T\u00e0i JSC","url":"https:\/\/phutai.com.vn\/","logo":{"@type":"ImageObject","inLanguage":"en-US","@id":"https:\/\/phutai.com.vn\/#\/schema\/logo\/image\/","url":"https:\/\/phutai.com.vn\/wp-content\/uploads\/2026\/01\/phutai-logo-tachnen.png","contentUrl":"https:\/\/phutai.com.vn\/wp-content\/uploads\/2026\/01\/phutai-logo-tachnen.png","width":500,"height":327,"caption":"Ph\u00fa T\u00e0i JSC"},"image":{"@id":"https:\/\/phutai.com.vn\/#\/schema\/logo\/image\/"},"sameAs":["https:\/\/www.facebook.com\/phutai.jointstockcompany"]}]}},"_links":{"self":[{"href":"https:\/\/phutai.com.vn\/en\/wp-json\/wp\/v2\/product\/4623","targetHints":{"allow":["GET"]}}],"collection":[{"href":"https:\/\/phutai.com.vn\/en\/wp-json\/wp\/v2\/product"}],"about":[{"href":"https:\/\/phutai.com.vn\/en\/wp-json\/wp\/v2\/types\/product"}],"author":[{"embeddable":true,"href":"https:\/\/phutai.com.vn\/en\/wp-json\/wp\/v2\/users\/1"}],"replies":[{"embeddable":true,"href":"https:\/\/phutai.com.vn\/en\/wp-json\/wp\/v2\/comments?post=4623"}],"version-history":[{"count":4,"href":"https:\/\/phutai.com.vn\/en\/wp-json\/wp\/v2\/product\/4623\/revisions"}],"predecessor-version":[{"id":4632,"href":"https:\/\/phutai.com.vn\/en\/wp-json\/wp\/v2\/product\/4623\/revisions\/4632"}],"wp:featuredmedia":[{"embeddable":true,"href":"https:\/\/phutai.com.vn\/en\/wp-json\/wp\/v2\/media\/4624"}],"wp:attachment":[{"href":"https:\/\/phutai.com.vn\/en\/wp-json\/wp\/v2\/media?parent=4623"}],"wp:term":[{"taxonomy":"category-product","embeddable":true,"href":"https:\/\/phutai.com.vn\/en\/wp-json\/wp\/v2\/category-product?post=4623"}],"curies":[{"name":"wp","href":"https:\/\/api.w.org\/{rel}","templated":true}]}}