{"id":4812,"date":"2024-03-27T04:13:40","date_gmt":"2024-03-27T04:13:40","guid":{"rendered":"https:\/\/phutai.com.vn\/?post_type=product&#038;p=4812"},"modified":"2024-03-27T04:14:11","modified_gmt":"2024-03-27T04:14:11","slug":"da-granite-vang-buom","status":"publish","type":"product","link":"https:\/\/phutai.com.vn\/en\/product\/da-granite-vang-buom\/","title":{"rendered":"\u0110\u00e1 granite v\u00e0ng b\u01b0\u1edbm"},"content":{"rendered":"\n<h3 class=\"wp-block-heading\">Gi\u1edbi thi\u1ec7u<\/h3>\n\n\n\n<p><strong>\u0110\u00e1 v\u00e0ng b\u01b0\u1edbm Brazil<\/strong>\u00a0v\u1edbi s\u1eafc v\u00e0ng cu\u1ed1n h\u00fat k\u1ebft h\u1ee3p v\u1edbi hoa v\u0103n t\u01b0\u01a1ng \u0111\u1ed1i \u0111\u1ed3ng \u0111\u1ec1u gi\u1ed1ng nh\u01b0 \u0111\u00e1 xanh b\u01b0\u1edbm Brazil, th\u01b0\u1eddng d\u00f9ng \u0111\u1ec3 l\u00e0m c\u1ea7u thang, b\u00e0n b\u1ebfp \u2026<\/p>\n\n\n\n<h3 class=\"wp-block-heading\">H\u00ecnh \u1ea3nh ch\u1ebf bi\u1ebfn t\u1ea1i nh\u00e0 m\u00e1y<\/h3>\n\n\n\n<figure class=\"wp-block-image size-full\"><img loading=\"lazy\" decoding=\"async\" width=\"1024\" height=\"504\" src=\"https:\/\/phutai.com.vn\/wp-content\/uploads\/2024\/03\/image-20.png\" alt=\"\" class=\"wp-image-4484\" srcset=\"https:\/\/phutai.com.vn\/wp-content\/uploads\/2024\/03\/image-20.png 1024w, https:\/\/phutai.com.vn\/wp-content\/uploads\/2024\/03\/image-20-768x378.png 768w, https:\/\/phutai.com.vn\/wp-content\/uploads\/2024\/03\/image-20-18x9.png 18w\" sizes=\"auto, (max-width: 1024px) 100vw, 1024px\" \/><\/figure>\n\n\n\n<figure class=\"wp-block-image size-full\"><img loading=\"lazy\" decoding=\"async\" width=\"720\" height=\"961\" src=\"https:\/\/phutai.com.vn\/wp-content\/uploads\/2024\/03\/Da-granite-vang-buom-brazil-phu-tai-3.jpg\" alt=\"\" class=\"wp-image-4814\" srcset=\"https:\/\/phutai.com.vn\/wp-content\/uploads\/2024\/03\/Da-granite-vang-buom-brazil-phu-tai-3.jpg 720w, https:\/\/phutai.com.vn\/wp-content\/uploads\/2024\/03\/Da-granite-vang-buom-brazil-phu-tai-3-9x12.jpg 9w\" sizes=\"auto, (max-width: 720px) 100vw, 720px\" \/><\/figure>\n\n\n\n<figure class=\"wp-block-image size-full\"><img loading=\"lazy\" decoding=\"async\" width=\"961\" height=\"720\" src=\"https:\/\/phutai.com.vn\/wp-content\/uploads\/2024\/03\/Da-granite-vang-buom-brazil-phu-tai-6.jpg\" alt=\"\" class=\"wp-image-4815\" srcset=\"https:\/\/phutai.com.vn\/wp-content\/uploads\/2024\/03\/Da-granite-vang-buom-brazil-phu-tai-6.jpg 961w, https:\/\/phutai.com.vn\/wp-content\/uploads\/2024\/03\/Da-granite-vang-buom-brazil-phu-tai-6-768x575.jpg 768w, https:\/\/phutai.com.vn\/wp-content\/uploads\/2024\/03\/Da-granite-vang-buom-brazil-phu-tai-6-16x12.jpg 16w\" sizes=\"auto, (max-width: 961px) 100vw, 961px\" \/><\/figure>\n\n\n\n<figure class=\"wp-block-image size-full\"><img loading=\"lazy\" decoding=\"async\" width=\"961\" height=\"720\" src=\"https:\/\/phutai.com.vn\/wp-content\/uploads\/2024\/03\/Da-granite-vang-buom-brazil-phu-tai-4.jpg\" alt=\"\" class=\"wp-image-4816\" srcset=\"https:\/\/phutai.com.vn\/wp-content\/uploads\/2024\/03\/Da-granite-vang-buom-brazil-phu-tai-4.jpg 961w, https:\/\/phutai.com.vn\/wp-content\/uploads\/2024\/03\/Da-granite-vang-buom-brazil-phu-tai-4-768x575.jpg 768w, https:\/\/phutai.com.vn\/wp-content\/uploads\/2024\/03\/Da-granite-vang-buom-brazil-phu-tai-4-16x12.jpg 16w\" sizes=\"auto, (max-width: 961px) 100vw, 961px\" \/><\/figure>\n\n\n\n<figure class=\"wp-block-image size-full\"><img loading=\"lazy\" decoding=\"async\" width=\"961\" height=\"720\" src=\"https:\/\/phutai.com.vn\/wp-content\/uploads\/2024\/03\/Da-granite-vang-buom-brazil-phu-tai-1.jpg\" alt=\"\" class=\"wp-image-4817\" srcset=\"https:\/\/phutai.com.vn\/wp-content\/uploads\/2024\/03\/Da-granite-vang-buom-brazil-phu-tai-1.jpg 961w, https:\/\/phutai.com.vn\/wp-content\/uploads\/2024\/03\/Da-granite-vang-buom-brazil-phu-tai-1-768x575.jpg 768w, https:\/\/phutai.com.vn\/wp-content\/uploads\/2024\/03\/Da-granite-vang-buom-brazil-phu-tai-1-16x12.jpg 16w\" sizes=\"auto, (max-width: 961px) 100vw, 961px\" \/><\/figure>\n\n\n\n<figure class=\"wp-block-image size-full\"><img loading=\"lazy\" decoding=\"async\" width=\"1024\" height=\"465\" src=\"https:\/\/phutai.com.vn\/wp-content\/uploads\/2024\/03\/image-24.png\" alt=\"\" class=\"wp-image-4488\" srcset=\"https:\/\/phutai.com.vn\/wp-content\/uploads\/2024\/03\/image-24.png 1024w, https:\/\/phutai.com.vn\/wp-content\/uploads\/2024\/03\/image-24-768x349.png 768w, https:\/\/phutai.com.vn\/wp-content\/uploads\/2024\/03\/image-24-18x8.png 18w\" sizes=\"auto, (max-width: 1024px) 100vw, 1024px\" \/><\/figure>\n\n\n\n<figure class=\"wp-block-image size-full\"><img loading=\"lazy\" decoding=\"async\" width=\"1024\" height=\"576\" src=\"https:\/\/phutai.com.vn\/wp-content\/uploads\/2024\/03\/Xi-nghiep-380-Chi-nhanh-cong-ty-co-phan-Phu-Tai-3-1024x576-1.jpg\" alt=\"\" class=\"wp-image-4739\" srcset=\"https:\/\/phutai.com.vn\/wp-content\/uploads\/2024\/03\/Xi-nghiep-380-Chi-nhanh-cong-ty-co-phan-Phu-Tai-3-1024x576-1.jpg 1024w, https:\/\/phutai.com.vn\/wp-content\/uploads\/2024\/03\/Xi-nghiep-380-Chi-nhanh-cong-ty-co-phan-Phu-Tai-3-1024x576-1-768x432.jpg 768w, https:\/\/phutai.com.vn\/wp-content\/uploads\/2024\/03\/Xi-nghiep-380-Chi-nhanh-cong-ty-co-phan-Phu-Tai-3-1024x576-1-18x10.jpg 18w\" sizes=\"auto, (max-width: 1024px) 100vw, 1024px\" \/><\/figure>\n\n\n\n<figure class=\"wp-block-image size-full\"><img loading=\"lazy\" decoding=\"async\" width=\"1000\" height=\"664\" src=\"https:\/\/phutai.com.vn\/wp-content\/uploads\/2024\/03\/image-26.png\" alt=\"\" class=\"wp-image-4490\" srcset=\"https:\/\/phutai.com.vn\/wp-content\/uploads\/2024\/03\/image-26.png 1000w, https:\/\/phutai.com.vn\/wp-content\/uploads\/2024\/03\/image-26-768x510.png 768w, https:\/\/phutai.com.vn\/wp-content\/uploads\/2024\/03\/image-26-18x12.png 18w\" sizes=\"auto, (max-width: 1000px) 100vw, 1000px\" \/><\/figure>\n\n\n\n<figure class=\"wp-block-image size-full\"><img loading=\"lazy\" decoding=\"async\" width=\"1024\" height=\"462\" src=\"https:\/\/phutai.com.vn\/wp-content\/uploads\/2024\/03\/image-28.png\" alt=\"\" class=\"wp-image-4493\" srcset=\"https:\/\/phutai.com.vn\/wp-content\/uploads\/2024\/03\/image-28.png 1024w, https:\/\/phutai.com.vn\/wp-content\/uploads\/2024\/03\/image-28-768x347.png 768w, https:\/\/phutai.com.vn\/wp-content\/uploads\/2024\/03\/image-28-18x8.png 18w\" sizes=\"auto, (max-width: 1024px) 100vw, 1024px\" \/><\/figure>\n\n\n\n<figure class=\"wp-block-image size-full\"><img loading=\"lazy\" decoding=\"async\" width=\"1024\" height=\"459\" src=\"https:\/\/phutai.com.vn\/wp-content\/uploads\/2024\/03\/image-29.png\" alt=\"\" class=\"wp-image-4494\" srcset=\"https:\/\/phutai.com.vn\/wp-content\/uploads\/2024\/03\/image-29.png 1024w, https:\/\/phutai.com.vn\/wp-content\/uploads\/2024\/03\/image-29-768x344.png 768w, https:\/\/phutai.com.vn\/wp-content\/uploads\/2024\/03\/image-29-18x8.png 18w\" sizes=\"auto, (max-width: 1024px) 100vw, 1024px\" \/><\/figure>\n\n\n\n<figure class=\"wp-block-image size-full\"><img loading=\"lazy\" decoding=\"async\" width=\"1000\" height=\"750\" src=\"https:\/\/phutai.com.vn\/wp-content\/uploads\/2024\/03\/Xi-nghiep-380-Chi-nhanh-cong-ty-co-phan-Phu-Tai-13.jpg\" alt=\"\" class=\"wp-image-4507\" srcset=\"https:\/\/phutai.com.vn\/wp-content\/uploads\/2024\/03\/Xi-nghiep-380-Chi-nhanh-cong-ty-co-phan-Phu-Tai-13.jpg 1000w, https:\/\/phutai.com.vn\/wp-content\/uploads\/2024\/03\/Xi-nghiep-380-Chi-nhanh-cong-ty-co-phan-Phu-Tai-13-768x576.jpg 768w, https:\/\/phutai.com.vn\/wp-content\/uploads\/2024\/03\/Xi-nghiep-380-Chi-nhanh-cong-ty-co-phan-Phu-Tai-13-16x12.jpg 16w\" sizes=\"auto, (max-width: 1000px) 100vw, 1000px\" \/><\/figure>\n\n\n\n<figure class=\"wp-block-image size-full\"><img loading=\"lazy\" decoding=\"async\" width=\"1000\" height=\"750\" src=\"https:\/\/phutai.com.vn\/wp-content\/uploads\/2024\/03\/Xi-nghiep-380-Chi-nhanh-cong-ty-co-phan-Phu-Tai-14.jpg\" alt=\"\" class=\"wp-image-4508\" srcset=\"https:\/\/phutai.com.vn\/wp-content\/uploads\/2024\/03\/Xi-nghiep-380-Chi-nhanh-cong-ty-co-phan-Phu-Tai-14.jpg 1000w, https:\/\/phutai.com.vn\/wp-content\/uploads\/2024\/03\/Xi-nghiep-380-Chi-nhanh-cong-ty-co-phan-Phu-Tai-14-768x576.jpg 768w, https:\/\/phutai.com.vn\/wp-content\/uploads\/2024\/03\/Xi-nghiep-380-Chi-nhanh-cong-ty-co-phan-Phu-Tai-14-16x12.jpg 16w\" sizes=\"auto, (max-width: 1000px) 100vw, 1000px\" \/><\/figure>\n\n\n\n<figure class=\"wp-block-image size-full\"><img loading=\"lazy\" decoding=\"async\" width=\"1024\" height=\"680\" src=\"https:\/\/phutai.com.vn\/wp-content\/uploads\/2024\/03\/Xi-nghiep-380-Chi-nhanh-cong-ty-co-phan-Phu-Tai-15-1024x680-1.jpg\" alt=\"\" class=\"wp-image-4509\" srcset=\"https:\/\/phutai.com.vn\/wp-content\/uploads\/2024\/03\/Xi-nghiep-380-Chi-nhanh-cong-ty-co-phan-Phu-Tai-15-1024x680-1.jpg 1024w, https:\/\/phutai.com.vn\/wp-content\/uploads\/2024\/03\/Xi-nghiep-380-Chi-nhanh-cong-ty-co-phan-Phu-Tai-15-1024x680-1-768x510.jpg 768w, https:\/\/phutai.com.vn\/wp-content\/uploads\/2024\/03\/Xi-nghiep-380-Chi-nhanh-cong-ty-co-phan-Phu-Tai-15-1024x680-1-18x12.jpg 18w\" sizes=\"auto, (max-width: 1024px) 100vw, 1024px\" \/><\/figure>\n","protected":false},"excerpt":{"rendered":"<p>Gi\u1edbi thi\u1ec7u \u0110\u00e1 v\u00e0ng b\u01b0\u1edbm Brazil\u00a0v\u1edbi s\u1eafc v\u00e0ng cu\u1ed1n h\u00fat k\u1ebft h\u1ee3p v\u1edbi hoa v\u0103n t\u01b0\u01a1ng \u0111\u1ed1i \u0111\u1ed3ng \u0111\u1ec1u gi\u1ed1ng nh\u01b0 \u0111\u00e1 xanh b\u01b0\u1edbm Brazil, th\u01b0\u1eddng d\u00f9ng \u0111\u1ec3 l\u00e0m c\u1ea7u thang, b\u00e0n b\u1ebfp \u2026 H\u00ecnh \u1ea3nh ch\u1ebf bi\u1ebfn t\u1ea1i nh\u00e0 m\u00e1y<\/p>\n","protected":false},"author":1,"featured_media":4813,"menu_order":0,"comment_status":"open","ping_status":"open","template":"","format":"standard","meta":{"footnotes":""},"category-product":[44,36],"class_list":["post-4812","product","type-product","status-publish","format-standard","has-post-thumbnail","hentry","category-product-granite-nhap-khau","category-product-san-pham-da-tu-nhien"],"acf":[],"yoast_head":"<!-- This site is optimized with the Yoast SEO plugin v24.7 - https:\/\/yoast.com\/wordpress\/plugins\/seo\/ -->\n<title>\u0110\u00e1 granite v\u00e0ng b\u01b0\u1edbm - Ph\u00fa T\u00e0i JSC<\/title>\n<meta name=\"robots\" content=\"index, follow, max-snippet:-1, max-image-preview:large, max-video-preview:-1\" \/>\n<link rel=\"canonical\" href=\"https:\/\/phutai.com.vn\/en\/product\/da-granite-vang-buom\/\" \/>\n<meta property=\"og:locale\" content=\"en_US\" \/>\n<meta property=\"og:type\" content=\"article\" \/>\n<meta property=\"og:title\" content=\"\u0110\u00e1 granite v\u00e0ng b\u01b0\u1edbm - Ph\u00fa T\u00e0i JSC\" \/>\n<meta property=\"og:description\" content=\"Gi\u1edbi thi\u1ec7u \u0110\u00e1 v\u00e0ng b\u01b0\u1edbm Brazil\u00a0v\u1edbi s\u1eafc v\u00e0ng cu\u1ed1n h\u00fat k\u1ebft h\u1ee3p v\u1edbi hoa v\u0103n t\u01b0\u01a1ng \u0111\u1ed1i \u0111\u1ed3ng \u0111\u1ec1u gi\u1ed1ng nh\u01b0 \u0111\u00e1 xanh b\u01b0\u1edbm Brazil, th\u01b0\u1eddng d\u00f9ng \u0111\u1ec3 l\u00e0m c\u1ea7u thang, b\u00e0n b\u1ebfp \u2026 H\u00ecnh \u1ea3nh ch\u1ebf bi\u1ebfn t\u1ea1i nh\u00e0 m\u00e1y\" \/>\n<meta property=\"og:url\" content=\"https:\/\/phutai.com.vn\/en\/product\/da-granite-vang-buom\/\" \/>\n<meta property=\"og:site_name\" content=\"Ph\u00fa T\u00e0i JSC\" \/>\n<meta property=\"article:publisher\" content=\"https:\/\/www.facebook.com\/phutai.jointstockcompany\" \/>\n<meta property=\"article:modified_time\" content=\"2024-03-27T04:14:11+00:00\" \/>\n<meta property=\"og:image\" content=\"https:\/\/phutai.com.vn\/wp-content\/uploads\/2024\/03\/Granite-vang-buom.png\" \/>\n\t<meta property=\"og:image:width\" content=\"1000\" \/>\n\t<meta property=\"og:image:height\" content=\"1000\" \/>\n\t<meta property=\"og:image:type\" content=\"image\/png\" \/>\n<meta name=\"twitter:card\" content=\"summary_large_image\" \/>\n<meta name=\"twitter:label1\" content=\"Est. reading time\" \/>\n\t<meta name=\"twitter:data1\" content=\"3 minutes\" \/>\n<script type=\"application\/ld+json\" class=\"yoast-schema-graph\">{\"@context\":\"https:\/\/schema.org\",\"@graph\":[{\"@type\":\"WebPage\",\"@id\":\"https:\/\/phutai.com.vn\/product\/da-granite-vang-buom\/\",\"url\":\"https:\/\/phutai.com.vn\/product\/da-granite-vang-buom\/\",\"name\":\"\u0110\u00e1 granite v\u00e0ng b\u01b0\u1edbm - Ph\u00fa T\u00e0i JSC\",\"isPartOf\":{\"@id\":\"https:\/\/phutai.com.vn\/#website\"},\"primaryImageOfPage\":{\"@id\":\"https:\/\/phutai.com.vn\/product\/da-granite-vang-buom\/#primaryimage\"},\"image\":{\"@id\":\"https:\/\/phutai.com.vn\/product\/da-granite-vang-buom\/#primaryimage\"},\"thumbnailUrl\":\"https:\/\/phutai.com.vn\/wp-content\/uploads\/2024\/03\/Granite-vang-buom.png\",\"datePublished\":\"2024-03-27T04:13:40+00:00\",\"dateModified\":\"2024-03-27T04:14:11+00:00\",\"breadcrumb\":{\"@id\":\"https:\/\/phutai.com.vn\/product\/da-granite-vang-buom\/#breadcrumb\"},\"inLanguage\":\"en-US\",\"potentialAction\":[{\"@type\":\"ReadAction\",\"target\":[\"https:\/\/phutai.com.vn\/product\/da-granite-vang-buom\/\"]}]},{\"@type\":\"ImageObject\",\"inLanguage\":\"en-US\",\"@id\":\"https:\/\/phutai.com.vn\/product\/da-granite-vang-buom\/#primaryimage\",\"url\":\"https:\/\/phutai.com.vn\/wp-content\/uploads\/2024\/03\/Granite-vang-buom.png\",\"contentUrl\":\"https:\/\/phutai.com.vn\/wp-content\/uploads\/2024\/03\/Granite-vang-buom.png\",\"width\":1000,\"height\":1000},{\"@type\":\"BreadcrumbList\",\"@id\":\"https:\/\/phutai.com.vn\/product\/da-granite-vang-buom\/#breadcrumb\",\"itemListElement\":[{\"@type\":\"ListItem\",\"position\":1,\"name\":\"Home\",\"item\":\"https:\/\/phutai.com.vn\/\"},{\"@type\":\"ListItem\",\"position\":2,\"name\":\"\u0110\u00e1 granite v\u00e0ng b\u01b0\u1edbm\"}]},{\"@type\":\"WebSite\",\"@id\":\"https:\/\/phutai.com.vn\/#website\",\"url\":\"https:\/\/phutai.com.vn\/\",\"name\":\"Ph\u00fa T\u00e0i JSC\",\"description\":\"\",\"publisher\":{\"@id\":\"https:\/\/phutai.com.vn\/#organization\"},\"potentialAction\":[{\"@type\":\"SearchAction\",\"target\":{\"@type\":\"EntryPoint\",\"urlTemplate\":\"https:\/\/phutai.com.vn\/?s={search_term_string}\"},\"query-input\":{\"@type\":\"PropertyValueSpecification\",\"valueRequired\":true,\"valueName\":\"search_term_string\"}}],\"inLanguage\":\"en-US\"},{\"@type\":\"Organization\",\"@id\":\"https:\/\/phutai.com.vn\/#organization\",\"name\":\"Ph\u00fa T\u00e0i JSC\",\"url\":\"https:\/\/phutai.com.vn\/\",\"logo\":{\"@type\":\"ImageObject\",\"inLanguage\":\"en-US\",\"@id\":\"https:\/\/phutai.com.vn\/#\/schema\/logo\/image\/\",\"url\":\"https:\/\/phutai.com.vn\/wp-content\/uploads\/2026\/01\/phutai-logo-tachnen.png\",\"contentUrl\":\"https:\/\/phutai.com.vn\/wp-content\/uploads\/2026\/01\/phutai-logo-tachnen.png\",\"width\":500,\"height\":327,\"caption\":\"Ph\u00fa T\u00e0i JSC\"},\"image\":{\"@id\":\"https:\/\/phutai.com.vn\/#\/schema\/logo\/image\/\"},\"sameAs\":[\"https:\/\/www.facebook.com\/phutai.jointstockcompany\"]}]}<\/script>\n<!-- \/ Yoast SEO plugin. -->","yoast_head_json":{"title":"\u0110\u00e1 granite v\u00e0ng b\u01b0\u1edbm - Ph\u00fa T\u00e0i JSC","robots":{"index":"index","follow":"follow","max-snippet":"max-snippet:-1","max-image-preview":"max-image-preview:large","max-video-preview":"max-video-preview:-1"},"canonical":"https:\/\/phutai.com.vn\/en\/product\/da-granite-vang-buom\/","og_locale":"en_US","og_type":"article","og_title":"\u0110\u00e1 granite v\u00e0ng b\u01b0\u1edbm - Ph\u00fa T\u00e0i JSC","og_description":"Gi\u1edbi thi\u1ec7u \u0110\u00e1 v\u00e0ng b\u01b0\u1edbm Brazil\u00a0v\u1edbi s\u1eafc v\u00e0ng cu\u1ed1n h\u00fat k\u1ebft h\u1ee3p v\u1edbi hoa v\u0103n t\u01b0\u01a1ng \u0111\u1ed1i \u0111\u1ed3ng \u0111\u1ec1u gi\u1ed1ng nh\u01b0 \u0111\u00e1 xanh b\u01b0\u1edbm Brazil, th\u01b0\u1eddng d\u00f9ng \u0111\u1ec3 l\u00e0m c\u1ea7u thang, b\u00e0n b\u1ebfp \u2026 H\u00ecnh \u1ea3nh ch\u1ebf bi\u1ebfn t\u1ea1i nh\u00e0 m\u00e1y","og_url":"https:\/\/phutai.com.vn\/en\/product\/da-granite-vang-buom\/","og_site_name":"Ph\u00fa T\u00e0i JSC","article_publisher":"https:\/\/www.facebook.com\/phutai.jointstockcompany","article_modified_time":"2024-03-27T04:14:11+00:00","og_image":[{"width":1000,"height":1000,"url":"https:\/\/phutai.com.vn\/wp-content\/uploads\/2024\/03\/Granite-vang-buom.png","type":"image\/png"}],"twitter_card":"summary_large_image","twitter_misc":{"Est. reading time":"3 minutes"},"schema":{"@context":"https:\/\/schema.org","@graph":[{"@type":"WebPage","@id":"https:\/\/phutai.com.vn\/product\/da-granite-vang-buom\/","url":"https:\/\/phutai.com.vn\/product\/da-granite-vang-buom\/","name":"\u0110\u00e1 granite v\u00e0ng b\u01b0\u1edbm - Ph\u00fa T\u00e0i JSC","isPartOf":{"@id":"https:\/\/phutai.com.vn\/#website"},"primaryImageOfPage":{"@id":"https:\/\/phutai.com.vn\/product\/da-granite-vang-buom\/#primaryimage"},"image":{"@id":"https:\/\/phutai.com.vn\/product\/da-granite-vang-buom\/#primaryimage"},"thumbnailUrl":"https:\/\/phutai.com.vn\/wp-content\/uploads\/2024\/03\/Granite-vang-buom.png","datePublished":"2024-03-27T04:13:40+00:00","dateModified":"2024-03-27T04:14:11+00:00","breadcrumb":{"@id":"https:\/\/phutai.com.vn\/product\/da-granite-vang-buom\/#breadcrumb"},"inLanguage":"en-US","potentialAction":[{"@type":"ReadAction","target":["https:\/\/phutai.com.vn\/product\/da-granite-vang-buom\/"]}]},{"@type":"ImageObject","inLanguage":"en-US","@id":"https:\/\/phutai.com.vn\/product\/da-granite-vang-buom\/#primaryimage","url":"https:\/\/phutai.com.vn\/wp-content\/uploads\/2024\/03\/Granite-vang-buom.png","contentUrl":"https:\/\/phutai.com.vn\/wp-content\/uploads\/2024\/03\/Granite-vang-buom.png","width":1000,"height":1000},{"@type":"BreadcrumbList","@id":"https:\/\/phutai.com.vn\/product\/da-granite-vang-buom\/#breadcrumb","itemListElement":[{"@type":"ListItem","position":1,"name":"Home","item":"https:\/\/phutai.com.vn\/"},{"@type":"ListItem","position":2,"name":"\u0110\u00e1 granite v\u00e0ng b\u01b0\u1edbm"}]},{"@type":"WebSite","@id":"https:\/\/phutai.com.vn\/#website","url":"https:\/\/phutai.com.vn\/","name":"Ph\u00fa T\u00e0i JSC","description":"","publisher":{"@id":"https:\/\/phutai.com.vn\/#organization"},"potentialAction":[{"@type":"SearchAction","target":{"@type":"EntryPoint","urlTemplate":"https:\/\/phutai.com.vn\/?s={search_term_string}"},"query-input":{"@type":"PropertyValueSpecification","valueRequired":true,"valueName":"search_term_string"}}],"inLanguage":"en-US"},{"@type":"Organization","@id":"https:\/\/phutai.com.vn\/#organization","name":"Ph\u00fa T\u00e0i JSC","url":"https:\/\/phutai.com.vn\/","logo":{"@type":"ImageObject","inLanguage":"en-US","@id":"https:\/\/phutai.com.vn\/#\/schema\/logo\/image\/","url":"https:\/\/phutai.com.vn\/wp-content\/uploads\/2026\/01\/phutai-logo-tachnen.png","contentUrl":"https:\/\/phutai.com.vn\/wp-content\/uploads\/2026\/01\/phutai-logo-tachnen.png","width":500,"height":327,"caption":"Ph\u00fa T\u00e0i JSC"},"image":{"@id":"https:\/\/phutai.com.vn\/#\/schema\/logo\/image\/"},"sameAs":["https:\/\/www.facebook.com\/phutai.jointstockcompany"]}]}},"_links":{"self":[{"href":"https:\/\/phutai.com.vn\/en\/wp-json\/wp\/v2\/product\/4812","targetHints":{"allow":["GET"]}}],"collection":[{"href":"https:\/\/phutai.com.vn\/en\/wp-json\/wp\/v2\/product"}],"about":[{"href":"https:\/\/phutai.com.vn\/en\/wp-json\/wp\/v2\/types\/product"}],"author":[{"embeddable":true,"href":"https:\/\/phutai.com.vn\/en\/wp-json\/wp\/v2\/users\/1"}],"replies":[{"embeddable":true,"href":"https:\/\/phutai.com.vn\/en\/wp-json\/wp\/v2\/comments?post=4812"}],"version-history":[{"count":4,"href":"https:\/\/phutai.com.vn\/en\/wp-json\/wp\/v2\/product\/4812\/revisions"}],"predecessor-version":[{"id":4821,"href":"https:\/\/phutai.com.vn\/en\/wp-json\/wp\/v2\/product\/4812\/revisions\/4821"}],"wp:featuredmedia":[{"embeddable":true,"href":"https:\/\/phutai.com.vn\/en\/wp-json\/wp\/v2\/media\/4813"}],"wp:attachment":[{"href":"https:\/\/phutai.com.vn\/en\/wp-json\/wp\/v2\/media?parent=4812"}],"wp:term":[{"taxonomy":"category-product","embeddable":true,"href":"https:\/\/phutai.com.vn\/en\/wp-json\/wp\/v2\/category-product?post=4812"}],"curies":[{"name":"wp","href":"https:\/\/api.w.org\/{rel}","templated":true}]}}