{"id":4822,"date":"2024-03-27T04:18:45","date_gmt":"2024-03-27T04:18:45","guid":{"rendered":"https:\/\/phutai.com.vn\/?post_type=product&#038;p=4822"},"modified":"2024-03-27T04:19:01","modified_gmt":"2024-03-27T04:19:01","slug":"da-granite-xanh-ngoc","status":"publish","type":"product","link":"https:\/\/phutai.com.vn\/en\/product\/da-granite-xanh-ngoc\/","title":{"rendered":"\u0110\u00e1 granite xanh ng\u1ecdc"},"content":{"rendered":"\n<h3 class=\"wp-block-heading\">Gi\u1edbi thi\u1ec7u<\/h3>\n\n\n\n<p><strong>\u0110\u00e1 granite xanh ng\u1ecdc\u00a0<\/strong>c\u00f3 \u0111\u1eb7c \u0111i\u1ec3m b\u1ec1 m\u1eb7t c\u00f3 nhi\u1ec1u h\u1ea1t nh\u1ecf, l\u00e0 s\u1ef1 l\u1ef1a ch\u1ecdn r\u1ea5t nhi\u1ec1u d\u1ef1 \u00e1n l\u1edbn c\u0169ng nh\u01b0 trong gia \u0111\u00ecnh, trang tr\u00ed n\u1ed9i ngo\u1ea1i th\u1ea5t nh\u1edd v\u00e0o m\u00e0u s\u1eafc n\u1ed5i b\u1eadt , b\u1ec1n, ch\u1ecbu nhi\u1ec7t v\u00e0 kh\u1ea3 n\u0103ng ch\u1ed1ng x\u01b0\u1edbc, b\u1ec1n ch\u1eafc v\u1edbi m\u00f4i tr\u01b0\u1eddng thi\u00ean nhi\u00ean.<\/p>\n\n\n\n<h3 class=\"wp-block-heading\">H\u00ecnh \u1ea3nh ch\u1ebf bi\u1ebfn t\u1ea1i nh\u00e0 m\u00e1y<\/h3>\n\n\n\n<figure class=\"wp-block-image size-full\"><img loading=\"lazy\" decoding=\"async\" width=\"1024\" height=\"504\" src=\"https:\/\/phutai.com.vn\/wp-content\/uploads\/2024\/03\/image-20.png\" alt=\"\" class=\"wp-image-4484\" srcset=\"https:\/\/phutai.com.vn\/wp-content\/uploads\/2024\/03\/image-20.png 1024w, https:\/\/phutai.com.vn\/wp-content\/uploads\/2024\/03\/image-20-768x378.png 768w, https:\/\/phutai.com.vn\/wp-content\/uploads\/2024\/03\/image-20-18x9.png 18w\" sizes=\"auto, (max-width: 1024px) 100vw, 1024px\" \/><\/figure>\n\n\n\n<figure class=\"wp-block-image size-full\"><img loading=\"lazy\" decoding=\"async\" width=\"961\" height=\"720\" src=\"https:\/\/phutai.com.vn\/wp-content\/uploads\/2024\/03\/Da-granite-xanh-ngoc-phu-tai-1.jpg\" alt=\"\" class=\"wp-image-4824\" srcset=\"https:\/\/phutai.com.vn\/wp-content\/uploads\/2024\/03\/Da-granite-xanh-ngoc-phu-tai-1.jpg 961w, https:\/\/phutai.com.vn\/wp-content\/uploads\/2024\/03\/Da-granite-xanh-ngoc-phu-tai-1-768x575.jpg 768w, https:\/\/phutai.com.vn\/wp-content\/uploads\/2024\/03\/Da-granite-xanh-ngoc-phu-tai-1-16x12.jpg 16w\" sizes=\"auto, (max-width: 961px) 100vw, 961px\" \/><\/figure>\n\n\n\n<figure class=\"wp-block-image size-full\"><img loading=\"lazy\" decoding=\"async\" width=\"961\" height=\"720\" src=\"https:\/\/phutai.com.vn\/wp-content\/uploads\/2024\/03\/da-granite-xanh-ngoc-phu-tai-8.jpg\" alt=\"\" class=\"wp-image-4825\" srcset=\"https:\/\/phutai.com.vn\/wp-content\/uploads\/2024\/03\/da-granite-xanh-ngoc-phu-tai-8.jpg 961w, https:\/\/phutai.com.vn\/wp-content\/uploads\/2024\/03\/da-granite-xanh-ngoc-phu-tai-8-768x575.jpg 768w, https:\/\/phutai.com.vn\/wp-content\/uploads\/2024\/03\/da-granite-xanh-ngoc-phu-tai-8-16x12.jpg 16w\" sizes=\"auto, (max-width: 961px) 100vw, 961px\" \/><\/figure>\n\n\n\n<figure class=\"wp-block-image size-full\"><img loading=\"lazy\" decoding=\"async\" width=\"961\" height=\"720\" src=\"https:\/\/phutai.com.vn\/wp-content\/uploads\/2024\/03\/da-granite-xanh-ngoc-phu-tai-7.jpg\" alt=\"\" class=\"wp-image-4826\" srcset=\"https:\/\/phutai.com.vn\/wp-content\/uploads\/2024\/03\/da-granite-xanh-ngoc-phu-tai-7.jpg 961w, https:\/\/phutai.com.vn\/wp-content\/uploads\/2024\/03\/da-granite-xanh-ngoc-phu-tai-7-768x575.jpg 768w, https:\/\/phutai.com.vn\/wp-content\/uploads\/2024\/03\/da-granite-xanh-ngoc-phu-tai-7-16x12.jpg 16w\" sizes=\"auto, (max-width: 961px) 100vw, 961px\" \/><\/figure>\n\n\n\n<figure class=\"wp-block-image size-full\"><img loading=\"lazy\" decoding=\"async\" width=\"961\" height=\"720\" src=\"https:\/\/phutai.com.vn\/wp-content\/uploads\/2024\/03\/da-granite-xanh-ngoc-phu-tai-5.jpg\" alt=\"\" class=\"wp-image-4828\" srcset=\"https:\/\/phutai.com.vn\/wp-content\/uploads\/2024\/03\/da-granite-xanh-ngoc-phu-tai-5.jpg 961w, https:\/\/phutai.com.vn\/wp-content\/uploads\/2024\/03\/da-granite-xanh-ngoc-phu-tai-5-768x575.jpg 768w, https:\/\/phutai.com.vn\/wp-content\/uploads\/2024\/03\/da-granite-xanh-ngoc-phu-tai-5-16x12.jpg 16w\" sizes=\"auto, (max-width: 961px) 100vw, 961px\" \/><\/figure>\n\n\n\n<figure class=\"wp-block-image size-full\"><img loading=\"lazy\" decoding=\"async\" width=\"961\" height=\"720\" src=\"https:\/\/phutai.com.vn\/wp-content\/uploads\/2024\/03\/da-granite-xanh-ngoc-phu-tai-7-1.jpg\" alt=\"\" class=\"wp-image-4829\" srcset=\"https:\/\/phutai.com.vn\/wp-content\/uploads\/2024\/03\/da-granite-xanh-ngoc-phu-tai-7-1.jpg 961w, https:\/\/phutai.com.vn\/wp-content\/uploads\/2024\/03\/da-granite-xanh-ngoc-phu-tai-7-1-768x575.jpg 768w, https:\/\/phutai.com.vn\/wp-content\/uploads\/2024\/03\/da-granite-xanh-ngoc-phu-tai-7-1-16x12.jpg 16w\" sizes=\"auto, (max-width: 961px) 100vw, 961px\" \/><\/figure>\n\n\n\n<figure class=\"wp-block-image size-full\"><img loading=\"lazy\" decoding=\"async\" width=\"961\" height=\"720\" src=\"https:\/\/phutai.com.vn\/wp-content\/uploads\/2024\/03\/Da-granite-xanh-ngoc-phu-tai-3.jpg\" alt=\"\" class=\"wp-image-4830\" srcset=\"https:\/\/phutai.com.vn\/wp-content\/uploads\/2024\/03\/Da-granite-xanh-ngoc-phu-tai-3.jpg 961w, https:\/\/phutai.com.vn\/wp-content\/uploads\/2024\/03\/Da-granite-xanh-ngoc-phu-tai-3-768x575.jpg 768w, https:\/\/phutai.com.vn\/wp-content\/uploads\/2024\/03\/Da-granite-xanh-ngoc-phu-tai-3-16x12.jpg 16w\" sizes=\"auto, (max-width: 961px) 100vw, 961px\" \/><\/figure>\n\n\n\n<figure class=\"wp-block-image size-full\"><img loading=\"lazy\" decoding=\"async\" width=\"1024\" height=\"465\" src=\"https:\/\/phutai.com.vn\/wp-content\/uploads\/2024\/03\/image-24.png\" alt=\"\" class=\"wp-image-4488\" srcset=\"https:\/\/phutai.com.vn\/wp-content\/uploads\/2024\/03\/image-24.png 1024w, https:\/\/phutai.com.vn\/wp-content\/uploads\/2024\/03\/image-24-768x349.png 768w, https:\/\/phutai.com.vn\/wp-content\/uploads\/2024\/03\/image-24-18x8.png 18w\" sizes=\"auto, (max-width: 1024px) 100vw, 1024px\" \/><\/figure>\n\n\n\n<figure class=\"wp-block-image size-full\"><img loading=\"lazy\" decoding=\"async\" width=\"1024\" height=\"576\" src=\"https:\/\/phutai.com.vn\/wp-content\/uploads\/2024\/03\/Xi-nghiep-380-Chi-nhanh-cong-ty-co-phan-Phu-Tai-3-1024x576-1.jpg\" alt=\"\" class=\"wp-image-4739\" srcset=\"https:\/\/phutai.com.vn\/wp-content\/uploads\/2024\/03\/Xi-nghiep-380-Chi-nhanh-cong-ty-co-phan-Phu-Tai-3-1024x576-1.jpg 1024w, https:\/\/phutai.com.vn\/wp-content\/uploads\/2024\/03\/Xi-nghiep-380-Chi-nhanh-cong-ty-co-phan-Phu-Tai-3-1024x576-1-768x432.jpg 768w, https:\/\/phutai.com.vn\/wp-content\/uploads\/2024\/03\/Xi-nghiep-380-Chi-nhanh-cong-ty-co-phan-Phu-Tai-3-1024x576-1-18x10.jpg 18w\" sizes=\"auto, (max-width: 1024px) 100vw, 1024px\" \/><\/figure>\n\n\n\n<figure class=\"wp-block-image size-full\"><img loading=\"lazy\" decoding=\"async\" width=\"1000\" height=\"664\" src=\"https:\/\/phutai.com.vn\/wp-content\/uploads\/2024\/03\/image-26.png\" alt=\"\" class=\"wp-image-4490\" srcset=\"https:\/\/phutai.com.vn\/wp-content\/uploads\/2024\/03\/image-26.png 1000w, https:\/\/phutai.com.vn\/wp-content\/uploads\/2024\/03\/image-26-768x510.png 768w, https:\/\/phutai.com.vn\/wp-content\/uploads\/2024\/03\/image-26-18x12.png 18w\" sizes=\"auto, (max-width: 1000px) 100vw, 1000px\" \/><\/figure>\n\n\n\n<figure class=\"wp-block-image size-full\"><img loading=\"lazy\" decoding=\"async\" width=\"1024\" height=\"462\" src=\"https:\/\/phutai.com.vn\/wp-content\/uploads\/2024\/03\/image-28.png\" alt=\"\" class=\"wp-image-4493\" srcset=\"https:\/\/phutai.com.vn\/wp-content\/uploads\/2024\/03\/image-28.png 1024w, https:\/\/phutai.com.vn\/wp-content\/uploads\/2024\/03\/image-28-768x347.png 768w, https:\/\/phutai.com.vn\/wp-content\/uploads\/2024\/03\/image-28-18x8.png 18w\" sizes=\"auto, (max-width: 1024px) 100vw, 1024px\" \/><\/figure>\n\n\n\n<figure class=\"wp-block-image size-full\"><img loading=\"lazy\" decoding=\"async\" width=\"1024\" height=\"459\" src=\"https:\/\/phutai.com.vn\/wp-content\/uploads\/2024\/03\/image-29.png\" alt=\"\" class=\"wp-image-4494\" srcset=\"https:\/\/phutai.com.vn\/wp-content\/uploads\/2024\/03\/image-29.png 1024w, https:\/\/phutai.com.vn\/wp-content\/uploads\/2024\/03\/image-29-768x344.png 768w, https:\/\/phutai.com.vn\/wp-content\/uploads\/2024\/03\/image-29-18x8.png 18w\" sizes=\"auto, (max-width: 1024px) 100vw, 1024px\" \/><\/figure>\n\n\n\n<figure class=\"wp-block-image size-full\"><img loading=\"lazy\" decoding=\"async\" width=\"1000\" height=\"750\" src=\"https:\/\/phutai.com.vn\/wp-content\/uploads\/2024\/03\/Xi-nghiep-380-Chi-nhanh-cong-ty-co-phan-Phu-Tai-13.jpg\" alt=\"\" class=\"wp-image-4507\" srcset=\"https:\/\/phutai.com.vn\/wp-content\/uploads\/2024\/03\/Xi-nghiep-380-Chi-nhanh-cong-ty-co-phan-Phu-Tai-13.jpg 1000w, https:\/\/phutai.com.vn\/wp-content\/uploads\/2024\/03\/Xi-nghiep-380-Chi-nhanh-cong-ty-co-phan-Phu-Tai-13-768x576.jpg 768w, https:\/\/phutai.com.vn\/wp-content\/uploads\/2024\/03\/Xi-nghiep-380-Chi-nhanh-cong-ty-co-phan-Phu-Tai-13-16x12.jpg 16w\" sizes=\"auto, (max-width: 1000px) 100vw, 1000px\" \/><\/figure>\n\n\n\n<figure class=\"wp-block-image size-full\"><img loading=\"lazy\" decoding=\"async\" width=\"1000\" height=\"750\" src=\"https:\/\/phutai.com.vn\/wp-content\/uploads\/2024\/03\/Xi-nghiep-380-Chi-nhanh-cong-ty-co-phan-Phu-Tai-14.jpg\" alt=\"\" class=\"wp-image-4508\" srcset=\"https:\/\/phutai.com.vn\/wp-content\/uploads\/2024\/03\/Xi-nghiep-380-Chi-nhanh-cong-ty-co-phan-Phu-Tai-14.jpg 1000w, https:\/\/phutai.com.vn\/wp-content\/uploads\/2024\/03\/Xi-nghiep-380-Chi-nhanh-cong-ty-co-phan-Phu-Tai-14-768x576.jpg 768w, https:\/\/phutai.com.vn\/wp-content\/uploads\/2024\/03\/Xi-nghiep-380-Chi-nhanh-cong-ty-co-phan-Phu-Tai-14-16x12.jpg 16w\" sizes=\"auto, (max-width: 1000px) 100vw, 1000px\" \/><\/figure>\n\n\n\n<figure class=\"wp-block-image size-full\"><img loading=\"lazy\" decoding=\"async\" width=\"1024\" height=\"680\" src=\"https:\/\/phutai.com.vn\/wp-content\/uploads\/2024\/03\/Xi-nghiep-380-Chi-nhanh-cong-ty-co-phan-Phu-Tai-15-1024x680-1.jpg\" alt=\"\" class=\"wp-image-4509\" srcset=\"https:\/\/phutai.com.vn\/wp-content\/uploads\/2024\/03\/Xi-nghiep-380-Chi-nhanh-cong-ty-co-phan-Phu-Tai-15-1024x680-1.jpg 1024w, https:\/\/phutai.com.vn\/wp-content\/uploads\/2024\/03\/Xi-nghiep-380-Chi-nhanh-cong-ty-co-phan-Phu-Tai-15-1024x680-1-768x510.jpg 768w, https:\/\/phutai.com.vn\/wp-content\/uploads\/2024\/03\/Xi-nghiep-380-Chi-nhanh-cong-ty-co-phan-Phu-Tai-15-1024x680-1-18x12.jpg 18w\" sizes=\"auto, (max-width: 1024px) 100vw, 1024px\" \/><\/figure>\n\n\n\n<h3 class=\"wp-block-heading\">T\u1ea1i sao n\u00ean l\u1ef1a ch\u1ecdn s\u1ea3n ph\u1ea9m c\u1ee7a Ph\u00fa T\u00e0i<\/h3>\n\n\n\n<ul class=\"wp-block-list\">\n<li>Ph\u00fa T\u00e0i c\u00f3 nhi\u1ec1u n\u0103m kinh nghi\u1ec7m nh\u1eadp kh\u1ea9u \u0111\u00e1 kh\u1ed1i t\u1eeb c\u00e1c m\u1ecf \u0111\u00e1 l\u1edbn tr\u00ean to\u00e0n th\u1ebf gi\u1edbi.<\/li>\n\n\n\n<li>Ph\u00fa T\u00e0i nh\u1eadp kh\u1ea9u tr\u1ef1c ti\u1ebfp \u0111\u00e1 kh\u1ed1i v\u00e0 tr\u1ef1c ti\u1ebfp ch\u1ebf bi\u1ebfn t\u1ea1i nh\u00e0 m\u00e1y n\u00ean s\u1ed1 l\u01b0\u1ee3ng v\u00e0 ch\u1ea5t l\u01b0\u1ee3ng \u1ed5n \u0111\u1ecbnh.<\/li>\n\n\n\n<li>Ph\u00fa T\u00e0i l\u00e0 nh\u00e0 s\u1ea3n xu\u1ea5t chuy\u00ean nghi\u1ec7p, tr\u1ef1c ti\u1ebfp gia c\u00f4ng, kh\u00f4ng qua trung gian th\u01b0\u01a1ng m\u1ea1i n\u00ean gi\u00e1 c\u1ea3 c\u1ea1nh tranh.<\/li>\n\n\n\n<li>Ph\u00fa T\u00e0i s\u1edf h\u1eefu nhi\u1ec1u nh\u00e0 m\u00e1y, chi nh\u00e1nh r\u1ed9ng kh\u1eafp t\u1eeb Nam \u0111\u1ebfn B\u1eafc n\u00ean chi ph\u00ed v\u00e0 th\u1eddi gian v\u1eadn chuy\u1ec3n th\u1ea5p nh\u1ea5t.<\/li>\n<\/ul>\n\n\n\n<h3 class=\"wp-block-heading\">Li\u00ean h\u1ec7<\/h3>\n\n\n\n<p>Li\u00ean h\u1ec7 NGAY \u0111\u1ec3 \u0111\u01b0\u1ee3c t\u01b0 v\u1ea5n MI\u1ec4N PH\u00cd v\u00e0 nh\u1eadn b\u00e1o gi\u00e1 T\u1ed0T NH\u1ea4T !<\/p>\n\n\n\n<p><strong>C\u00f4ng ty c\u1ed5 ph\u1ea7n Ph\u00fa T\u00e0i<\/strong><br>\u0110i\u1ec7n tho\u1ea1i :&nbsp;<a href=\"tel:02563841668\">0256 3841 668<\/a><br>Fax : 0256 3841 556<br>Email:&nbsp;<a href=\"mailto:sales@phutai.com.vn\">sales@phutai.com.vn<\/a><\/p>\n","protected":false},"excerpt":{"rendered":"<p>Gi\u1edbi thi\u1ec7u \u0110\u00e1 granite xanh ng\u1ecdc\u00a0c\u00f3 \u0111\u1eb7c \u0111i\u1ec3m b\u1ec1 m\u1eb7t c\u00f3 nhi\u1ec1u h\u1ea1t nh\u1ecf, l\u00e0 s\u1ef1 l\u1ef1a ch\u1ecdn r\u1ea5t nhi\u1ec1u d\u1ef1 \u00e1n l\u1edbn c\u0169ng nh\u01b0 trong gia \u0111\u00ecnh, trang tr\u00ed n\u1ed9i ngo\u1ea1i th\u1ea5t nh\u1edd v\u00e0o m\u00e0u s\u1eafc n\u1ed5i b\u1eadt , b\u1ec1n, ch\u1ecbu nhi\u1ec7t v\u00e0 kh\u1ea3 n\u0103ng ch\u1ed1ng x\u01b0\u1edbc, b\u1ec1n ch\u1eafc v\u1edbi m\u00f4i tr\u01b0\u1eddng thi\u00ean nhi\u00ean. [&hellip;]<\/p>\n","protected":false},"author":1,"featured_media":4823,"menu_order":0,"comment_status":"open","ping_status":"open","template":"","format":"standard","meta":{"footnotes":""},"category-product":[44,36],"class_list":["post-4822","product","type-product","status-publish","format-standard","has-post-thumbnail","hentry","category-product-granite-nhap-khau","category-product-san-pham-da-tu-nhien"],"acf":[],"yoast_head":"<!-- This site is optimized with the Yoast SEO plugin v24.7 - https:\/\/yoast.com\/wordpress\/plugins\/seo\/ -->\n<title>\u0110\u00e1 granite xanh ng\u1ecdc - Ph\u00fa T\u00e0i JSC<\/title>\n<meta name=\"robots\" content=\"index, follow, max-snippet:-1, max-image-preview:large, max-video-preview:-1\" \/>\n<link rel=\"canonical\" href=\"https:\/\/phutai.com.vn\/en\/product\/da-granite-xanh-ngoc\/\" \/>\n<meta property=\"og:locale\" content=\"en_US\" \/>\n<meta property=\"og:type\" content=\"article\" \/>\n<meta property=\"og:title\" content=\"\u0110\u00e1 granite xanh ng\u1ecdc - Ph\u00fa T\u00e0i JSC\" \/>\n<meta property=\"og:description\" content=\"Gi\u1edbi thi\u1ec7u \u0110\u00e1 granite xanh ng\u1ecdc\u00a0c\u00f3 \u0111\u1eb7c \u0111i\u1ec3m b\u1ec1 m\u1eb7t c\u00f3 nhi\u1ec1u h\u1ea1t nh\u1ecf, l\u00e0 s\u1ef1 l\u1ef1a ch\u1ecdn r\u1ea5t nhi\u1ec1u d\u1ef1 \u00e1n l\u1edbn c\u0169ng nh\u01b0 trong gia \u0111\u00ecnh, trang tr\u00ed n\u1ed9i ngo\u1ea1i th\u1ea5t nh\u1edd v\u00e0o m\u00e0u s\u1eafc n\u1ed5i b\u1eadt , b\u1ec1n, ch\u1ecbu nhi\u1ec7t v\u00e0 kh\u1ea3 n\u0103ng ch\u1ed1ng x\u01b0\u1edbc, b\u1ec1n ch\u1eafc v\u1edbi m\u00f4i tr\u01b0\u1eddng thi\u00ean nhi\u00ean. [&hellip;]\" \/>\n<meta property=\"og:url\" content=\"https:\/\/phutai.com.vn\/en\/product\/da-granite-xanh-ngoc\/\" \/>\n<meta property=\"og:site_name\" content=\"Ph\u00fa T\u00e0i JSC\" \/>\n<meta property=\"article:publisher\" content=\"https:\/\/www.facebook.com\/phutai.jointstockcompany\" \/>\n<meta property=\"article:modified_time\" content=\"2024-03-27T04:19:01+00:00\" \/>\n<meta property=\"og:image\" content=\"https:\/\/phutai.com.vn\/wp-content\/uploads\/2024\/03\/Granite-xanh-ngoc.png\" \/>\n\t<meta property=\"og:image:width\" content=\"1000\" \/>\n\t<meta property=\"og:image:height\" content=\"1000\" \/>\n\t<meta property=\"og:image:type\" content=\"image\/png\" \/>\n<meta name=\"twitter:card\" content=\"summary_large_image\" \/>\n<meta name=\"twitter:label1\" content=\"Est. reading time\" \/>\n\t<meta name=\"twitter:data1\" content=\"5 minutes\" \/>\n<script type=\"application\/ld+json\" class=\"yoast-schema-graph\">{\"@context\":\"https:\/\/schema.org\",\"@graph\":[{\"@type\":\"WebPage\",\"@id\":\"https:\/\/phutai.com.vn\/product\/da-granite-xanh-ngoc\/\",\"url\":\"https:\/\/phutai.com.vn\/product\/da-granite-xanh-ngoc\/\",\"name\":\"\u0110\u00e1 granite xanh ng\u1ecdc - Ph\u00fa T\u00e0i JSC\",\"isPartOf\":{\"@id\":\"https:\/\/phutai.com.vn\/#website\"},\"primaryImageOfPage\":{\"@id\":\"https:\/\/phutai.com.vn\/product\/da-granite-xanh-ngoc\/#primaryimage\"},\"image\":{\"@id\":\"https:\/\/phutai.com.vn\/product\/da-granite-xanh-ngoc\/#primaryimage\"},\"thumbnailUrl\":\"https:\/\/phutai.com.vn\/wp-content\/uploads\/2024\/03\/Granite-xanh-ngoc.png\",\"datePublished\":\"2024-03-27T04:18:45+00:00\",\"dateModified\":\"2024-03-27T04:19:01+00:00\",\"breadcrumb\":{\"@id\":\"https:\/\/phutai.com.vn\/product\/da-granite-xanh-ngoc\/#breadcrumb\"},\"inLanguage\":\"en-US\",\"potentialAction\":[{\"@type\":\"ReadAction\",\"target\":[\"https:\/\/phutai.com.vn\/product\/da-granite-xanh-ngoc\/\"]}]},{\"@type\":\"ImageObject\",\"inLanguage\":\"en-US\",\"@id\":\"https:\/\/phutai.com.vn\/product\/da-granite-xanh-ngoc\/#primaryimage\",\"url\":\"https:\/\/phutai.com.vn\/wp-content\/uploads\/2024\/03\/Granite-xanh-ngoc.png\",\"contentUrl\":\"https:\/\/phutai.com.vn\/wp-content\/uploads\/2024\/03\/Granite-xanh-ngoc.png\",\"width\":1000,\"height\":1000},{\"@type\":\"BreadcrumbList\",\"@id\":\"https:\/\/phutai.com.vn\/product\/da-granite-xanh-ngoc\/#breadcrumb\",\"itemListElement\":[{\"@type\":\"ListItem\",\"position\":1,\"name\":\"Home\",\"item\":\"https:\/\/phutai.com.vn\/\"},{\"@type\":\"ListItem\",\"position\":2,\"name\":\"\u0110\u00e1 granite xanh ng\u1ecdc\"}]},{\"@type\":\"WebSite\",\"@id\":\"https:\/\/phutai.com.vn\/#website\",\"url\":\"https:\/\/phutai.com.vn\/\",\"name\":\"Ph\u00fa T\u00e0i JSC\",\"description\":\"\",\"publisher\":{\"@id\":\"https:\/\/phutai.com.vn\/#organization\"},\"potentialAction\":[{\"@type\":\"SearchAction\",\"target\":{\"@type\":\"EntryPoint\",\"urlTemplate\":\"https:\/\/phutai.com.vn\/?s={search_term_string}\"},\"query-input\":{\"@type\":\"PropertyValueSpecification\",\"valueRequired\":true,\"valueName\":\"search_term_string\"}}],\"inLanguage\":\"en-US\"},{\"@type\":\"Organization\",\"@id\":\"https:\/\/phutai.com.vn\/#organization\",\"name\":\"Ph\u00fa T\u00e0i JSC\",\"url\":\"https:\/\/phutai.com.vn\/\",\"logo\":{\"@type\":\"ImageObject\",\"inLanguage\":\"en-US\",\"@id\":\"https:\/\/phutai.com.vn\/#\/schema\/logo\/image\/\",\"url\":\"https:\/\/phutai.com.vn\/wp-content\/uploads\/2026\/01\/phutai-logo-tachnen.png\",\"contentUrl\":\"https:\/\/phutai.com.vn\/wp-content\/uploads\/2026\/01\/phutai-logo-tachnen.png\",\"width\":500,\"height\":327,\"caption\":\"Ph\u00fa T\u00e0i JSC\"},\"image\":{\"@id\":\"https:\/\/phutai.com.vn\/#\/schema\/logo\/image\/\"},\"sameAs\":[\"https:\/\/www.facebook.com\/phutai.jointstockcompany\"]}]}<\/script>\n<!-- \/ Yoast SEO plugin. -->","yoast_head_json":{"title":"\u0110\u00e1 granite xanh ng\u1ecdc - Ph\u00fa T\u00e0i JSC","robots":{"index":"index","follow":"follow","max-snippet":"max-snippet:-1","max-image-preview":"max-image-preview:large","max-video-preview":"max-video-preview:-1"},"canonical":"https:\/\/phutai.com.vn\/en\/product\/da-granite-xanh-ngoc\/","og_locale":"en_US","og_type":"article","og_title":"\u0110\u00e1 granite xanh ng\u1ecdc - Ph\u00fa T\u00e0i JSC","og_description":"Gi\u1edbi thi\u1ec7u \u0110\u00e1 granite xanh ng\u1ecdc\u00a0c\u00f3 \u0111\u1eb7c \u0111i\u1ec3m b\u1ec1 m\u1eb7t c\u00f3 nhi\u1ec1u h\u1ea1t nh\u1ecf, l\u00e0 s\u1ef1 l\u1ef1a ch\u1ecdn r\u1ea5t nhi\u1ec1u d\u1ef1 \u00e1n l\u1edbn c\u0169ng nh\u01b0 trong gia \u0111\u00ecnh, trang tr\u00ed n\u1ed9i ngo\u1ea1i th\u1ea5t nh\u1edd v\u00e0o m\u00e0u s\u1eafc n\u1ed5i b\u1eadt , b\u1ec1n, ch\u1ecbu nhi\u1ec7t v\u00e0 kh\u1ea3 n\u0103ng ch\u1ed1ng x\u01b0\u1edbc, b\u1ec1n ch\u1eafc v\u1edbi m\u00f4i tr\u01b0\u1eddng thi\u00ean nhi\u00ean. [&hellip;]","og_url":"https:\/\/phutai.com.vn\/en\/product\/da-granite-xanh-ngoc\/","og_site_name":"Ph\u00fa T\u00e0i JSC","article_publisher":"https:\/\/www.facebook.com\/phutai.jointstockcompany","article_modified_time":"2024-03-27T04:19:01+00:00","og_image":[{"width":1000,"height":1000,"url":"https:\/\/phutai.com.vn\/wp-content\/uploads\/2024\/03\/Granite-xanh-ngoc.png","type":"image\/png"}],"twitter_card":"summary_large_image","twitter_misc":{"Est. reading time":"5 minutes"},"schema":{"@context":"https:\/\/schema.org","@graph":[{"@type":"WebPage","@id":"https:\/\/phutai.com.vn\/product\/da-granite-xanh-ngoc\/","url":"https:\/\/phutai.com.vn\/product\/da-granite-xanh-ngoc\/","name":"\u0110\u00e1 granite xanh ng\u1ecdc - Ph\u00fa T\u00e0i JSC","isPartOf":{"@id":"https:\/\/phutai.com.vn\/#website"},"primaryImageOfPage":{"@id":"https:\/\/phutai.com.vn\/product\/da-granite-xanh-ngoc\/#primaryimage"},"image":{"@id":"https:\/\/phutai.com.vn\/product\/da-granite-xanh-ngoc\/#primaryimage"},"thumbnailUrl":"https:\/\/phutai.com.vn\/wp-content\/uploads\/2024\/03\/Granite-xanh-ngoc.png","datePublished":"2024-03-27T04:18:45+00:00","dateModified":"2024-03-27T04:19:01+00:00","breadcrumb":{"@id":"https:\/\/phutai.com.vn\/product\/da-granite-xanh-ngoc\/#breadcrumb"},"inLanguage":"en-US","potentialAction":[{"@type":"ReadAction","target":["https:\/\/phutai.com.vn\/product\/da-granite-xanh-ngoc\/"]}]},{"@type":"ImageObject","inLanguage":"en-US","@id":"https:\/\/phutai.com.vn\/product\/da-granite-xanh-ngoc\/#primaryimage","url":"https:\/\/phutai.com.vn\/wp-content\/uploads\/2024\/03\/Granite-xanh-ngoc.png","contentUrl":"https:\/\/phutai.com.vn\/wp-content\/uploads\/2024\/03\/Granite-xanh-ngoc.png","width":1000,"height":1000},{"@type":"BreadcrumbList","@id":"https:\/\/phutai.com.vn\/product\/da-granite-xanh-ngoc\/#breadcrumb","itemListElement":[{"@type":"ListItem","position":1,"name":"Home","item":"https:\/\/phutai.com.vn\/"},{"@type":"ListItem","position":2,"name":"\u0110\u00e1 granite xanh ng\u1ecdc"}]},{"@type":"WebSite","@id":"https:\/\/phutai.com.vn\/#website","url":"https:\/\/phutai.com.vn\/","name":"Ph\u00fa T\u00e0i JSC","description":"","publisher":{"@id":"https:\/\/phutai.com.vn\/#organization"},"potentialAction":[{"@type":"SearchAction","target":{"@type":"EntryPoint","urlTemplate":"https:\/\/phutai.com.vn\/?s={search_term_string}"},"query-input":{"@type":"PropertyValueSpecification","valueRequired":true,"valueName":"search_term_string"}}],"inLanguage":"en-US"},{"@type":"Organization","@id":"https:\/\/phutai.com.vn\/#organization","name":"Ph\u00fa T\u00e0i JSC","url":"https:\/\/phutai.com.vn\/","logo":{"@type":"ImageObject","inLanguage":"en-US","@id":"https:\/\/phutai.com.vn\/#\/schema\/logo\/image\/","url":"https:\/\/phutai.com.vn\/wp-content\/uploads\/2026\/01\/phutai-logo-tachnen.png","contentUrl":"https:\/\/phutai.com.vn\/wp-content\/uploads\/2026\/01\/phutai-logo-tachnen.png","width":500,"height":327,"caption":"Ph\u00fa T\u00e0i JSC"},"image":{"@id":"https:\/\/phutai.com.vn\/#\/schema\/logo\/image\/"},"sameAs":["https:\/\/www.facebook.com\/phutai.jointstockcompany"]}]}},"_links":{"self":[{"href":"https:\/\/phutai.com.vn\/en\/wp-json\/wp\/v2\/product\/4822","targetHints":{"allow":["GET"]}}],"collection":[{"href":"https:\/\/phutai.com.vn\/en\/wp-json\/wp\/v2\/product"}],"about":[{"href":"https:\/\/phutai.com.vn\/en\/wp-json\/wp\/v2\/types\/product"}],"author":[{"embeddable":true,"href":"https:\/\/phutai.com.vn\/en\/wp-json\/wp\/v2\/users\/1"}],"replies":[{"embeddable":true,"href":"https:\/\/phutai.com.vn\/en\/wp-json\/wp\/v2\/comments?post=4822"}],"version-history":[{"count":3,"href":"https:\/\/phutai.com.vn\/en\/wp-json\/wp\/v2\/product\/4822\/revisions"}],"predecessor-version":[{"id":4833,"href":"https:\/\/phutai.com.vn\/en\/wp-json\/wp\/v2\/product\/4822\/revisions\/4833"}],"wp:featuredmedia":[{"embeddable":true,"href":"https:\/\/phutai.com.vn\/en\/wp-json\/wp\/v2\/media\/4823"}],"wp:attachment":[{"href":"https:\/\/phutai.com.vn\/en\/wp-json\/wp\/v2\/media?parent=4822"}],"wp:term":[{"taxonomy":"category-product","embeddable":true,"href":"https:\/\/phutai.com.vn\/en\/wp-json\/wp\/v2\/category-product?post=4822"}],"curies":[{"name":"wp","href":"https:\/\/api.w.org\/{rel}","templated":true}]}}