{"id":4908,"date":"2024-03-27T07:12:19","date_gmt":"2024-03-27T07:12:19","guid":{"rendered":"https:\/\/phutai.com.vn\/?post_type=product&#038;p=4908"},"modified":"2024-03-27T07:13:15","modified_gmt":"2024-03-27T07:13:15","slug":"da-xa-cu-xanh-nauy","status":"publish","type":"product","link":"https:\/\/phutai.com.vn\/en\/product\/da-xa-cu-xanh-nauy\/","title":{"rendered":"\u0110\u00e1 X\u00e0 C\u1eeb xanh Nauy"},"content":{"rendered":"\n<h3 class=\"wp-block-heading\">Gi\u1edbi thi\u1ec7u<\/h3>\n\n\n\n<p><strong>X\u00e0 C\u1eeb xanh Nauy<\/strong>\u00a0l\u00e0 m\u1ed9t lo\u1ea1i \u0111\u00e1 ph\u1ed5 bi\u1ebfn tr\u00ean to\u00e0n th\u1ebf gi\u1edbi, s\u1eed d\u1ee5ng cho trang tr\u00ed n\u1ed9i v\u00e0 ngo\u1ea1i th\u1ea5t. X\u00e0 C\u1eeb xanh c\u00f3 tinh th\u1ec3 s\u00e1ng m\u00e0u xanh r\u1ea5t \u0111\u1eb9p.<\/p>\n\n\n\n<h3 class=\"wp-block-heading\">H\u00ecnh \u1ea3nh ch\u1ebf bi\u1ebfn t\u1ea1i nh\u00e0 m\u00e1y<\/h3>\n\n\n\n<figure class=\"wp-block-image size-full\"><img loading=\"lazy\" decoding=\"async\" width=\"1024\" height=\"504\" src=\"https:\/\/phutai.com.vn\/wp-content\/uploads\/2024\/03\/image-20.png\" alt=\"\" class=\"wp-image-4484\" srcset=\"https:\/\/phutai.com.vn\/wp-content\/uploads\/2024\/03\/image-20.png 1024w, https:\/\/phutai.com.vn\/wp-content\/uploads\/2024\/03\/image-20-768x378.png 768w, https:\/\/phutai.com.vn\/wp-content\/uploads\/2024\/03\/image-20-18x9.png 18w\" sizes=\"auto, (max-width: 1024px) 100vw, 1024px\" \/><\/figure>\n\n\n\n<figure class=\"wp-block-image size-full\"><img loading=\"lazy\" decoding=\"async\" width=\"961\" height=\"720\" src=\"https:\/\/phutai.com.vn\/wp-content\/uploads\/2024\/03\/Da-xa-cu-xanh-phu-tai-7.jpg\" alt=\"\" class=\"wp-image-4915\" srcset=\"https:\/\/phutai.com.vn\/wp-content\/uploads\/2024\/03\/Da-xa-cu-xanh-phu-tai-7.jpg 961w, https:\/\/phutai.com.vn\/wp-content\/uploads\/2024\/03\/Da-xa-cu-xanh-phu-tai-7-768x575.jpg 768w, https:\/\/phutai.com.vn\/wp-content\/uploads\/2024\/03\/Da-xa-cu-xanh-phu-tai-7-16x12.jpg 16w\" sizes=\"auto, (max-width: 961px) 100vw, 961px\" \/><\/figure>\n\n\n\n<figure class=\"wp-block-image size-full\"><img loading=\"lazy\" decoding=\"async\" width=\"961\" height=\"720\" src=\"https:\/\/phutai.com.vn\/wp-content\/uploads\/2024\/03\/Da-xa-cu-xanh-phu-tai-6.jpg\" alt=\"\" class=\"wp-image-4917\" srcset=\"https:\/\/phutai.com.vn\/wp-content\/uploads\/2024\/03\/Da-xa-cu-xanh-phu-tai-6.jpg 961w, https:\/\/phutai.com.vn\/wp-content\/uploads\/2024\/03\/Da-xa-cu-xanh-phu-tai-6-768x575.jpg 768w, https:\/\/phutai.com.vn\/wp-content\/uploads\/2024\/03\/Da-xa-cu-xanh-phu-tai-6-16x12.jpg 16w\" sizes=\"auto, (max-width: 961px) 100vw, 961px\" \/><\/figure>\n\n\n\n<figure class=\"wp-block-image size-full\"><img loading=\"lazy\" decoding=\"async\" width=\"961\" height=\"720\" src=\"https:\/\/phutai.com.vn\/wp-content\/uploads\/2024\/03\/Da-xa-cu-xanh-phu-tai-3.jpg\" alt=\"\" class=\"wp-image-4918\" srcset=\"https:\/\/phutai.com.vn\/wp-content\/uploads\/2024\/03\/Da-xa-cu-xanh-phu-tai-3.jpg 961w, https:\/\/phutai.com.vn\/wp-content\/uploads\/2024\/03\/Da-xa-cu-xanh-phu-tai-3-768x575.jpg 768w, https:\/\/phutai.com.vn\/wp-content\/uploads\/2024\/03\/Da-xa-cu-xanh-phu-tai-3-16x12.jpg 16w\" sizes=\"auto, (max-width: 961px) 100vw, 961px\" \/><\/figure>\n\n\n\n<figure class=\"wp-block-image size-full\"><img loading=\"lazy\" decoding=\"async\" width=\"960\" height=\"719\" src=\"https:\/\/phutai.com.vn\/wp-content\/uploads\/2024\/03\/Da-xa-cu-xanh-phu-tai-8.jpg\" alt=\"\" class=\"wp-image-4919\" srcset=\"https:\/\/phutai.com.vn\/wp-content\/uploads\/2024\/03\/Da-xa-cu-xanh-phu-tai-8.jpg 960w, https:\/\/phutai.com.vn\/wp-content\/uploads\/2024\/03\/Da-xa-cu-xanh-phu-tai-8-768x575.jpg 768w, https:\/\/phutai.com.vn\/wp-content\/uploads\/2024\/03\/Da-xa-cu-xanh-phu-tai-8-16x12.jpg 16w\" sizes=\"auto, (max-width: 960px) 100vw, 960px\" \/><\/figure>\n\n\n\n<figure class=\"wp-block-image size-full\"><img loading=\"lazy\" decoding=\"async\" width=\"961\" height=\"720\" src=\"https:\/\/phutai.com.vn\/wp-content\/uploads\/2024\/03\/Da-xa-cu-xanh-phu-tai-2.jpg\" alt=\"\" class=\"wp-image-4920\" srcset=\"https:\/\/phutai.com.vn\/wp-content\/uploads\/2024\/03\/Da-xa-cu-xanh-phu-tai-2.jpg 961w, https:\/\/phutai.com.vn\/wp-content\/uploads\/2024\/03\/Da-xa-cu-xanh-phu-tai-2-768x575.jpg 768w, https:\/\/phutai.com.vn\/wp-content\/uploads\/2024\/03\/Da-xa-cu-xanh-phu-tai-2-16x12.jpg 16w\" sizes=\"auto, (max-width: 961px) 100vw, 961px\" \/><\/figure>\n\n\n\n<figure class=\"wp-block-image size-full\"><img loading=\"lazy\" decoding=\"async\" width=\"1024\" height=\"465\" src=\"https:\/\/phutai.com.vn\/wp-content\/uploads\/2024\/03\/image-24.png\" alt=\"\" class=\"wp-image-4488\" srcset=\"https:\/\/phutai.com.vn\/wp-content\/uploads\/2024\/03\/image-24.png 1024w, https:\/\/phutai.com.vn\/wp-content\/uploads\/2024\/03\/image-24-768x349.png 768w, https:\/\/phutai.com.vn\/wp-content\/uploads\/2024\/03\/image-24-18x8.png 18w\" sizes=\"auto, (max-width: 1024px) 100vw, 1024px\" \/><\/figure>\n\n\n\n<figure class=\"wp-block-image size-full\"><img loading=\"lazy\" decoding=\"async\" width=\"1024\" height=\"576\" src=\"https:\/\/phutai.com.vn\/wp-content\/uploads\/2024\/03\/Xi-nghiep-380-Chi-nhanh-cong-ty-co-phan-Phu-Tai-3-1024x576-1.jpg\" alt=\"\" class=\"wp-image-4739\" srcset=\"https:\/\/phutai.com.vn\/wp-content\/uploads\/2024\/03\/Xi-nghiep-380-Chi-nhanh-cong-ty-co-phan-Phu-Tai-3-1024x576-1.jpg 1024w, https:\/\/phutai.com.vn\/wp-content\/uploads\/2024\/03\/Xi-nghiep-380-Chi-nhanh-cong-ty-co-phan-Phu-Tai-3-1024x576-1-768x432.jpg 768w, https:\/\/phutai.com.vn\/wp-content\/uploads\/2024\/03\/Xi-nghiep-380-Chi-nhanh-cong-ty-co-phan-Phu-Tai-3-1024x576-1-18x10.jpg 18w\" sizes=\"auto, (max-width: 1024px) 100vw, 1024px\" \/><\/figure>\n\n\n\n<figure class=\"wp-block-image size-full\"><img loading=\"lazy\" decoding=\"async\" width=\"1000\" height=\"664\" src=\"https:\/\/phutai.com.vn\/wp-content\/uploads\/2024\/03\/image-26.png\" alt=\"\" class=\"wp-image-4490\" srcset=\"https:\/\/phutai.com.vn\/wp-content\/uploads\/2024\/03\/image-26.png 1000w, https:\/\/phutai.com.vn\/wp-content\/uploads\/2024\/03\/image-26-768x510.png 768w, https:\/\/phutai.com.vn\/wp-content\/uploads\/2024\/03\/image-26-18x12.png 18w\" sizes=\"auto, (max-width: 1000px) 100vw, 1000px\" \/><\/figure>\n\n\n\n<figure class=\"wp-block-image size-full\"><img loading=\"lazy\" decoding=\"async\" width=\"1024\" height=\"462\" src=\"https:\/\/phutai.com.vn\/wp-content\/uploads\/2024\/03\/image-28.png\" alt=\"\" class=\"wp-image-4493\" srcset=\"https:\/\/phutai.com.vn\/wp-content\/uploads\/2024\/03\/image-28.png 1024w, https:\/\/phutai.com.vn\/wp-content\/uploads\/2024\/03\/image-28-768x347.png 768w, https:\/\/phutai.com.vn\/wp-content\/uploads\/2024\/03\/image-28-18x8.png 18w\" sizes=\"auto, (max-width: 1024px) 100vw, 1024px\" \/><\/figure>\n\n\n\n<figure class=\"wp-block-image size-full\"><img loading=\"lazy\" decoding=\"async\" width=\"1024\" height=\"459\" src=\"https:\/\/phutai.com.vn\/wp-content\/uploads\/2024\/03\/image-29.png\" alt=\"\" class=\"wp-image-4494\" srcset=\"https:\/\/phutai.com.vn\/wp-content\/uploads\/2024\/03\/image-29.png 1024w, https:\/\/phutai.com.vn\/wp-content\/uploads\/2024\/03\/image-29-768x344.png 768w, https:\/\/phutai.com.vn\/wp-content\/uploads\/2024\/03\/image-29-18x8.png 18w\" sizes=\"auto, (max-width: 1024px) 100vw, 1024px\" \/><\/figure>\n\n\n\n<figure class=\"wp-block-image size-full\"><img loading=\"lazy\" decoding=\"async\" width=\"1000\" height=\"750\" src=\"https:\/\/phutai.com.vn\/wp-content\/uploads\/2024\/03\/Xi-nghiep-380-Chi-nhanh-cong-ty-co-phan-Phu-Tai-13.jpg\" alt=\"\" class=\"wp-image-4507\" srcset=\"https:\/\/phutai.com.vn\/wp-content\/uploads\/2024\/03\/Xi-nghiep-380-Chi-nhanh-cong-ty-co-phan-Phu-Tai-13.jpg 1000w, https:\/\/phutai.com.vn\/wp-content\/uploads\/2024\/03\/Xi-nghiep-380-Chi-nhanh-cong-ty-co-phan-Phu-Tai-13-768x576.jpg 768w, https:\/\/phutai.com.vn\/wp-content\/uploads\/2024\/03\/Xi-nghiep-380-Chi-nhanh-cong-ty-co-phan-Phu-Tai-13-16x12.jpg 16w\" sizes=\"auto, (max-width: 1000px) 100vw, 1000px\" \/><\/figure>\n\n\n\n<figure class=\"wp-block-image size-full\"><img loading=\"lazy\" decoding=\"async\" width=\"1000\" height=\"750\" src=\"https:\/\/phutai.com.vn\/wp-content\/uploads\/2024\/03\/Xi-nghiep-380-Chi-nhanh-cong-ty-co-phan-Phu-Tai-14.jpg\" alt=\"\" class=\"wp-image-4508\" srcset=\"https:\/\/phutai.com.vn\/wp-content\/uploads\/2024\/03\/Xi-nghiep-380-Chi-nhanh-cong-ty-co-phan-Phu-Tai-14.jpg 1000w, https:\/\/phutai.com.vn\/wp-content\/uploads\/2024\/03\/Xi-nghiep-380-Chi-nhanh-cong-ty-co-phan-Phu-Tai-14-768x576.jpg 768w, https:\/\/phutai.com.vn\/wp-content\/uploads\/2024\/03\/Xi-nghiep-380-Chi-nhanh-cong-ty-co-phan-Phu-Tai-14-16x12.jpg 16w\" sizes=\"auto, (max-width: 1000px) 100vw, 1000px\" \/><\/figure>\n\n\n\n<figure class=\"wp-block-image size-full\"><img loading=\"lazy\" decoding=\"async\" width=\"1024\" height=\"680\" src=\"https:\/\/phutai.com.vn\/wp-content\/uploads\/2024\/03\/Xi-nghiep-380-Chi-nhanh-cong-ty-co-phan-Phu-Tai-15-1024x680-1.jpg\" alt=\"\" class=\"wp-image-4509\" srcset=\"https:\/\/phutai.com.vn\/wp-content\/uploads\/2024\/03\/Xi-nghiep-380-Chi-nhanh-cong-ty-co-phan-Phu-Tai-15-1024x680-1.jpg 1024w, https:\/\/phutai.com.vn\/wp-content\/uploads\/2024\/03\/Xi-nghiep-380-Chi-nhanh-cong-ty-co-phan-Phu-Tai-15-1024x680-1-768x510.jpg 768w, https:\/\/phutai.com.vn\/wp-content\/uploads\/2024\/03\/Xi-nghiep-380-Chi-nhanh-cong-ty-co-phan-Phu-Tai-15-1024x680-1-18x12.jpg 18w\" sizes=\"auto, (max-width: 1024px) 100vw, 1024px\" \/><\/figure>\n\n\n\n<h3 class=\"wp-block-heading\">\u1ee8ng d\u1ee5ng \u0111\u00e1 granite x\u00e0 c\u1eeb xanh<\/h3>\n\n\n\n<figure class=\"wp-block-image size-full\"><img loading=\"lazy\" decoding=\"async\" width=\"768\" height=\"512\" src=\"https:\/\/phutai.com.vn\/wp-content\/uploads\/2024\/03\/Da-xa-cu-xanh-Nauy-_polsihed-1000x667-768x512-1.jpg\" alt=\"\" class=\"wp-image-4925\" srcset=\"https:\/\/phutai.com.vn\/wp-content\/uploads\/2024\/03\/Da-xa-cu-xanh-Nauy-_polsihed-1000x667-768x512-1.jpg 768w, https:\/\/phutai.com.vn\/wp-content\/uploads\/2024\/03\/Da-xa-cu-xanh-Nauy-_polsihed-1000x667-768x512-1-18x12.jpg 18w\" sizes=\"auto, (max-width: 768px) 100vw, 768px\" \/><\/figure>\n\n\n\n<figure class=\"wp-block-image size-full\"><img loading=\"lazy\" decoding=\"async\" width=\"565\" height=\"374\" src=\"https:\/\/phutai.com.vn\/wp-content\/uploads\/2024\/03\/Da-xa-cu-xanh-Nauy-polished.jpg\" alt=\"\" class=\"wp-image-4926\" srcset=\"https:\/\/phutai.com.vn\/wp-content\/uploads\/2024\/03\/Da-xa-cu-xanh-Nauy-polished.jpg 565w, https:\/\/phutai.com.vn\/wp-content\/uploads\/2024\/03\/Da-xa-cu-xanh-Nauy-polished-18x12.jpg 18w\" sizes=\"auto, (max-width: 565px) 100vw, 565px\" \/><\/figure>\n\n\n\n<figure class=\"wp-block-image size-full\"><img loading=\"lazy\" decoding=\"async\" width=\"700\" height=\"467\" src=\"https:\/\/phutai.com.vn\/wp-content\/uploads\/2024\/03\/Da-xa-cu-xanh-Nauy-Cisco.jpg\" alt=\"\" class=\"wp-image-4928\" srcset=\"https:\/\/phutai.com.vn\/wp-content\/uploads\/2024\/03\/Da-xa-cu-xanh-Nauy-Cisco.jpg 700w, https:\/\/phutai.com.vn\/wp-content\/uploads\/2024\/03\/Da-xa-cu-xanh-Nauy-Cisco-18x12.jpg 18w\" sizes=\"auto, (max-width: 700px) 100vw, 700px\" \/><\/figure>\n\n\n\n<figure class=\"wp-block-image size-full\"><img loading=\"lazy\" decoding=\"async\" width=\"700\" height=\"467\" src=\"https:\/\/phutai.com.vn\/wp-content\/uploads\/2024\/03\/Da-xa-cu-den-Nauy-op-mat-tien.jpg\" alt=\"\" class=\"wp-image-4896\" srcset=\"https:\/\/phutai.com.vn\/wp-content\/uploads\/2024\/03\/Da-xa-cu-den-Nauy-op-mat-tien.jpg 700w, https:\/\/phutai.com.vn\/wp-content\/uploads\/2024\/03\/Da-xa-cu-den-Nauy-op-mat-tien-18x12.jpg 18w\" sizes=\"auto, (max-width: 700px) 100vw, 700px\" \/><\/figure>\n\n\n\n<figure class=\"wp-block-image size-full\"><img loading=\"lazy\" decoding=\"async\" width=\"700\" height=\"467\" src=\"https:\/\/phutai.com.vn\/wp-content\/uploads\/2024\/03\/Da-Xa-Cu-Xanh-Uy-Builing-GalerieLa-Fayette-Phap.jpg\" alt=\"\" class=\"wp-image-4929\" srcset=\"https:\/\/phutai.com.vn\/wp-content\/uploads\/2024\/03\/Da-Xa-Cu-Xanh-Uy-Builing-GalerieLa-Fayette-Phap.jpg 700w, https:\/\/phutai.com.vn\/wp-content\/uploads\/2024\/03\/Da-Xa-Cu-Xanh-Uy-Builing-GalerieLa-Fayette-Phap-18x12.jpg 18w\" sizes=\"auto, (max-width: 700px) 100vw, 700px\" \/><\/figure>\n\n\n\n<figure class=\"wp-block-image size-full\"><img loading=\"lazy\" decoding=\"async\" width=\"700\" height=\"467\" src=\"https:\/\/phutai.com.vn\/wp-content\/uploads\/2024\/03\/Pool-house_combination.jpg\" alt=\"\" class=\"wp-image-4932\" srcset=\"https:\/\/phutai.com.vn\/wp-content\/uploads\/2024\/03\/Pool-house_combination.jpg 700w, https:\/\/phutai.com.vn\/wp-content\/uploads\/2024\/03\/Pool-house_combination-18x12.jpg 18w\" sizes=\"auto, (max-width: 700px) 100vw, 700px\" \/><figcaption class=\"wp-element-caption\">Lundhs Sales; Illustration, pool-house. Photo by Morten Rakke.<\/figcaption><\/figure>\n\n\n\n<figure class=\"wp-block-image size-full\"><img loading=\"lazy\" decoding=\"async\" width=\"1024\" height=\"478\" src=\"https:\/\/phutai.com.vn\/wp-content\/uploads\/2024\/03\/Da-Xa-Cu-Xanh-Uy-Builing-GalerieLa-Fayette-Phap-2-1024x478-1.jpg\" alt=\"\" class=\"wp-image-4934\" srcset=\"https:\/\/phutai.com.vn\/wp-content\/uploads\/2024\/03\/Da-Xa-Cu-Xanh-Uy-Builing-GalerieLa-Fayette-Phap-2-1024x478-1.jpg 1024w, https:\/\/phutai.com.vn\/wp-content\/uploads\/2024\/03\/Da-Xa-Cu-Xanh-Uy-Builing-GalerieLa-Fayette-Phap-2-1024x478-1-768x359.jpg 768w, https:\/\/phutai.com.vn\/wp-content\/uploads\/2024\/03\/Da-Xa-Cu-Xanh-Uy-Builing-GalerieLa-Fayette-Phap-2-1024x478-1-18x8.jpg 18w\" sizes=\"auto, (max-width: 1024px) 100vw, 1024px\" \/><\/figure>\n\n\n\n<h3 class=\"wp-block-heading\">T\u1ea1i sao n\u00ean l\u1ef1a ch\u1ecdn s\u1ea3n ph\u1ea9m c\u1ee7a Ph\u00fa T\u00e0i<\/h3>\n\n\n\n<ul class=\"wp-block-list\">\n<li>Ph\u00fa T\u00e0i c\u00f3 nhi\u1ec1u n\u0103m kinh nghi\u1ec7m nh\u1eadp kh\u1ea9u \u0111\u00e1 kh\u1ed1i t\u1eeb c\u00e1c m\u1ecf \u0111\u00e1 l\u1edbn tr\u00ean to\u00e0n th\u1ebf gi\u1edbi.<\/li>\n\n\n\n<li>Ph\u00fa T\u00e0i nh\u1eadp kh\u1ea9u tr\u1ef1c ti\u1ebfp \u0111\u00e1 kh\u1ed1i v\u00e0 tr\u1ef1c ti\u1ebfp ch\u1ebf bi\u1ebfn t\u1ea1i nh\u00e0 m\u00e1y n\u00ean s\u1ed1 l\u01b0\u1ee3ng v\u00e0 ch\u1ea5t l\u01b0\u1ee3ng \u1ed5n \u0111\u1ecbnh.<\/li>\n\n\n\n<li>Ph\u00fa T\u00e0i l\u00e0 nh\u00e0 s\u1ea3n xu\u1ea5t chuy\u00ean nghi\u1ec7p, tr\u1ef1c ti\u1ebfp gia c\u00f4ng, kh\u00f4ng qua trung gian th\u01b0\u01a1ng m\u1ea1i n\u00ean gi\u00e1 c\u1ea3 c\u1ea1nh tranh.<\/li>\n\n\n\n<li>Ph\u00fa T\u00e0i s\u1edf h\u1eefu nhi\u1ec1u nh\u00e0 m\u00e1y, chi nh\u00e1nh r\u1ed9ng kh\u1eafp t\u1eeb Nam \u0111\u1ebfn B\u1eafc n\u00ean chi ph\u00ed v\u00e0 th\u1eddi gian v\u1eadn chuy\u1ec3n th\u1ea5p nh\u1ea5t.<\/li>\n<\/ul>\n\n\n\n<h3 class=\"wp-block-heading\">Li\u00ean h\u1ec7<\/h3>\n\n\n\n<p>Li\u00ean h\u1ec7 NGAY \u0111\u1ec3 \u0111\u01b0\u1ee3c t\u01b0 v\u1ea5n MI\u1ec4N PH\u00cd v\u00e0 nh\u1eadn b\u00e1o gi\u00e1 T\u1ed0T NH\u1ea4T !<\/p>\n\n\n\n<p><strong>C\u00f4ng ty c\u1ed5 ph\u1ea7n Ph\u00fa T\u00e0i<\/strong><br>\u0110i\u1ec7n tho\u1ea1i :&nbsp;<a href=\"tel:02563841668\">0256 3841 668<\/a><br>Fax : 0256 3841 556<br>Email:&nbsp;<a href=\"mailto:sales@phutai.com.vn\">sales@phutai.com.vn<\/a><\/p>\n","protected":false},"excerpt":{"rendered":"<p>Gi\u1edbi thi\u1ec7u X\u00e0 C\u1eeb xanh Nauy\u00a0l\u00e0 m\u1ed9t lo\u1ea1i \u0111\u00e1 ph\u1ed5 bi\u1ebfn tr\u00ean to\u00e0n th\u1ebf gi\u1edbi, s\u1eed d\u1ee5ng cho trang tr\u00ed n\u1ed9i v\u00e0 ngo\u1ea1i th\u1ea5t. X\u00e0 C\u1eeb xanh c\u00f3 tinh th\u1ec3 s\u00e1ng m\u00e0u xanh r\u1ea5t \u0111\u1eb9p. H\u00ecnh \u1ea3nh ch\u1ebf bi\u1ebfn t\u1ea1i nh\u00e0 m\u00e1y \u1ee8ng d\u1ee5ng \u0111\u00e1 granite x\u00e0 c\u1eeb xanh T\u1ea1i sao n\u00ean l\u1ef1a ch\u1ecdn s\u1ea3n [&hellip;]<\/p>\n","protected":false},"author":1,"featured_media":4912,"menu_order":0,"comment_status":"open","ping_status":"open","template":"","format":"standard","meta":{"footnotes":""},"category-product":[44,36],"class_list":["post-4908","product","type-product","status-publish","format-standard","has-post-thumbnail","hentry","category-product-granite-nhap-khau","category-product-san-pham-da-tu-nhien"],"acf":[],"yoast_head":"<!-- This site is optimized with the Yoast SEO plugin v24.7 - https:\/\/yoast.com\/wordpress\/plugins\/seo\/ -->\n<title>\u0110\u00e1 X\u00e0 C\u1eeb xanh Nauy - Ph\u00fa T\u00e0i JSC<\/title>\n<meta name=\"robots\" content=\"index, follow, max-snippet:-1, max-image-preview:large, max-video-preview:-1\" \/>\n<link rel=\"canonical\" href=\"https:\/\/phutai.com.vn\/en\/product\/da-xa-cu-xanh-nauy\/\" \/>\n<meta property=\"og:locale\" content=\"en_US\" \/>\n<meta property=\"og:type\" content=\"article\" \/>\n<meta property=\"og:title\" content=\"\u0110\u00e1 X\u00e0 C\u1eeb xanh Nauy - Ph\u00fa T\u00e0i JSC\" \/>\n<meta property=\"og:description\" content=\"Gi\u1edbi thi\u1ec7u X\u00e0 C\u1eeb xanh Nauy\u00a0l\u00e0 m\u1ed9t lo\u1ea1i \u0111\u00e1 ph\u1ed5 bi\u1ebfn tr\u00ean to\u00e0n th\u1ebf gi\u1edbi, s\u1eed d\u1ee5ng cho trang tr\u00ed n\u1ed9i v\u00e0 ngo\u1ea1i th\u1ea5t. X\u00e0 C\u1eeb xanh c\u00f3 tinh th\u1ec3 s\u00e1ng m\u00e0u xanh r\u1ea5t \u0111\u1eb9p. H\u00ecnh \u1ea3nh ch\u1ebf bi\u1ebfn t\u1ea1i nh\u00e0 m\u00e1y \u1ee8ng d\u1ee5ng \u0111\u00e1 granite x\u00e0 c\u1eeb xanh T\u1ea1i sao n\u00ean l\u1ef1a ch\u1ecdn s\u1ea3n [&hellip;]\" \/>\n<meta property=\"og:url\" content=\"https:\/\/phutai.com.vn\/en\/product\/da-xa-cu-xanh-nauy\/\" \/>\n<meta property=\"og:site_name\" content=\"Ph\u00fa T\u00e0i JSC\" \/>\n<meta property=\"article:publisher\" content=\"https:\/\/www.facebook.com\/phutai.jointstockcompany\" \/>\n<meta property=\"article:modified_time\" content=\"2024-03-27T07:13:15+00:00\" \/>\n<meta property=\"og:image\" content=\"https:\/\/phutai.com.vn\/wp-content\/uploads\/2024\/03\/Xa-cu-xanh-granite.png\" \/>\n\t<meta property=\"og:image:width\" content=\"1000\" \/>\n\t<meta property=\"og:image:height\" content=\"1000\" \/>\n\t<meta property=\"og:image:type\" content=\"image\/png\" \/>\n<meta name=\"twitter:card\" content=\"summary_large_image\" \/>\n<meta name=\"twitter:label1\" content=\"Est. reading time\" \/>\n\t<meta name=\"twitter:data1\" content=\"6 minutes\" \/>\n<script type=\"application\/ld+json\" class=\"yoast-schema-graph\">{\"@context\":\"https:\/\/schema.org\",\"@graph\":[{\"@type\":\"WebPage\",\"@id\":\"https:\/\/phutai.com.vn\/product\/da-xa-cu-xanh-nauy\/\",\"url\":\"https:\/\/phutai.com.vn\/product\/da-xa-cu-xanh-nauy\/\",\"name\":\"\u0110\u00e1 X\u00e0 C\u1eeb xanh Nauy - Ph\u00fa T\u00e0i JSC\",\"isPartOf\":{\"@id\":\"https:\/\/phutai.com.vn\/#website\"},\"primaryImageOfPage\":{\"@id\":\"https:\/\/phutai.com.vn\/product\/da-xa-cu-xanh-nauy\/#primaryimage\"},\"image\":{\"@id\":\"https:\/\/phutai.com.vn\/product\/da-xa-cu-xanh-nauy\/#primaryimage\"},\"thumbnailUrl\":\"https:\/\/phutai.com.vn\/wp-content\/uploads\/2024\/03\/Xa-cu-xanh-granite.png\",\"datePublished\":\"2024-03-27T07:12:19+00:00\",\"dateModified\":\"2024-03-27T07:13:15+00:00\",\"breadcrumb\":{\"@id\":\"https:\/\/phutai.com.vn\/product\/da-xa-cu-xanh-nauy\/#breadcrumb\"},\"inLanguage\":\"en-US\",\"potentialAction\":[{\"@type\":\"ReadAction\",\"target\":[\"https:\/\/phutai.com.vn\/product\/da-xa-cu-xanh-nauy\/\"]}]},{\"@type\":\"ImageObject\",\"inLanguage\":\"en-US\",\"@id\":\"https:\/\/phutai.com.vn\/product\/da-xa-cu-xanh-nauy\/#primaryimage\",\"url\":\"https:\/\/phutai.com.vn\/wp-content\/uploads\/2024\/03\/Xa-cu-xanh-granite.png\",\"contentUrl\":\"https:\/\/phutai.com.vn\/wp-content\/uploads\/2024\/03\/Xa-cu-xanh-granite.png\",\"width\":1000,\"height\":1000},{\"@type\":\"BreadcrumbList\",\"@id\":\"https:\/\/phutai.com.vn\/product\/da-xa-cu-xanh-nauy\/#breadcrumb\",\"itemListElement\":[{\"@type\":\"ListItem\",\"position\":1,\"name\":\"Home\",\"item\":\"https:\/\/phutai.com.vn\/\"},{\"@type\":\"ListItem\",\"position\":2,\"name\":\"\u0110\u00e1 X\u00e0 C\u1eeb xanh Nauy\"}]},{\"@type\":\"WebSite\",\"@id\":\"https:\/\/phutai.com.vn\/#website\",\"url\":\"https:\/\/phutai.com.vn\/\",\"name\":\"Ph\u00fa T\u00e0i JSC\",\"description\":\"\",\"publisher\":{\"@id\":\"https:\/\/phutai.com.vn\/#organization\"},\"potentialAction\":[{\"@type\":\"SearchAction\",\"target\":{\"@type\":\"EntryPoint\",\"urlTemplate\":\"https:\/\/phutai.com.vn\/?s={search_term_string}\"},\"query-input\":{\"@type\":\"PropertyValueSpecification\",\"valueRequired\":true,\"valueName\":\"search_term_string\"}}],\"inLanguage\":\"en-US\"},{\"@type\":\"Organization\",\"@id\":\"https:\/\/phutai.com.vn\/#organization\",\"name\":\"Ph\u00fa T\u00e0i JSC\",\"url\":\"https:\/\/phutai.com.vn\/\",\"logo\":{\"@type\":\"ImageObject\",\"inLanguage\":\"en-US\",\"@id\":\"https:\/\/phutai.com.vn\/#\/schema\/logo\/image\/\",\"url\":\"https:\/\/phutai.com.vn\/wp-content\/uploads\/2026\/01\/phutai-logo-tachnen.png\",\"contentUrl\":\"https:\/\/phutai.com.vn\/wp-content\/uploads\/2026\/01\/phutai-logo-tachnen.png\",\"width\":500,\"height\":327,\"caption\":\"Ph\u00fa T\u00e0i JSC\"},\"image\":{\"@id\":\"https:\/\/phutai.com.vn\/#\/schema\/logo\/image\/\"},\"sameAs\":[\"https:\/\/www.facebook.com\/phutai.jointstockcompany\"]}]}<\/script>\n<!-- \/ Yoast SEO plugin. -->","yoast_head_json":{"title":"\u0110\u00e1 X\u00e0 C\u1eeb xanh Nauy - Ph\u00fa T\u00e0i JSC","robots":{"index":"index","follow":"follow","max-snippet":"max-snippet:-1","max-image-preview":"max-image-preview:large","max-video-preview":"max-video-preview:-1"},"canonical":"https:\/\/phutai.com.vn\/en\/product\/da-xa-cu-xanh-nauy\/","og_locale":"en_US","og_type":"article","og_title":"\u0110\u00e1 X\u00e0 C\u1eeb xanh Nauy - Ph\u00fa T\u00e0i JSC","og_description":"Gi\u1edbi thi\u1ec7u X\u00e0 C\u1eeb xanh Nauy\u00a0l\u00e0 m\u1ed9t lo\u1ea1i \u0111\u00e1 ph\u1ed5 bi\u1ebfn tr\u00ean to\u00e0n th\u1ebf gi\u1edbi, s\u1eed d\u1ee5ng cho trang tr\u00ed n\u1ed9i v\u00e0 ngo\u1ea1i th\u1ea5t. X\u00e0 C\u1eeb xanh c\u00f3 tinh th\u1ec3 s\u00e1ng m\u00e0u xanh r\u1ea5t \u0111\u1eb9p. H\u00ecnh \u1ea3nh ch\u1ebf bi\u1ebfn t\u1ea1i nh\u00e0 m\u00e1y \u1ee8ng d\u1ee5ng \u0111\u00e1 granite x\u00e0 c\u1eeb xanh T\u1ea1i sao n\u00ean l\u1ef1a ch\u1ecdn s\u1ea3n [&hellip;]","og_url":"https:\/\/phutai.com.vn\/en\/product\/da-xa-cu-xanh-nauy\/","og_site_name":"Ph\u00fa T\u00e0i JSC","article_publisher":"https:\/\/www.facebook.com\/phutai.jointstockcompany","article_modified_time":"2024-03-27T07:13:15+00:00","og_image":[{"width":1000,"height":1000,"url":"https:\/\/phutai.com.vn\/wp-content\/uploads\/2024\/03\/Xa-cu-xanh-granite.png","type":"image\/png"}],"twitter_card":"summary_large_image","twitter_misc":{"Est. reading time":"6 minutes"},"schema":{"@context":"https:\/\/schema.org","@graph":[{"@type":"WebPage","@id":"https:\/\/phutai.com.vn\/product\/da-xa-cu-xanh-nauy\/","url":"https:\/\/phutai.com.vn\/product\/da-xa-cu-xanh-nauy\/","name":"\u0110\u00e1 X\u00e0 C\u1eeb xanh Nauy - Ph\u00fa T\u00e0i JSC","isPartOf":{"@id":"https:\/\/phutai.com.vn\/#website"},"primaryImageOfPage":{"@id":"https:\/\/phutai.com.vn\/product\/da-xa-cu-xanh-nauy\/#primaryimage"},"image":{"@id":"https:\/\/phutai.com.vn\/product\/da-xa-cu-xanh-nauy\/#primaryimage"},"thumbnailUrl":"https:\/\/phutai.com.vn\/wp-content\/uploads\/2024\/03\/Xa-cu-xanh-granite.png","datePublished":"2024-03-27T07:12:19+00:00","dateModified":"2024-03-27T07:13:15+00:00","breadcrumb":{"@id":"https:\/\/phutai.com.vn\/product\/da-xa-cu-xanh-nauy\/#breadcrumb"},"inLanguage":"en-US","potentialAction":[{"@type":"ReadAction","target":["https:\/\/phutai.com.vn\/product\/da-xa-cu-xanh-nauy\/"]}]},{"@type":"ImageObject","inLanguage":"en-US","@id":"https:\/\/phutai.com.vn\/product\/da-xa-cu-xanh-nauy\/#primaryimage","url":"https:\/\/phutai.com.vn\/wp-content\/uploads\/2024\/03\/Xa-cu-xanh-granite.png","contentUrl":"https:\/\/phutai.com.vn\/wp-content\/uploads\/2024\/03\/Xa-cu-xanh-granite.png","width":1000,"height":1000},{"@type":"BreadcrumbList","@id":"https:\/\/phutai.com.vn\/product\/da-xa-cu-xanh-nauy\/#breadcrumb","itemListElement":[{"@type":"ListItem","position":1,"name":"Home","item":"https:\/\/phutai.com.vn\/"},{"@type":"ListItem","position":2,"name":"\u0110\u00e1 X\u00e0 C\u1eeb xanh Nauy"}]},{"@type":"WebSite","@id":"https:\/\/phutai.com.vn\/#website","url":"https:\/\/phutai.com.vn\/","name":"Ph\u00fa T\u00e0i JSC","description":"","publisher":{"@id":"https:\/\/phutai.com.vn\/#organization"},"potentialAction":[{"@type":"SearchAction","target":{"@type":"EntryPoint","urlTemplate":"https:\/\/phutai.com.vn\/?s={search_term_string}"},"query-input":{"@type":"PropertyValueSpecification","valueRequired":true,"valueName":"search_term_string"}}],"inLanguage":"en-US"},{"@type":"Organization","@id":"https:\/\/phutai.com.vn\/#organization","name":"Ph\u00fa T\u00e0i JSC","url":"https:\/\/phutai.com.vn\/","logo":{"@type":"ImageObject","inLanguage":"en-US","@id":"https:\/\/phutai.com.vn\/#\/schema\/logo\/image\/","url":"https:\/\/phutai.com.vn\/wp-content\/uploads\/2026\/01\/phutai-logo-tachnen.png","contentUrl":"https:\/\/phutai.com.vn\/wp-content\/uploads\/2026\/01\/phutai-logo-tachnen.png","width":500,"height":327,"caption":"Ph\u00fa T\u00e0i JSC"},"image":{"@id":"https:\/\/phutai.com.vn\/#\/schema\/logo\/image\/"},"sameAs":["https:\/\/www.facebook.com\/phutai.jointstockcompany"]}]}},"_links":{"self":[{"href":"https:\/\/phutai.com.vn\/en\/wp-json\/wp\/v2\/product\/4908","targetHints":{"allow":["GET"]}}],"collection":[{"href":"https:\/\/phutai.com.vn\/en\/wp-json\/wp\/v2\/product"}],"about":[{"href":"https:\/\/phutai.com.vn\/en\/wp-json\/wp\/v2\/types\/product"}],"author":[{"embeddable":true,"href":"https:\/\/phutai.com.vn\/en\/wp-json\/wp\/v2\/users\/1"}],"replies":[{"embeddable":true,"href":"https:\/\/phutai.com.vn\/en\/wp-json\/wp\/v2\/comments?post=4908"}],"version-history":[{"count":4,"href":"https:\/\/phutai.com.vn\/en\/wp-json\/wp\/v2\/product\/4908\/revisions"}],"predecessor-version":[{"id":4939,"href":"https:\/\/phutai.com.vn\/en\/wp-json\/wp\/v2\/product\/4908\/revisions\/4939"}],"wp:featuredmedia":[{"embeddable":true,"href":"https:\/\/phutai.com.vn\/en\/wp-json\/wp\/v2\/media\/4912"}],"wp:attachment":[{"href":"https:\/\/phutai.com.vn\/en\/wp-json\/wp\/v2\/media?parent=4908"}],"wp:term":[{"taxonomy":"category-product","embeddable":true,"href":"https:\/\/phutai.com.vn\/en\/wp-json\/wp\/v2\/category-product?post=4908"}],"curies":[{"name":"wp","href":"https:\/\/api.w.org\/{rel}","templated":true}]}}