{"id":5016,"date":"2024-03-27T07:36:20","date_gmt":"2024-03-27T07:36:20","guid":{"rendered":"https:\/\/phutai.com.vn\/?post_type=product&#038;p=5016"},"modified":"2024-04-03T03:24:52","modified_gmt":"2024-04-03T03:24:52","slug":"specchio-white","status":"publish","type":"product","link":"https:\/\/phutai.com.vn\/en\/product\/specchio-white\/","title":{"rendered":"Specchio White"},"content":{"rendered":"\n<h4 class=\"wp-block-heading\">TH\u00d4NG S\u1ed0 K\u1ef8 THU\u1eacT<\/h4>\n\n\n\n<figure class=\"wp-block-table\"><table><tbody><tr><td>B\u1ec1 m\u1eb7t<\/td><td><\/td><\/tr><tr><td>K\u00edch th\u01b0\u1edbc<\/td><td>160cm x 320cm<br>200cm x 350cm<\/td><\/tr><tr><td>\u0110\u1ed9 d\u00e0y<\/td><td>20mm-30mm<\/td><\/tr><tr><td>M\u00e0u s\u1eafc<\/td><td>&nbsp;Tr\u1eafng<\/td><\/tr><\/tbody><\/table><\/figure>\n\n\n\n<figure class=\"wp-block-image size-full\"><img loading=\"lazy\" decoding=\"async\" width=\"2480\" height=\"1650\" src=\"https:\/\/phutai.com.vn\/wp-content\/uploads\/2024\/03\/image-51.png\" alt=\"\" class=\"wp-image-5021\" srcset=\"https:\/\/phutai.com.vn\/wp-content\/uploads\/2024\/03\/image-51.png 2480w, https:\/\/phutai.com.vn\/wp-content\/uploads\/2024\/03\/image-51-768x511.png 768w, https:\/\/phutai.com.vn\/wp-content\/uploads\/2024\/03\/image-51-1536x1022.png 1536w, https:\/\/phutai.com.vn\/wp-content\/uploads\/2024\/03\/image-51-2048x1363.png 2048w, https:\/\/phutai.com.vn\/wp-content\/uploads\/2024\/03\/image-51-18x12.png 18w\" sizes=\"auto, (max-width: 2480px) 100vw, 2480px\" \/><\/figure>\n","protected":false},"excerpt":{"rendered":"<p>TH\u00d4NG S\u1ed0 K\u1ef8 THU\u1eacT B\u1ec1 m\u1eb7t K\u00edch th\u01b0\u1edbc 160cm x 320cm200cm x 350cm \u0110\u1ed9 d\u00e0y 20mm-30mm M\u00e0u s\u1eafc &nbsp;Tr\u1eafng<\/p>\n","protected":false},"author":1,"featured_media":5844,"menu_order":0,"comment_status":"open","ping_status":"open","template":"","format":"standard","meta":{"footnotes":""},"category-product":[64,57],"class_list":["post-5016","product","type-product","status-publish","format-standard","has-post-thumbnail","hentry","category-product-classical","category-product-san-pham-da-nhan-tao"],"acf":[],"yoast_head":"<!-- This site is optimized with the Yoast SEO plugin v24.7 - https:\/\/yoast.com\/wordpress\/plugins\/seo\/ -->\n<title>Specchio White - Ph\u00fa T\u00e0i JSC<\/title>\n<meta name=\"robots\" content=\"index, follow, max-snippet:-1, max-image-preview:large, max-video-preview:-1\" \/>\n<link rel=\"canonical\" href=\"https:\/\/phutai.com.vn\/en\/product\/specchio-white\/\" \/>\n<meta property=\"og:locale\" content=\"en_US\" \/>\n<meta property=\"og:type\" content=\"article\" \/>\n<meta property=\"og:title\" content=\"Specchio White - Ph\u00fa T\u00e0i JSC\" \/>\n<meta property=\"og:description\" content=\"TH\u00d4NG S\u1ed0 K\u1ef8 THU\u1eacT B\u1ec1 m\u1eb7t K\u00edch th\u01b0\u1edbc 160cm x 320cm200cm x 350cm \u0110\u1ed9 d\u00e0y 20mm-30mm M\u00e0u s\u1eafc &nbsp;Tr\u1eafng\" \/>\n<meta property=\"og:url\" content=\"https:\/\/phutai.com.vn\/en\/product\/specchio-white\/\" \/>\n<meta property=\"og:site_name\" content=\"Ph\u00fa T\u00e0i JSC\" \/>\n<meta property=\"article:publisher\" content=\"https:\/\/www.facebook.com\/phutai.jointstockcompany\" \/>\n<meta property=\"article:modified_time\" content=\"2024-04-03T03:24:52+00:00\" \/>\n<meta property=\"og:image\" content=\"https:\/\/phutai.com.vn\/wp-content\/uploads\/2024\/03\/61dd4f0f90845-1641893647.jpg\" \/>\n\t<meta property=\"og:image:width\" content=\"560\" \/>\n\t<meta property=\"og:image:height\" content=\"840\" \/>\n\t<meta property=\"og:image:type\" content=\"image\/jpeg\" \/>\n<meta name=\"twitter:card\" content=\"summary_large_image\" \/>\n<meta name=\"twitter:label1\" content=\"Est. reading time\" \/>\n\t<meta name=\"twitter:data1\" content=\"1 minute\" \/>\n<script type=\"application\/ld+json\" class=\"yoast-schema-graph\">{\"@context\":\"https:\/\/schema.org\",\"@graph\":[{\"@type\":\"WebPage\",\"@id\":\"https:\/\/phutai.com.vn\/product\/specchio-white\/\",\"url\":\"https:\/\/phutai.com.vn\/product\/specchio-white\/\",\"name\":\"Specchio White - Ph\u00fa T\u00e0i JSC\",\"isPartOf\":{\"@id\":\"https:\/\/phutai.com.vn\/#website\"},\"primaryImageOfPage\":{\"@id\":\"https:\/\/phutai.com.vn\/product\/specchio-white\/#primaryimage\"},\"image\":{\"@id\":\"https:\/\/phutai.com.vn\/product\/specchio-white\/#primaryimage\"},\"thumbnailUrl\":\"https:\/\/phutai.com.vn\/wp-content\/uploads\/2024\/03\/61dd4f0f90845-1641893647.jpg\",\"datePublished\":\"2024-03-27T07:36:20+00:00\",\"dateModified\":\"2024-04-03T03:24:52+00:00\",\"breadcrumb\":{\"@id\":\"https:\/\/phutai.com.vn\/product\/specchio-white\/#breadcrumb\"},\"inLanguage\":\"en-US\",\"potentialAction\":[{\"@type\":\"ReadAction\",\"target\":[\"https:\/\/phutai.com.vn\/product\/specchio-white\/\"]}]},{\"@type\":\"ImageObject\",\"inLanguage\":\"en-US\",\"@id\":\"https:\/\/phutai.com.vn\/product\/specchio-white\/#primaryimage\",\"url\":\"https:\/\/phutai.com.vn\/wp-content\/uploads\/2024\/03\/61dd4f0f90845-1641893647.jpg\",\"contentUrl\":\"https:\/\/phutai.com.vn\/wp-content\/uploads\/2024\/03\/61dd4f0f90845-1641893647.jpg\",\"width\":560,\"height\":840},{\"@type\":\"BreadcrumbList\",\"@id\":\"https:\/\/phutai.com.vn\/product\/specchio-white\/#breadcrumb\",\"itemListElement\":[{\"@type\":\"ListItem\",\"position\":1,\"name\":\"Home\",\"item\":\"https:\/\/phutai.com.vn\/\"},{\"@type\":\"ListItem\",\"position\":2,\"name\":\"Specchio White\"}]},{\"@type\":\"WebSite\",\"@id\":\"https:\/\/phutai.com.vn\/#website\",\"url\":\"https:\/\/phutai.com.vn\/\",\"name\":\"Ph\u00fa T\u00e0i JSC\",\"description\":\"\",\"publisher\":{\"@id\":\"https:\/\/phutai.com.vn\/#organization\"},\"potentialAction\":[{\"@type\":\"SearchAction\",\"target\":{\"@type\":\"EntryPoint\",\"urlTemplate\":\"https:\/\/phutai.com.vn\/?s={search_term_string}\"},\"query-input\":{\"@type\":\"PropertyValueSpecification\",\"valueRequired\":true,\"valueName\":\"search_term_string\"}}],\"inLanguage\":\"en-US\"},{\"@type\":\"Organization\",\"@id\":\"https:\/\/phutai.com.vn\/#organization\",\"name\":\"Ph\u00fa T\u00e0i JSC\",\"url\":\"https:\/\/phutai.com.vn\/\",\"logo\":{\"@type\":\"ImageObject\",\"inLanguage\":\"en-US\",\"@id\":\"https:\/\/phutai.com.vn\/#\/schema\/logo\/image\/\",\"url\":\"https:\/\/phutai.com.vn\/wp-content\/uploads\/2026\/01\/phutai-logo-tachnen.png\",\"contentUrl\":\"https:\/\/phutai.com.vn\/wp-content\/uploads\/2026\/01\/phutai-logo-tachnen.png\",\"width\":500,\"height\":327,\"caption\":\"Ph\u00fa T\u00e0i JSC\"},\"image\":{\"@id\":\"https:\/\/phutai.com.vn\/#\/schema\/logo\/image\/\"},\"sameAs\":[\"https:\/\/www.facebook.com\/phutai.jointstockcompany\"]}]}<\/script>\n<!-- \/ Yoast SEO plugin. -->","yoast_head_json":{"title":"Specchio White - Ph\u00fa T\u00e0i JSC","robots":{"index":"index","follow":"follow","max-snippet":"max-snippet:-1","max-image-preview":"max-image-preview:large","max-video-preview":"max-video-preview:-1"},"canonical":"https:\/\/phutai.com.vn\/en\/product\/specchio-white\/","og_locale":"en_US","og_type":"article","og_title":"Specchio White - Ph\u00fa T\u00e0i JSC","og_description":"TH\u00d4NG S\u1ed0 K\u1ef8 THU\u1eacT B\u1ec1 m\u1eb7t K\u00edch th\u01b0\u1edbc 160cm x 320cm200cm x 350cm \u0110\u1ed9 d\u00e0y 20mm-30mm M\u00e0u s\u1eafc &nbsp;Tr\u1eafng","og_url":"https:\/\/phutai.com.vn\/en\/product\/specchio-white\/","og_site_name":"Ph\u00fa T\u00e0i JSC","article_publisher":"https:\/\/www.facebook.com\/phutai.jointstockcompany","article_modified_time":"2024-04-03T03:24:52+00:00","og_image":[{"width":560,"height":840,"url":"https:\/\/phutai.com.vn\/wp-content\/uploads\/2024\/03\/61dd4f0f90845-1641893647.jpg","type":"image\/jpeg"}],"twitter_card":"summary_large_image","twitter_misc":{"Est. reading time":"1 minute"},"schema":{"@context":"https:\/\/schema.org","@graph":[{"@type":"WebPage","@id":"https:\/\/phutai.com.vn\/product\/specchio-white\/","url":"https:\/\/phutai.com.vn\/product\/specchio-white\/","name":"Specchio White - Ph\u00fa T\u00e0i JSC","isPartOf":{"@id":"https:\/\/phutai.com.vn\/#website"},"primaryImageOfPage":{"@id":"https:\/\/phutai.com.vn\/product\/specchio-white\/#primaryimage"},"image":{"@id":"https:\/\/phutai.com.vn\/product\/specchio-white\/#primaryimage"},"thumbnailUrl":"https:\/\/phutai.com.vn\/wp-content\/uploads\/2024\/03\/61dd4f0f90845-1641893647.jpg","datePublished":"2024-03-27T07:36:20+00:00","dateModified":"2024-04-03T03:24:52+00:00","breadcrumb":{"@id":"https:\/\/phutai.com.vn\/product\/specchio-white\/#breadcrumb"},"inLanguage":"en-US","potentialAction":[{"@type":"ReadAction","target":["https:\/\/phutai.com.vn\/product\/specchio-white\/"]}]},{"@type":"ImageObject","inLanguage":"en-US","@id":"https:\/\/phutai.com.vn\/product\/specchio-white\/#primaryimage","url":"https:\/\/phutai.com.vn\/wp-content\/uploads\/2024\/03\/61dd4f0f90845-1641893647.jpg","contentUrl":"https:\/\/phutai.com.vn\/wp-content\/uploads\/2024\/03\/61dd4f0f90845-1641893647.jpg","width":560,"height":840},{"@type":"BreadcrumbList","@id":"https:\/\/phutai.com.vn\/product\/specchio-white\/#breadcrumb","itemListElement":[{"@type":"ListItem","position":1,"name":"Home","item":"https:\/\/phutai.com.vn\/"},{"@type":"ListItem","position":2,"name":"Specchio White"}]},{"@type":"WebSite","@id":"https:\/\/phutai.com.vn\/#website","url":"https:\/\/phutai.com.vn\/","name":"Ph\u00fa T\u00e0i JSC","description":"","publisher":{"@id":"https:\/\/phutai.com.vn\/#organization"},"potentialAction":[{"@type":"SearchAction","target":{"@type":"EntryPoint","urlTemplate":"https:\/\/phutai.com.vn\/?s={search_term_string}"},"query-input":{"@type":"PropertyValueSpecification","valueRequired":true,"valueName":"search_term_string"}}],"inLanguage":"en-US"},{"@type":"Organization","@id":"https:\/\/phutai.com.vn\/#organization","name":"Ph\u00fa T\u00e0i JSC","url":"https:\/\/phutai.com.vn\/","logo":{"@type":"ImageObject","inLanguage":"en-US","@id":"https:\/\/phutai.com.vn\/#\/schema\/logo\/image\/","url":"https:\/\/phutai.com.vn\/wp-content\/uploads\/2026\/01\/phutai-logo-tachnen.png","contentUrl":"https:\/\/phutai.com.vn\/wp-content\/uploads\/2026\/01\/phutai-logo-tachnen.png","width":500,"height":327,"caption":"Ph\u00fa T\u00e0i JSC"},"image":{"@id":"https:\/\/phutai.com.vn\/#\/schema\/logo\/image\/"},"sameAs":["https:\/\/www.facebook.com\/phutai.jointstockcompany"]}]}},"_links":{"self":[{"href":"https:\/\/phutai.com.vn\/en\/wp-json\/wp\/v2\/product\/5016","targetHints":{"allow":["GET"]}}],"collection":[{"href":"https:\/\/phutai.com.vn\/en\/wp-json\/wp\/v2\/product"}],"about":[{"href":"https:\/\/phutai.com.vn\/en\/wp-json\/wp\/v2\/types\/product"}],"author":[{"embeddable":true,"href":"https:\/\/phutai.com.vn\/en\/wp-json\/wp\/v2\/users\/1"}],"replies":[{"embeddable":true,"href":"https:\/\/phutai.com.vn\/en\/wp-json\/wp\/v2\/comments?post=5016"}],"version-history":[{"count":2,"href":"https:\/\/phutai.com.vn\/en\/wp-json\/wp\/v2\/product\/5016\/revisions"}],"predecessor-version":[{"id":5025,"href":"https:\/\/phutai.com.vn\/en\/wp-json\/wp\/v2\/product\/5016\/revisions\/5025"}],"wp:featuredmedia":[{"embeddable":true,"href":"https:\/\/phutai.com.vn\/en\/wp-json\/wp\/v2\/media\/5844"}],"wp:attachment":[{"href":"https:\/\/phutai.com.vn\/en\/wp-json\/wp\/v2\/media?parent=5016"}],"wp:term":[{"taxonomy":"category-product","embeddable":true,"href":"https:\/\/phutai.com.vn\/en\/wp-json\/wp\/v2\/category-product?post=5016"}],"curies":[{"name":"wp","href":"https:\/\/api.w.org\/{rel}","templated":true}]}}