{"id":5088,"date":"2024-03-27T08:07:56","date_gmt":"2024-03-27T08:07:56","guid":{"rendered":"https:\/\/phutai.com.vn\/?post_type=product&#038;p=5088"},"modified":"2024-03-27T08:08:31","modified_gmt":"2024-03-27T08:08:31","slug":"da-granite-nau-phan-lan","status":"publish","type":"product","link":"https:\/\/phutai.com.vn\/en\/product\/da-granite-nau-phan-lan\/","title":{"rendered":"\u0110\u00e1 granite N\u00e2u Ph\u1ea7n Lan"},"content":{"rendered":"\n<h3 class=\"wp-block-heading\">Gi\u1edbi thi\u1ec7u<\/h3>\n\n\n\n<p><strong>\u0110\u00e1 Granite n\u00e2u Ph\u1ea7n Lan<\/strong>\u00a0l\u00e0 lo\u1ea1i \u0111\u00e1 granite th\u00f4 m\u00e0u n\u00e2u s\u1eabm \u0111\u01b0\u1ee3c chi\u1ebft xu\u1ea5t t\u1eeb ba m\u1ecf \u0111\u00e1 n\u1eb1m trong khu v\u1ef1c Yl\u00e4maa- Ph\u1ea7n Lan. \u0110\u00e1 grantie n\u00e2u Ph\u1ea7n Lan l\u00e0 v\u1eadt li\u1ec7u ph\u1ed5 bi\u1ebfn cho trang tr\u00ed n\u1ed9i th\u1ea5t, m\u1eb7t b\u1ebfp, m\u1eb7t b\u00e0n v\u00e0 l\u00e1t n\u1ec1n.<\/p>\n\n\n\n<h3 class=\"wp-block-heading\">H\u00ecnh \u1ea3nh ch\u1ebf bi\u1ebfn t\u1ea1i nh\u00e0 m\u00e1y<\/h3>\n\n\n\n<figure class=\"wp-block-image size-full\"><img loading=\"lazy\" decoding=\"async\" width=\"1024\" height=\"504\" src=\"https:\/\/phutai.com.vn\/wp-content\/uploads\/2024\/03\/image-20.png\" alt=\"\" class=\"wp-image-4484\" srcset=\"https:\/\/phutai.com.vn\/wp-content\/uploads\/2024\/03\/image-20.png 1024w, https:\/\/phutai.com.vn\/wp-content\/uploads\/2024\/03\/image-20-768x378.png 768w, https:\/\/phutai.com.vn\/wp-content\/uploads\/2024\/03\/image-20-18x9.png 18w\" sizes=\"auto, (max-width: 1024px) 100vw, 1024px\" \/><\/figure>\n\n\n\n<figure class=\"wp-block-image size-full\"><img loading=\"lazy\" decoding=\"async\" width=\"1024\" height=\"465\" src=\"https:\/\/phutai.com.vn\/wp-content\/uploads\/2024\/03\/image-24.png\" alt=\"\" class=\"wp-image-4488\" srcset=\"https:\/\/phutai.com.vn\/wp-content\/uploads\/2024\/03\/image-24.png 1024w, https:\/\/phutai.com.vn\/wp-content\/uploads\/2024\/03\/image-24-768x349.png 768w, https:\/\/phutai.com.vn\/wp-content\/uploads\/2024\/03\/image-24-18x8.png 18w\" sizes=\"auto, (max-width: 1024px) 100vw, 1024px\" \/><\/figure>\n\n\n\n<figure class=\"wp-block-image size-full\"><img loading=\"lazy\" decoding=\"async\" width=\"1024\" height=\"576\" src=\"https:\/\/phutai.com.vn\/wp-content\/uploads\/2024\/03\/Xi-nghiep-380-Chi-nhanh-cong-ty-co-phan-Phu-Tai-3-1024x576-1.jpg\" alt=\"\" class=\"wp-image-4739\" srcset=\"https:\/\/phutai.com.vn\/wp-content\/uploads\/2024\/03\/Xi-nghiep-380-Chi-nhanh-cong-ty-co-phan-Phu-Tai-3-1024x576-1.jpg 1024w, https:\/\/phutai.com.vn\/wp-content\/uploads\/2024\/03\/Xi-nghiep-380-Chi-nhanh-cong-ty-co-phan-Phu-Tai-3-1024x576-1-768x432.jpg 768w, https:\/\/phutai.com.vn\/wp-content\/uploads\/2024\/03\/Xi-nghiep-380-Chi-nhanh-cong-ty-co-phan-Phu-Tai-3-1024x576-1-18x10.jpg 18w\" sizes=\"auto, (max-width: 1024px) 100vw, 1024px\" \/><\/figure>\n\n\n\n<figure class=\"wp-block-image size-full\"><img loading=\"lazy\" decoding=\"async\" width=\"1000\" height=\"664\" src=\"https:\/\/phutai.com.vn\/wp-content\/uploads\/2024\/03\/image-26.png\" alt=\"\" class=\"wp-image-4490\" srcset=\"https:\/\/phutai.com.vn\/wp-content\/uploads\/2024\/03\/image-26.png 1000w, https:\/\/phutai.com.vn\/wp-content\/uploads\/2024\/03\/image-26-768x510.png 768w, https:\/\/phutai.com.vn\/wp-content\/uploads\/2024\/03\/image-26-18x12.png 18w\" sizes=\"auto, (max-width: 1000px) 100vw, 1000px\" \/><\/figure>\n\n\n\n<figure class=\"wp-block-image size-full\"><img loading=\"lazy\" decoding=\"async\" width=\"1024\" height=\"462\" src=\"https:\/\/phutai.com.vn\/wp-content\/uploads\/2024\/03\/image-28.png\" alt=\"\" class=\"wp-image-4493\" srcset=\"https:\/\/phutai.com.vn\/wp-content\/uploads\/2024\/03\/image-28.png 1024w, https:\/\/phutai.com.vn\/wp-content\/uploads\/2024\/03\/image-28-768x347.png 768w, https:\/\/phutai.com.vn\/wp-content\/uploads\/2024\/03\/image-28-18x8.png 18w\" sizes=\"auto, (max-width: 1024px) 100vw, 1024px\" \/><\/figure>\n\n\n\n<figure class=\"wp-block-image size-full\"><img loading=\"lazy\" decoding=\"async\" width=\"1024\" height=\"459\" src=\"https:\/\/phutai.com.vn\/wp-content\/uploads\/2024\/03\/image-29.png\" alt=\"\" class=\"wp-image-4494\" srcset=\"https:\/\/phutai.com.vn\/wp-content\/uploads\/2024\/03\/image-29.png 1024w, https:\/\/phutai.com.vn\/wp-content\/uploads\/2024\/03\/image-29-768x344.png 768w, https:\/\/phutai.com.vn\/wp-content\/uploads\/2024\/03\/image-29-18x8.png 18w\" sizes=\"auto, (max-width: 1024px) 100vw, 1024px\" \/><\/figure>\n\n\n\n<figure class=\"wp-block-image size-full\"><img loading=\"lazy\" decoding=\"async\" width=\"1000\" height=\"750\" src=\"https:\/\/phutai.com.vn\/wp-content\/uploads\/2024\/03\/Xi-nghiep-380-Chi-nhanh-cong-ty-co-phan-Phu-Tai-13.jpg\" alt=\"\" class=\"wp-image-4507\" srcset=\"https:\/\/phutai.com.vn\/wp-content\/uploads\/2024\/03\/Xi-nghiep-380-Chi-nhanh-cong-ty-co-phan-Phu-Tai-13.jpg 1000w, https:\/\/phutai.com.vn\/wp-content\/uploads\/2024\/03\/Xi-nghiep-380-Chi-nhanh-cong-ty-co-phan-Phu-Tai-13-768x576.jpg 768w, https:\/\/phutai.com.vn\/wp-content\/uploads\/2024\/03\/Xi-nghiep-380-Chi-nhanh-cong-ty-co-phan-Phu-Tai-13-16x12.jpg 16w\" sizes=\"auto, (max-width: 1000px) 100vw, 1000px\" \/><\/figure>\n\n\n\n<figure class=\"wp-block-image size-full\"><img loading=\"lazy\" decoding=\"async\" width=\"1000\" height=\"750\" src=\"https:\/\/phutai.com.vn\/wp-content\/uploads\/2024\/03\/Xi-nghiep-380-Chi-nhanh-cong-ty-co-phan-Phu-Tai-14.jpg\" alt=\"\" class=\"wp-image-4508\" srcset=\"https:\/\/phutai.com.vn\/wp-content\/uploads\/2024\/03\/Xi-nghiep-380-Chi-nhanh-cong-ty-co-phan-Phu-Tai-14.jpg 1000w, https:\/\/phutai.com.vn\/wp-content\/uploads\/2024\/03\/Xi-nghiep-380-Chi-nhanh-cong-ty-co-phan-Phu-Tai-14-768x576.jpg 768w, https:\/\/phutai.com.vn\/wp-content\/uploads\/2024\/03\/Xi-nghiep-380-Chi-nhanh-cong-ty-co-phan-Phu-Tai-14-16x12.jpg 16w\" sizes=\"auto, (max-width: 1000px) 100vw, 1000px\" \/><\/figure>\n\n\n\n<figure class=\"wp-block-image size-full\"><img loading=\"lazy\" decoding=\"async\" width=\"1024\" height=\"680\" src=\"https:\/\/phutai.com.vn\/wp-content\/uploads\/2024\/03\/Xi-nghiep-380-Chi-nhanh-cong-ty-co-phan-Phu-Tai-15-1024x680-1.jpg\" alt=\"\" class=\"wp-image-4509\" srcset=\"https:\/\/phutai.com.vn\/wp-content\/uploads\/2024\/03\/Xi-nghiep-380-Chi-nhanh-cong-ty-co-phan-Phu-Tai-15-1024x680-1.jpg 1024w, https:\/\/phutai.com.vn\/wp-content\/uploads\/2024\/03\/Xi-nghiep-380-Chi-nhanh-cong-ty-co-phan-Phu-Tai-15-1024x680-1-768x510.jpg 768w, https:\/\/phutai.com.vn\/wp-content\/uploads\/2024\/03\/Xi-nghiep-380-Chi-nhanh-cong-ty-co-phan-Phu-Tai-15-1024x680-1-18x12.jpg 18w\" sizes=\"auto, (max-width: 1024px) 100vw, 1024px\" \/><\/figure>\n\n\n\n<h3 class=\"wp-block-heading\">\u1ee8ng d\u1ee5ng \u0111\u00e1 granite x\u00e0 c\u1eeb xanh<\/h3>\n\n\n\n<figure class=\"wp-block-image size-full\"><img loading=\"lazy\" decoding=\"async\" width=\"768\" height=\"512\" src=\"https:\/\/phutai.com.vn\/wp-content\/uploads\/2024\/03\/Nau-Phan-Lan-building-helsinki-3-768x512-1.jpg\" alt=\"\" class=\"wp-image-5090\" srcset=\"https:\/\/phutai.com.vn\/wp-content\/uploads\/2024\/03\/Nau-Phan-Lan-building-helsinki-3-768x512-1.jpg 768w, https:\/\/phutai.com.vn\/wp-content\/uploads\/2024\/03\/Nau-Phan-Lan-building-helsinki-3-768x512-1-18x12.jpg 18w\" sizes=\"auto, (max-width: 768px) 100vw, 768px\" \/><\/figure>\n\n\n\n<figure class=\"wp-block-image size-full\"><img loading=\"lazy\" decoding=\"async\" width=\"602\" height=\"800\" src=\"https:\/\/phutai.com.vn\/wp-content\/uploads\/2024\/03\/Nau-Phan-Lan-building-helsinki-4.jpg\" alt=\"\" class=\"wp-image-5092\" srcset=\"https:\/\/phutai.com.vn\/wp-content\/uploads\/2024\/03\/Nau-Phan-Lan-building-helsinki-4.jpg 602w, https:\/\/phutai.com.vn\/wp-content\/uploads\/2024\/03\/Nau-Phan-Lan-building-helsinki-4-9x12.jpg 9w\" sizes=\"auto, (max-width: 602px) 100vw, 602px\" \/><\/figure>\n\n\n\n<figure class=\"wp-block-image size-full\"><img loading=\"lazy\" decoding=\"async\" width=\"614\" height=\"800\" src=\"https:\/\/phutai.com.vn\/wp-content\/uploads\/2024\/03\/Nau-Phan-Lan-building-helsinki-1.jpg\" alt=\"\" class=\"wp-image-5093\" srcset=\"https:\/\/phutai.com.vn\/wp-content\/uploads\/2024\/03\/Nau-Phan-Lan-building-helsinki-1.jpg 614w, https:\/\/phutai.com.vn\/wp-content\/uploads\/2024\/03\/Nau-Phan-Lan-building-helsinki-1-9x12.jpg 9w\" sizes=\"auto, (max-width: 614px) 100vw, 614px\" \/><\/figure>\n\n\n\n<h3 class=\"wp-block-heading\">T\u1ea1i sao n\u00ean l\u1ef1a ch\u1ecdn s\u1ea3n ph\u1ea9m c\u1ee7a Ph\u00fa T\u00e0i<\/h3>\n\n\n\n<ul class=\"wp-block-list\">\n<li>Ph\u00fa T\u00e0i c\u00f3 nhi\u1ec1u n\u0103m kinh nghi\u1ec7m nh\u1eadp kh\u1ea9u \u0111\u00e1 kh\u1ed1i t\u1eeb c\u00e1c m\u1ecf \u0111\u00e1 l\u1edbn tr\u00ean to\u00e0n th\u1ebf gi\u1edbi.<\/li>\n\n\n\n<li>Ph\u00fa T\u00e0i nh\u1eadp kh\u1ea9u tr\u1ef1c ti\u1ebfp \u0111\u00e1 kh\u1ed1i v\u00e0 tr\u1ef1c ti\u1ebfp ch\u1ebf bi\u1ebfn t\u1ea1i nh\u00e0 m\u00e1y n\u00ean s\u1ed1 l\u01b0\u1ee3ng v\u00e0 ch\u1ea5t l\u01b0\u1ee3ng \u1ed5n \u0111\u1ecbnh.<\/li>\n\n\n\n<li>Ph\u00fa T\u00e0i l\u00e0 nh\u00e0 s\u1ea3n xu\u1ea5t chuy\u00ean nghi\u1ec7p, tr\u1ef1c ti\u1ebfp gia c\u00f4ng, kh\u00f4ng qua trung gian th\u01b0\u01a1ng m\u1ea1i n\u00ean gi\u00e1 c\u1ea3 c\u1ea1nh tranh.<\/li>\n\n\n\n<li>Ph\u00fa T\u00e0i s\u1edf h\u1eefu nhi\u1ec1u nh\u00e0 m\u00e1y, chi nh\u00e1nh r\u1ed9ng kh\u1eafp t\u1eeb Nam \u0111\u1ebfn B\u1eafc n\u00ean chi ph\u00ed v\u00e0 th\u1eddi gian v\u1eadn chuy\u1ec3n th\u1ea5p nh\u1ea5t.<\/li>\n<\/ul>\n\n\n\n<h3 class=\"wp-block-heading\">Li\u00ean h\u1ec7<\/h3>\n\n\n\n<p>Li\u00ean h\u1ec7 NGAY \u0111\u1ec3 \u0111\u01b0\u1ee3c t\u01b0 v\u1ea5n MI\u1ec4N PH\u00cd v\u00e0 nh\u1eadn b\u00e1o gi\u00e1 T\u1ed0T NH\u1ea4T !<\/p>\n\n\n\n<p><strong>C\u00f4ng ty c\u1ed5 ph\u1ea7n Ph\u00fa T\u00e0i<\/strong><br>\u0110i\u1ec7n tho\u1ea1i :&nbsp;<a href=\"tel:02563841668\">0256 3841 668<\/a><br>Fax : 0256 3841 556<br>Email:&nbsp;<a href=\"mailto:sales@phutai.com.vn\">sales@phutai.com.vn<\/a><\/p>\n","protected":false},"excerpt":{"rendered":"<p>Gi\u1edbi thi\u1ec7u \u0110\u00e1 Granite n\u00e2u Ph\u1ea7n Lan\u00a0l\u00e0 lo\u1ea1i \u0111\u00e1 granite th\u00f4 m\u00e0u n\u00e2u s\u1eabm \u0111\u01b0\u1ee3c chi\u1ebft xu\u1ea5t t\u1eeb ba m\u1ecf \u0111\u00e1 n\u1eb1m trong khu v\u1ef1c Yl\u00e4maa- Ph\u1ea7n Lan. \u0110\u00e1 grantie n\u00e2u Ph\u1ea7n Lan l\u00e0 v\u1eadt li\u1ec7u ph\u1ed5 bi\u1ebfn cho trang tr\u00ed n\u1ed9i th\u1ea5t, m\u1eb7t b\u1ebfp, m\u1eb7t b\u00e0n v\u00e0 l\u00e1t n\u1ec1n. H\u00ecnh \u1ea3nh ch\u1ebf bi\u1ebfn t\u1ea1i [&hellip;]<\/p>\n","protected":false},"author":1,"featured_media":5089,"menu_order":0,"comment_status":"open","ping_status":"open","template":"","format":"standard","meta":{"footnotes":""},"category-product":[44,36],"class_list":["post-5088","product","type-product","status-publish","format-standard","has-post-thumbnail","hentry","category-product-granite-nhap-khau","category-product-san-pham-da-tu-nhien"],"acf":[],"yoast_head":"<!-- This site is optimized with the Yoast SEO plugin v24.7 - https:\/\/yoast.com\/wordpress\/plugins\/seo\/ -->\n<title>\u0110\u00e1 granite N\u00e2u Ph\u1ea7n Lan - Ph\u00fa T\u00e0i JSC<\/title>\n<meta name=\"robots\" content=\"index, follow, max-snippet:-1, max-image-preview:large, max-video-preview:-1\" \/>\n<link rel=\"canonical\" href=\"https:\/\/phutai.com.vn\/en\/product\/da-granite-nau-phan-lan\/\" \/>\n<meta property=\"og:locale\" content=\"en_US\" \/>\n<meta property=\"og:type\" content=\"article\" \/>\n<meta property=\"og:title\" content=\"\u0110\u00e1 granite N\u00e2u Ph\u1ea7n Lan - Ph\u00fa T\u00e0i JSC\" \/>\n<meta property=\"og:description\" content=\"Gi\u1edbi thi\u1ec7u \u0110\u00e1 Granite n\u00e2u Ph\u1ea7n Lan\u00a0l\u00e0 lo\u1ea1i \u0111\u00e1 granite th\u00f4 m\u00e0u n\u00e2u s\u1eabm \u0111\u01b0\u1ee3c chi\u1ebft xu\u1ea5t t\u1eeb ba m\u1ecf \u0111\u00e1 n\u1eb1m trong khu v\u1ef1c Yl\u00e4maa- Ph\u1ea7n Lan. \u0110\u00e1 grantie n\u00e2u Ph\u1ea7n Lan l\u00e0 v\u1eadt li\u1ec7u ph\u1ed5 bi\u1ebfn cho trang tr\u00ed n\u1ed9i th\u1ea5t, m\u1eb7t b\u1ebfp, m\u1eb7t b\u00e0n v\u00e0 l\u00e1t n\u1ec1n. H\u00ecnh \u1ea3nh ch\u1ebf bi\u1ebfn t\u1ea1i [&hellip;]\" \/>\n<meta property=\"og:url\" content=\"https:\/\/phutai.com.vn\/en\/product\/da-granite-nau-phan-lan\/\" \/>\n<meta property=\"og:site_name\" content=\"Ph\u00fa T\u00e0i JSC\" \/>\n<meta property=\"article:publisher\" content=\"https:\/\/www.facebook.com\/phutai.jointstockcompany\" \/>\n<meta property=\"article:modified_time\" content=\"2024-03-27T08:08:31+00:00\" \/>\n<meta property=\"og:image\" content=\"https:\/\/phutai.com.vn\/wp-content\/uploads\/2024\/03\/Nau-Phan-Lan-granite-1.png\" \/>\n\t<meta property=\"og:image:width\" content=\"1000\" \/>\n\t<meta property=\"og:image:height\" content=\"1000\" \/>\n\t<meta property=\"og:image:type\" content=\"image\/png\" \/>\n<meta name=\"twitter:card\" content=\"summary_large_image\" \/>\n<meta name=\"twitter:label1\" content=\"Est. reading time\" \/>\n\t<meta name=\"twitter:data1\" content=\"4 minutes\" \/>\n<script type=\"application\/ld+json\" class=\"yoast-schema-graph\">{\"@context\":\"https:\/\/schema.org\",\"@graph\":[{\"@type\":\"WebPage\",\"@id\":\"https:\/\/phutai.com.vn\/product\/da-granite-nau-phan-lan\/\",\"url\":\"https:\/\/phutai.com.vn\/product\/da-granite-nau-phan-lan\/\",\"name\":\"\u0110\u00e1 granite N\u00e2u Ph\u1ea7n Lan - Ph\u00fa T\u00e0i JSC\",\"isPartOf\":{\"@id\":\"https:\/\/phutai.com.vn\/#website\"},\"primaryImageOfPage\":{\"@id\":\"https:\/\/phutai.com.vn\/product\/da-granite-nau-phan-lan\/#primaryimage\"},\"image\":{\"@id\":\"https:\/\/phutai.com.vn\/product\/da-granite-nau-phan-lan\/#primaryimage\"},\"thumbnailUrl\":\"https:\/\/phutai.com.vn\/wp-content\/uploads\/2024\/03\/Nau-Phan-Lan-granite-1.png\",\"datePublished\":\"2024-03-27T08:07:56+00:00\",\"dateModified\":\"2024-03-27T08:08:31+00:00\",\"breadcrumb\":{\"@id\":\"https:\/\/phutai.com.vn\/product\/da-granite-nau-phan-lan\/#breadcrumb\"},\"inLanguage\":\"en-US\",\"potentialAction\":[{\"@type\":\"ReadAction\",\"target\":[\"https:\/\/phutai.com.vn\/product\/da-granite-nau-phan-lan\/\"]}]},{\"@type\":\"ImageObject\",\"inLanguage\":\"en-US\",\"@id\":\"https:\/\/phutai.com.vn\/product\/da-granite-nau-phan-lan\/#primaryimage\",\"url\":\"https:\/\/phutai.com.vn\/wp-content\/uploads\/2024\/03\/Nau-Phan-Lan-granite-1.png\",\"contentUrl\":\"https:\/\/phutai.com.vn\/wp-content\/uploads\/2024\/03\/Nau-Phan-Lan-granite-1.png\",\"width\":1000,\"height\":1000},{\"@type\":\"BreadcrumbList\",\"@id\":\"https:\/\/phutai.com.vn\/product\/da-granite-nau-phan-lan\/#breadcrumb\",\"itemListElement\":[{\"@type\":\"ListItem\",\"position\":1,\"name\":\"Home\",\"item\":\"https:\/\/phutai.com.vn\/\"},{\"@type\":\"ListItem\",\"position\":2,\"name\":\"\u0110\u00e1 granite N\u00e2u Ph\u1ea7n Lan\"}]},{\"@type\":\"WebSite\",\"@id\":\"https:\/\/phutai.com.vn\/#website\",\"url\":\"https:\/\/phutai.com.vn\/\",\"name\":\"Ph\u00fa T\u00e0i JSC\",\"description\":\"\",\"publisher\":{\"@id\":\"https:\/\/phutai.com.vn\/#organization\"},\"potentialAction\":[{\"@type\":\"SearchAction\",\"target\":{\"@type\":\"EntryPoint\",\"urlTemplate\":\"https:\/\/phutai.com.vn\/?s={search_term_string}\"},\"query-input\":{\"@type\":\"PropertyValueSpecification\",\"valueRequired\":true,\"valueName\":\"search_term_string\"}}],\"inLanguage\":\"en-US\"},{\"@type\":\"Organization\",\"@id\":\"https:\/\/phutai.com.vn\/#organization\",\"name\":\"Ph\u00fa T\u00e0i JSC\",\"url\":\"https:\/\/phutai.com.vn\/\",\"logo\":{\"@type\":\"ImageObject\",\"inLanguage\":\"en-US\",\"@id\":\"https:\/\/phutai.com.vn\/#\/schema\/logo\/image\/\",\"url\":\"https:\/\/phutai.com.vn\/wp-content\/uploads\/2026\/01\/phutai-logo-tachnen.png\",\"contentUrl\":\"https:\/\/phutai.com.vn\/wp-content\/uploads\/2026\/01\/phutai-logo-tachnen.png\",\"width\":500,\"height\":327,\"caption\":\"Ph\u00fa T\u00e0i JSC\"},\"image\":{\"@id\":\"https:\/\/phutai.com.vn\/#\/schema\/logo\/image\/\"},\"sameAs\":[\"https:\/\/www.facebook.com\/phutai.jointstockcompany\"]}]}<\/script>\n<!-- \/ Yoast SEO plugin. -->","yoast_head_json":{"title":"\u0110\u00e1 granite N\u00e2u Ph\u1ea7n Lan - Ph\u00fa T\u00e0i JSC","robots":{"index":"index","follow":"follow","max-snippet":"max-snippet:-1","max-image-preview":"max-image-preview:large","max-video-preview":"max-video-preview:-1"},"canonical":"https:\/\/phutai.com.vn\/en\/product\/da-granite-nau-phan-lan\/","og_locale":"en_US","og_type":"article","og_title":"\u0110\u00e1 granite N\u00e2u Ph\u1ea7n Lan - Ph\u00fa T\u00e0i JSC","og_description":"Gi\u1edbi thi\u1ec7u \u0110\u00e1 Granite n\u00e2u Ph\u1ea7n Lan\u00a0l\u00e0 lo\u1ea1i \u0111\u00e1 granite th\u00f4 m\u00e0u n\u00e2u s\u1eabm \u0111\u01b0\u1ee3c chi\u1ebft xu\u1ea5t t\u1eeb ba m\u1ecf \u0111\u00e1 n\u1eb1m trong khu v\u1ef1c Yl\u00e4maa- Ph\u1ea7n Lan. \u0110\u00e1 grantie n\u00e2u Ph\u1ea7n Lan l\u00e0 v\u1eadt li\u1ec7u ph\u1ed5 bi\u1ebfn cho trang tr\u00ed n\u1ed9i th\u1ea5t, m\u1eb7t b\u1ebfp, m\u1eb7t b\u00e0n v\u00e0 l\u00e1t n\u1ec1n. H\u00ecnh \u1ea3nh ch\u1ebf bi\u1ebfn t\u1ea1i [&hellip;]","og_url":"https:\/\/phutai.com.vn\/en\/product\/da-granite-nau-phan-lan\/","og_site_name":"Ph\u00fa T\u00e0i JSC","article_publisher":"https:\/\/www.facebook.com\/phutai.jointstockcompany","article_modified_time":"2024-03-27T08:08:31+00:00","og_image":[{"width":1000,"height":1000,"url":"https:\/\/phutai.com.vn\/wp-content\/uploads\/2024\/03\/Nau-Phan-Lan-granite-1.png","type":"image\/png"}],"twitter_card":"summary_large_image","twitter_misc":{"Est. reading time":"4 minutes"},"schema":{"@context":"https:\/\/schema.org","@graph":[{"@type":"WebPage","@id":"https:\/\/phutai.com.vn\/product\/da-granite-nau-phan-lan\/","url":"https:\/\/phutai.com.vn\/product\/da-granite-nau-phan-lan\/","name":"\u0110\u00e1 granite N\u00e2u Ph\u1ea7n Lan - Ph\u00fa T\u00e0i JSC","isPartOf":{"@id":"https:\/\/phutai.com.vn\/#website"},"primaryImageOfPage":{"@id":"https:\/\/phutai.com.vn\/product\/da-granite-nau-phan-lan\/#primaryimage"},"image":{"@id":"https:\/\/phutai.com.vn\/product\/da-granite-nau-phan-lan\/#primaryimage"},"thumbnailUrl":"https:\/\/phutai.com.vn\/wp-content\/uploads\/2024\/03\/Nau-Phan-Lan-granite-1.png","datePublished":"2024-03-27T08:07:56+00:00","dateModified":"2024-03-27T08:08:31+00:00","breadcrumb":{"@id":"https:\/\/phutai.com.vn\/product\/da-granite-nau-phan-lan\/#breadcrumb"},"inLanguage":"en-US","potentialAction":[{"@type":"ReadAction","target":["https:\/\/phutai.com.vn\/product\/da-granite-nau-phan-lan\/"]}]},{"@type":"ImageObject","inLanguage":"en-US","@id":"https:\/\/phutai.com.vn\/product\/da-granite-nau-phan-lan\/#primaryimage","url":"https:\/\/phutai.com.vn\/wp-content\/uploads\/2024\/03\/Nau-Phan-Lan-granite-1.png","contentUrl":"https:\/\/phutai.com.vn\/wp-content\/uploads\/2024\/03\/Nau-Phan-Lan-granite-1.png","width":1000,"height":1000},{"@type":"BreadcrumbList","@id":"https:\/\/phutai.com.vn\/product\/da-granite-nau-phan-lan\/#breadcrumb","itemListElement":[{"@type":"ListItem","position":1,"name":"Home","item":"https:\/\/phutai.com.vn\/"},{"@type":"ListItem","position":2,"name":"\u0110\u00e1 granite N\u00e2u Ph\u1ea7n Lan"}]},{"@type":"WebSite","@id":"https:\/\/phutai.com.vn\/#website","url":"https:\/\/phutai.com.vn\/","name":"Ph\u00fa T\u00e0i JSC","description":"","publisher":{"@id":"https:\/\/phutai.com.vn\/#organization"},"potentialAction":[{"@type":"SearchAction","target":{"@type":"EntryPoint","urlTemplate":"https:\/\/phutai.com.vn\/?s={search_term_string}"},"query-input":{"@type":"PropertyValueSpecification","valueRequired":true,"valueName":"search_term_string"}}],"inLanguage":"en-US"},{"@type":"Organization","@id":"https:\/\/phutai.com.vn\/#organization","name":"Ph\u00fa T\u00e0i JSC","url":"https:\/\/phutai.com.vn\/","logo":{"@type":"ImageObject","inLanguage":"en-US","@id":"https:\/\/phutai.com.vn\/#\/schema\/logo\/image\/","url":"https:\/\/phutai.com.vn\/wp-content\/uploads\/2026\/01\/phutai-logo-tachnen.png","contentUrl":"https:\/\/phutai.com.vn\/wp-content\/uploads\/2026\/01\/phutai-logo-tachnen.png","width":500,"height":327,"caption":"Ph\u00fa T\u00e0i JSC"},"image":{"@id":"https:\/\/phutai.com.vn\/#\/schema\/logo\/image\/"},"sameAs":["https:\/\/www.facebook.com\/phutai.jointstockcompany"]}]}},"_links":{"self":[{"href":"https:\/\/phutai.com.vn\/en\/wp-json\/wp\/v2\/product\/5088","targetHints":{"allow":["GET"]}}],"collection":[{"href":"https:\/\/phutai.com.vn\/en\/wp-json\/wp\/v2\/product"}],"about":[{"href":"https:\/\/phutai.com.vn\/en\/wp-json\/wp\/v2\/types\/product"}],"author":[{"embeddable":true,"href":"https:\/\/phutai.com.vn\/en\/wp-json\/wp\/v2\/users\/1"}],"replies":[{"embeddable":true,"href":"https:\/\/phutai.com.vn\/en\/wp-json\/wp\/v2\/comments?post=5088"}],"version-history":[{"count":4,"href":"https:\/\/phutai.com.vn\/en\/wp-json\/wp\/v2\/product\/5088\/revisions"}],"predecessor-version":[{"id":5099,"href":"https:\/\/phutai.com.vn\/en\/wp-json\/wp\/v2\/product\/5088\/revisions\/5099"}],"wp:featuredmedia":[{"embeddable":true,"href":"https:\/\/phutai.com.vn\/en\/wp-json\/wp\/v2\/media\/5089"}],"wp:attachment":[{"href":"https:\/\/phutai.com.vn\/en\/wp-json\/wp\/v2\/media?parent=5088"}],"wp:term":[{"taxonomy":"category-product","embeddable":true,"href":"https:\/\/phutai.com.vn\/en\/wp-json\/wp\/v2\/category-product?post=5088"}],"curies":[{"name":"wp","href":"https:\/\/api.w.org\/{rel}","templated":true}]}}