{"id":5265,"date":"2024-03-27T09:43:48","date_gmt":"2024-03-27T09:43:48","guid":{"rendered":"https:\/\/phutai.com.vn\/?post_type=product&#038;p=5265"},"modified":"2024-04-03T04:35:55","modified_gmt":"2024-04-03T04:35:55","slug":"emerald","status":"publish","type":"product","link":"https:\/\/phutai.com.vn\/en\/product\/emerald\/","title":{"rendered":"Emerald"},"content":{"rendered":"\n<h4 class=\"wp-block-heading\">M\u00d4 T\u1ea2 CHI TI\u1ebeT<\/h4>\n\n\n\n<p>Emerald l\u00e0 s\u1ef1 h\u00f2a h\u1ee3p \u00eam d\u1ecbu gi\u1eefa nh\u1eefng gam m\u00e0u t\u01b0\u01a1ng ph\u1ea3n. Mang \u0111\u1ebfn cho gia ch\u1ee7 c\u1ea3m gi\u00e1c th\u01b0 th\u00e1i, \u1ea5m \u00e1p trong c\u0103n nh\u00e0 c\u1ee7a m\u00ecnh. \u00a0<\/p>\n\n\n\n<h4 class=\"wp-block-heading\">TH\u00d4NG S\u1ed0 K\u1ef8 THU\u1eacT<\/h4>\n\n\n\n<figure class=\"wp-block-table\"><table><tbody><tr><td>B\u1ec1 m\u1eb7t<\/td><td>Ph\u1ee7 b\u00f3ng<\/td><\/tr><tr><td>K\u00edch th\u01b0\u1edbc<\/td><td>160cm x 320cm<br>200cm x 350cm<\/td><\/tr><tr><td>\u0110\u1ed9 d\u00e0y<\/td><td>20mm-30mm<\/td><\/tr><tr><td>M\u00e0u s\u1eafc<\/td><td>\u00a0Tr\u1eafng,\u00a0X\u00e1m, \u0110en<\/td><\/tr><\/tbody><\/table><\/figure>\n\n\n\n<figure class=\"wp-block-image size-full\"><img loading=\"lazy\" decoding=\"async\" width=\"2480\" height=\"1650\" src=\"https:\/\/phutai.com.vn\/wp-content\/uploads\/2024\/03\/image-81.png\" alt=\"\" class=\"wp-image-5266\" srcset=\"https:\/\/phutai.com.vn\/wp-content\/uploads\/2024\/03\/image-81.png 2480w, https:\/\/phutai.com.vn\/wp-content\/uploads\/2024\/03\/image-81-768x511.png 768w, https:\/\/phutai.com.vn\/wp-content\/uploads\/2024\/03\/image-81-1536x1022.png 1536w, https:\/\/phutai.com.vn\/wp-content\/uploads\/2024\/03\/image-81-2048x1363.png 2048w, https:\/\/phutai.com.vn\/wp-content\/uploads\/2024\/03\/image-81-18x12.png 18w\" sizes=\"auto, (max-width: 2480px) 100vw, 2480px\" \/><\/figure>\n","protected":false},"excerpt":{"rendered":"<p>M\u00d4 T\u1ea2 CHI TI\u1ebeT Emerald l\u00e0 s\u1ef1 h\u00f2a h\u1ee3p \u00eam d\u1ecbu gi\u1eefa nh\u1eefng gam m\u00e0u t\u01b0\u01a1ng ph\u1ea3n. Mang \u0111\u1ebfn cho gia ch\u1ee7 c\u1ea3m gi\u00e1c th\u01b0 th\u00e1i, \u1ea5m \u00e1p trong c\u0103n nh\u00e0 c\u1ee7a m\u00ecnh. \u00a0 TH\u00d4NG S\u1ed0 K\u1ef8 THU\u1eacT B\u1ec1 m\u1eb7t Ph\u1ee7 b\u00f3ng K\u00edch th\u01b0\u1edbc 160cm x 320cm200cm x 350cm \u0110\u1ed9 d\u00e0y 20mm-30mm M\u00e0u s\u1eafc \u00a0Tr\u1eafng,\u00a0X\u00e1m, [&hellip;]<\/p>\n","protected":false},"author":1,"featured_media":5879,"menu_order":0,"comment_status":"open","ping_status":"open","template":"","format":"standard","meta":{"footnotes":""},"category-product":[66,57],"class_list":["post-5265","product","type-product","status-publish","format-standard","has-post-thumbnail","hentry","category-product-marble","category-product-san-pham-da-nhan-tao"],"acf":[],"yoast_head":"<!-- This site is optimized with the Yoast SEO plugin v24.7 - https:\/\/yoast.com\/wordpress\/plugins\/seo\/ -->\n<title>Emerald - Ph\u00fa T\u00e0i JSC<\/title>\n<meta name=\"robots\" content=\"index, follow, max-snippet:-1, max-image-preview:large, max-video-preview:-1\" \/>\n<link rel=\"canonical\" href=\"https:\/\/phutai.com.vn\/en\/product\/emerald\/\" \/>\n<meta property=\"og:locale\" content=\"en_US\" \/>\n<meta property=\"og:type\" content=\"article\" \/>\n<meta property=\"og:title\" content=\"Emerald - Ph\u00fa T\u00e0i JSC\" \/>\n<meta property=\"og:description\" content=\"M\u00d4 T\u1ea2 CHI TI\u1ebeT Emerald l\u00e0 s\u1ef1 h\u00f2a h\u1ee3p \u00eam d\u1ecbu gi\u1eefa nh\u1eefng gam m\u00e0u t\u01b0\u01a1ng ph\u1ea3n. Mang \u0111\u1ebfn cho gia ch\u1ee7 c\u1ea3m gi\u00e1c th\u01b0 th\u00e1i, \u1ea5m \u00e1p trong c\u0103n nh\u00e0 c\u1ee7a m\u00ecnh. \u00a0 TH\u00d4NG S\u1ed0 K\u1ef8 THU\u1eacT B\u1ec1 m\u1eb7t Ph\u1ee7 b\u00f3ng K\u00edch th\u01b0\u1edbc 160cm x 320cm200cm x 350cm \u0110\u1ed9 d\u00e0y 20mm-30mm M\u00e0u s\u1eafc \u00a0Tr\u1eafng,\u00a0X\u00e1m, [&hellip;]\" \/>\n<meta property=\"og:url\" content=\"https:\/\/phutai.com.vn\/en\/product\/emerald\/\" \/>\n<meta property=\"og:site_name\" content=\"Ph\u00fa T\u00e0i JSC\" \/>\n<meta property=\"article:publisher\" content=\"https:\/\/www.facebook.com\/phutai.jointstockcompany\" \/>\n<meta property=\"article:modified_time\" content=\"2024-04-03T04:35:55+00:00\" \/>\n<meta property=\"og:image\" content=\"https:\/\/phutai.com.vn\/wp-content\/uploads\/2024\/03\/61c4286a77b41-1640245354.jpg\" \/>\n\t<meta property=\"og:image:width\" content=\"560\" \/>\n\t<meta property=\"og:image:height\" content=\"840\" \/>\n\t<meta property=\"og:image:type\" content=\"image\/jpeg\" \/>\n<meta name=\"twitter:card\" content=\"summary_large_image\" \/>\n<meta name=\"twitter:label1\" content=\"Est. reading time\" \/>\n\t<meta name=\"twitter:data1\" content=\"1 minute\" \/>\n<script type=\"application\/ld+json\" class=\"yoast-schema-graph\">{\"@context\":\"https:\/\/schema.org\",\"@graph\":[{\"@type\":\"WebPage\",\"@id\":\"https:\/\/phutai.com.vn\/product\/emerald\/\",\"url\":\"https:\/\/phutai.com.vn\/product\/emerald\/\",\"name\":\"Emerald - Ph\u00fa T\u00e0i JSC\",\"isPartOf\":{\"@id\":\"https:\/\/phutai.com.vn\/#website\"},\"primaryImageOfPage\":{\"@id\":\"https:\/\/phutai.com.vn\/product\/emerald\/#primaryimage\"},\"image\":{\"@id\":\"https:\/\/phutai.com.vn\/product\/emerald\/#primaryimage\"},\"thumbnailUrl\":\"https:\/\/phutai.com.vn\/wp-content\/uploads\/2024\/03\/61c4286a77b41-1640245354.jpg\",\"datePublished\":\"2024-03-27T09:43:48+00:00\",\"dateModified\":\"2024-04-03T04:35:55+00:00\",\"breadcrumb\":{\"@id\":\"https:\/\/phutai.com.vn\/product\/emerald\/#breadcrumb\"},\"inLanguage\":\"en-US\",\"potentialAction\":[{\"@type\":\"ReadAction\",\"target\":[\"https:\/\/phutai.com.vn\/product\/emerald\/\"]}]},{\"@type\":\"ImageObject\",\"inLanguage\":\"en-US\",\"@id\":\"https:\/\/phutai.com.vn\/product\/emerald\/#primaryimage\",\"url\":\"https:\/\/phutai.com.vn\/wp-content\/uploads\/2024\/03\/61c4286a77b41-1640245354.jpg\",\"contentUrl\":\"https:\/\/phutai.com.vn\/wp-content\/uploads\/2024\/03\/61c4286a77b41-1640245354.jpg\",\"width\":560,\"height\":840},{\"@type\":\"BreadcrumbList\",\"@id\":\"https:\/\/phutai.com.vn\/product\/emerald\/#breadcrumb\",\"itemListElement\":[{\"@type\":\"ListItem\",\"position\":1,\"name\":\"Home\",\"item\":\"https:\/\/phutai.com.vn\/\"},{\"@type\":\"ListItem\",\"position\":2,\"name\":\"Emerald\"}]},{\"@type\":\"WebSite\",\"@id\":\"https:\/\/phutai.com.vn\/#website\",\"url\":\"https:\/\/phutai.com.vn\/\",\"name\":\"Ph\u00fa T\u00e0i JSC\",\"description\":\"\",\"publisher\":{\"@id\":\"https:\/\/phutai.com.vn\/#organization\"},\"potentialAction\":[{\"@type\":\"SearchAction\",\"target\":{\"@type\":\"EntryPoint\",\"urlTemplate\":\"https:\/\/phutai.com.vn\/?s={search_term_string}\"},\"query-input\":{\"@type\":\"PropertyValueSpecification\",\"valueRequired\":true,\"valueName\":\"search_term_string\"}}],\"inLanguage\":\"en-US\"},{\"@type\":\"Organization\",\"@id\":\"https:\/\/phutai.com.vn\/#organization\",\"name\":\"Ph\u00fa T\u00e0i JSC\",\"url\":\"https:\/\/phutai.com.vn\/\",\"logo\":{\"@type\":\"ImageObject\",\"inLanguage\":\"en-US\",\"@id\":\"https:\/\/phutai.com.vn\/#\/schema\/logo\/image\/\",\"url\":\"https:\/\/phutai.com.vn\/wp-content\/uploads\/2026\/01\/phutai-logo-tachnen.png\",\"contentUrl\":\"https:\/\/phutai.com.vn\/wp-content\/uploads\/2026\/01\/phutai-logo-tachnen.png\",\"width\":500,\"height\":327,\"caption\":\"Ph\u00fa T\u00e0i JSC\"},\"image\":{\"@id\":\"https:\/\/phutai.com.vn\/#\/schema\/logo\/image\/\"},\"sameAs\":[\"https:\/\/www.facebook.com\/phutai.jointstockcompany\"]}]}<\/script>\n<!-- \/ Yoast SEO plugin. -->","yoast_head_json":{"title":"Emerald - Ph\u00fa T\u00e0i JSC","robots":{"index":"index","follow":"follow","max-snippet":"max-snippet:-1","max-image-preview":"max-image-preview:large","max-video-preview":"max-video-preview:-1"},"canonical":"https:\/\/phutai.com.vn\/en\/product\/emerald\/","og_locale":"en_US","og_type":"article","og_title":"Emerald - Ph\u00fa T\u00e0i JSC","og_description":"M\u00d4 T\u1ea2 CHI TI\u1ebeT Emerald l\u00e0 s\u1ef1 h\u00f2a h\u1ee3p \u00eam d\u1ecbu gi\u1eefa nh\u1eefng gam m\u00e0u t\u01b0\u01a1ng ph\u1ea3n. Mang \u0111\u1ebfn cho gia ch\u1ee7 c\u1ea3m gi\u00e1c th\u01b0 th\u00e1i, \u1ea5m \u00e1p trong c\u0103n nh\u00e0 c\u1ee7a m\u00ecnh. \u00a0 TH\u00d4NG S\u1ed0 K\u1ef8 THU\u1eacT B\u1ec1 m\u1eb7t Ph\u1ee7 b\u00f3ng K\u00edch th\u01b0\u1edbc 160cm x 320cm200cm x 350cm \u0110\u1ed9 d\u00e0y 20mm-30mm M\u00e0u s\u1eafc \u00a0Tr\u1eafng,\u00a0X\u00e1m, [&hellip;]","og_url":"https:\/\/phutai.com.vn\/en\/product\/emerald\/","og_site_name":"Ph\u00fa T\u00e0i JSC","article_publisher":"https:\/\/www.facebook.com\/phutai.jointstockcompany","article_modified_time":"2024-04-03T04:35:55+00:00","og_image":[{"width":560,"height":840,"url":"https:\/\/phutai.com.vn\/wp-content\/uploads\/2024\/03\/61c4286a77b41-1640245354.jpg","type":"image\/jpeg"}],"twitter_card":"summary_large_image","twitter_misc":{"Est. reading time":"1 minute"},"schema":{"@context":"https:\/\/schema.org","@graph":[{"@type":"WebPage","@id":"https:\/\/phutai.com.vn\/product\/emerald\/","url":"https:\/\/phutai.com.vn\/product\/emerald\/","name":"Emerald - Ph\u00fa T\u00e0i JSC","isPartOf":{"@id":"https:\/\/phutai.com.vn\/#website"},"primaryImageOfPage":{"@id":"https:\/\/phutai.com.vn\/product\/emerald\/#primaryimage"},"image":{"@id":"https:\/\/phutai.com.vn\/product\/emerald\/#primaryimage"},"thumbnailUrl":"https:\/\/phutai.com.vn\/wp-content\/uploads\/2024\/03\/61c4286a77b41-1640245354.jpg","datePublished":"2024-03-27T09:43:48+00:00","dateModified":"2024-04-03T04:35:55+00:00","breadcrumb":{"@id":"https:\/\/phutai.com.vn\/product\/emerald\/#breadcrumb"},"inLanguage":"en-US","potentialAction":[{"@type":"ReadAction","target":["https:\/\/phutai.com.vn\/product\/emerald\/"]}]},{"@type":"ImageObject","inLanguage":"en-US","@id":"https:\/\/phutai.com.vn\/product\/emerald\/#primaryimage","url":"https:\/\/phutai.com.vn\/wp-content\/uploads\/2024\/03\/61c4286a77b41-1640245354.jpg","contentUrl":"https:\/\/phutai.com.vn\/wp-content\/uploads\/2024\/03\/61c4286a77b41-1640245354.jpg","width":560,"height":840},{"@type":"BreadcrumbList","@id":"https:\/\/phutai.com.vn\/product\/emerald\/#breadcrumb","itemListElement":[{"@type":"ListItem","position":1,"name":"Home","item":"https:\/\/phutai.com.vn\/"},{"@type":"ListItem","position":2,"name":"Emerald"}]},{"@type":"WebSite","@id":"https:\/\/phutai.com.vn\/#website","url":"https:\/\/phutai.com.vn\/","name":"Ph\u00fa T\u00e0i JSC","description":"","publisher":{"@id":"https:\/\/phutai.com.vn\/#organization"},"potentialAction":[{"@type":"SearchAction","target":{"@type":"EntryPoint","urlTemplate":"https:\/\/phutai.com.vn\/?s={search_term_string}"},"query-input":{"@type":"PropertyValueSpecification","valueRequired":true,"valueName":"search_term_string"}}],"inLanguage":"en-US"},{"@type":"Organization","@id":"https:\/\/phutai.com.vn\/#organization","name":"Ph\u00fa T\u00e0i JSC","url":"https:\/\/phutai.com.vn\/","logo":{"@type":"ImageObject","inLanguage":"en-US","@id":"https:\/\/phutai.com.vn\/#\/schema\/logo\/image\/","url":"https:\/\/phutai.com.vn\/wp-content\/uploads\/2026\/01\/phutai-logo-tachnen.png","contentUrl":"https:\/\/phutai.com.vn\/wp-content\/uploads\/2026\/01\/phutai-logo-tachnen.png","width":500,"height":327,"caption":"Ph\u00fa T\u00e0i JSC"},"image":{"@id":"https:\/\/phutai.com.vn\/#\/schema\/logo\/image\/"},"sameAs":["https:\/\/www.facebook.com\/phutai.jointstockcompany"]}]}},"_links":{"self":[{"href":"https:\/\/phutai.com.vn\/en\/wp-json\/wp\/v2\/product\/5265","targetHints":{"allow":["GET"]}}],"collection":[{"href":"https:\/\/phutai.com.vn\/en\/wp-json\/wp\/v2\/product"}],"about":[{"href":"https:\/\/phutai.com.vn\/en\/wp-json\/wp\/v2\/types\/product"}],"author":[{"embeddable":true,"href":"https:\/\/phutai.com.vn\/en\/wp-json\/wp\/v2\/users\/1"}],"replies":[{"embeddable":true,"href":"https:\/\/phutai.com.vn\/en\/wp-json\/wp\/v2\/comments?post=5265"}],"version-history":[{"count":2,"href":"https:\/\/phutai.com.vn\/en\/wp-json\/wp\/v2\/product\/5265\/revisions"}],"predecessor-version":[{"id":5272,"href":"https:\/\/phutai.com.vn\/en\/wp-json\/wp\/v2\/product\/5265\/revisions\/5272"}],"wp:featuredmedia":[{"embeddable":true,"href":"https:\/\/phutai.com.vn\/en\/wp-json\/wp\/v2\/media\/5879"}],"wp:attachment":[{"href":"https:\/\/phutai.com.vn\/en\/wp-json\/wp\/v2\/media?parent=5265"}],"wp:term":[{"taxonomy":"category-product","embeddable":true,"href":"https:\/\/phutai.com.vn\/en\/wp-json\/wp\/v2\/category-product?post=5265"}],"curies":[{"name":"wp","href":"https:\/\/api.w.org\/{rel}","templated":true}]}}