{"id":5275,"date":"2024-03-27T09:51:59","date_gmt":"2024-03-27T09:51:59","guid":{"rendered":"https:\/\/phutai.com.vn\/?post_type=product&#038;p=5275"},"modified":"2024-04-03T04:38:04","modified_gmt":"2024-04-03T04:38:04","slug":"carrara-white","status":"publish","type":"product","link":"https:\/\/phutai.com.vn\/en\/product\/carrara-white\/","title":{"rendered":"Carrara White"},"content":{"rendered":"\n<h4 class=\"wp-block-heading\">M\u00d4 T\u1ea2 CHI TI\u1ebeT<\/h4>\n\n\n\n<p>S\u1edf h\u1eefu v\u1ebb \u0111\u1eb9p di\u1ec7u k\u1ef3 tr\u00e0n \u0111\u1ea7y s\u1ee9c s\u1ed1ng, Carrara PT-301 n\u1ed5i ti\u1ebfng v\u1edbi thi\u1ebft k\u1ebf sang tr\u1ecdng c\u00f9ng nh\u1eefng tia \u0111i\u1ec7n nh\u01b0 \u0111ang chuy\u1ec3n \u0111\u1ed9ng kh\u00f4ng ng\u1eebng, t\u1ea1o n\u00ean s\u1ef1 m\u1ea1nh m\u1ebd, sang tr\u1ecdng v\u00e0 tinh t\u1ebf.<\/p>\n\n\n\n<h4 class=\"wp-block-heading\">TH\u00d4NG S\u1ed0 K\u1ef8 THU\u1eacT<\/h4>\n\n\n\n<figure class=\"wp-block-table\"><table><tbody><tr><td>B\u1ec1 m\u1eb7t<\/td><td>Ph\u1ee7 b\u00f3ng<\/td><\/tr><tr><td>K\u00edch th\u01b0\u1edbc<\/td><td>160cm x 320cm<br>200cm x 350cm<\/td><\/tr><tr><td>\u0110\u1ed9 d\u00e0y<\/td><td>20mm-30mm<\/td><\/tr><tr><td>M\u00e0u s\u1eafc<\/td><td>&nbsp;Tr\u1eafng<\/td><\/tr><\/tbody><\/table><\/figure>\n\n\n\n<figure class=\"wp-block-image size-full\"><img loading=\"lazy\" decoding=\"async\" width=\"2480\" height=\"1650\" src=\"https:\/\/phutai.com.vn\/wp-content\/uploads\/2024\/03\/image-82.png\" alt=\"\" class=\"wp-image-5276\" srcset=\"https:\/\/phutai.com.vn\/wp-content\/uploads\/2024\/03\/image-82.png 2480w, https:\/\/phutai.com.vn\/wp-content\/uploads\/2024\/03\/image-82-768x511.png 768w, https:\/\/phutai.com.vn\/wp-content\/uploads\/2024\/03\/image-82-1536x1022.png 1536w, https:\/\/phutai.com.vn\/wp-content\/uploads\/2024\/03\/image-82-2048x1363.png 2048w, https:\/\/phutai.com.vn\/wp-content\/uploads\/2024\/03\/image-82-18x12.png 18w\" sizes=\"auto, (max-width: 2480px) 100vw, 2480px\" \/><\/figure>\n","protected":false},"excerpt":{"rendered":"<p>M\u00d4 T\u1ea2 CHI TI\u1ebeT S\u1edf h\u1eefu v\u1ebb \u0111\u1eb9p di\u1ec7u k\u1ef3 tr\u00e0n \u0111\u1ea7y s\u1ee9c s\u1ed1ng, Carrara PT-301 n\u1ed5i ti\u1ebfng v\u1edbi thi\u1ebft k\u1ebf sang tr\u1ecdng c\u00f9ng nh\u1eefng tia \u0111i\u1ec7n nh\u01b0 \u0111ang chuy\u1ec3n \u0111\u1ed9ng kh\u00f4ng ng\u1eebng, t\u1ea1o n\u00ean s\u1ef1 m\u1ea1nh m\u1ebd, sang tr\u1ecdng v\u00e0 tinh t\u1ebf. TH\u00d4NG S\u1ed0 K\u1ef8 THU\u1eacT B\u1ec1 m\u1eb7t Ph\u1ee7 b\u00f3ng K\u00edch th\u01b0\u1edbc 160cm x [&hellip;]<\/p>\n","protected":false},"author":1,"featured_media":5880,"menu_order":0,"comment_status":"open","ping_status":"open","template":"","format":"standard","meta":{"footnotes":""},"category-product":[66,57],"class_list":["post-5275","product","type-product","status-publish","format-standard","has-post-thumbnail","hentry","category-product-marble","category-product-san-pham-da-nhan-tao"],"acf":[],"yoast_head":"<!-- This site is optimized with the Yoast SEO plugin v24.7 - https:\/\/yoast.com\/wordpress\/plugins\/seo\/ -->\n<title>Carrara White - Ph\u00fa T\u00e0i JSC<\/title>\n<meta name=\"robots\" content=\"index, follow, max-snippet:-1, max-image-preview:large, max-video-preview:-1\" \/>\n<link rel=\"canonical\" href=\"https:\/\/phutai.com.vn\/en\/product\/carrara-white\/\" \/>\n<meta property=\"og:locale\" content=\"en_US\" \/>\n<meta property=\"og:type\" content=\"article\" \/>\n<meta property=\"og:title\" content=\"Carrara White - Ph\u00fa T\u00e0i JSC\" \/>\n<meta property=\"og:description\" content=\"M\u00d4 T\u1ea2 CHI TI\u1ebeT S\u1edf h\u1eefu v\u1ebb \u0111\u1eb9p di\u1ec7u k\u1ef3 tr\u00e0n \u0111\u1ea7y s\u1ee9c s\u1ed1ng, Carrara PT-301 n\u1ed5i ti\u1ebfng v\u1edbi thi\u1ebft k\u1ebf sang tr\u1ecdng c\u00f9ng nh\u1eefng tia \u0111i\u1ec7n nh\u01b0 \u0111ang chuy\u1ec3n \u0111\u1ed9ng kh\u00f4ng ng\u1eebng, t\u1ea1o n\u00ean s\u1ef1 m\u1ea1nh m\u1ebd, sang tr\u1ecdng v\u00e0 tinh t\u1ebf. TH\u00d4NG S\u1ed0 K\u1ef8 THU\u1eacT B\u1ec1 m\u1eb7t Ph\u1ee7 b\u00f3ng K\u00edch th\u01b0\u1edbc 160cm x [&hellip;]\" \/>\n<meta property=\"og:url\" content=\"https:\/\/phutai.com.vn\/en\/product\/carrara-white\/\" \/>\n<meta property=\"og:site_name\" content=\"Ph\u00fa T\u00e0i JSC\" \/>\n<meta property=\"article:publisher\" content=\"https:\/\/www.facebook.com\/phutai.jointstockcompany\" \/>\n<meta property=\"article:modified_time\" content=\"2024-04-03T04:38:04+00:00\" \/>\n<meta property=\"og:image\" content=\"https:\/\/phutai.com.vn\/wp-content\/uploads\/2024\/03\/white.jpg\" \/>\n\t<meta property=\"og:image:width\" content=\"560\" \/>\n\t<meta property=\"og:image:height\" content=\"840\" \/>\n\t<meta property=\"og:image:type\" content=\"image\/jpeg\" \/>\n<meta name=\"twitter:card\" content=\"summary_large_image\" \/>\n<meta name=\"twitter:label1\" content=\"Est. reading time\" \/>\n\t<meta name=\"twitter:data1\" content=\"1 minute\" \/>\n<script type=\"application\/ld+json\" class=\"yoast-schema-graph\">{\"@context\":\"https:\/\/schema.org\",\"@graph\":[{\"@type\":\"WebPage\",\"@id\":\"https:\/\/phutai.com.vn\/product\/carrara-white\/\",\"url\":\"https:\/\/phutai.com.vn\/product\/carrara-white\/\",\"name\":\"Carrara White - Ph\u00fa T\u00e0i JSC\",\"isPartOf\":{\"@id\":\"https:\/\/phutai.com.vn\/#website\"},\"primaryImageOfPage\":{\"@id\":\"https:\/\/phutai.com.vn\/product\/carrara-white\/#primaryimage\"},\"image\":{\"@id\":\"https:\/\/phutai.com.vn\/product\/carrara-white\/#primaryimage\"},\"thumbnailUrl\":\"https:\/\/phutai.com.vn\/wp-content\/uploads\/2024\/03\/white.jpg\",\"datePublished\":\"2024-03-27T09:51:59+00:00\",\"dateModified\":\"2024-04-03T04:38:04+00:00\",\"breadcrumb\":{\"@id\":\"https:\/\/phutai.com.vn\/product\/carrara-white\/#breadcrumb\"},\"inLanguage\":\"en-US\",\"potentialAction\":[{\"@type\":\"ReadAction\",\"target\":[\"https:\/\/phutai.com.vn\/product\/carrara-white\/\"]}]},{\"@type\":\"ImageObject\",\"inLanguage\":\"en-US\",\"@id\":\"https:\/\/phutai.com.vn\/product\/carrara-white\/#primaryimage\",\"url\":\"https:\/\/phutai.com.vn\/wp-content\/uploads\/2024\/03\/white.jpg\",\"contentUrl\":\"https:\/\/phutai.com.vn\/wp-content\/uploads\/2024\/03\/white.jpg\",\"width\":560,\"height\":840},{\"@type\":\"BreadcrumbList\",\"@id\":\"https:\/\/phutai.com.vn\/product\/carrara-white\/#breadcrumb\",\"itemListElement\":[{\"@type\":\"ListItem\",\"position\":1,\"name\":\"Home\",\"item\":\"https:\/\/phutai.com.vn\/\"},{\"@type\":\"ListItem\",\"position\":2,\"name\":\"Carrara White\"}]},{\"@type\":\"WebSite\",\"@id\":\"https:\/\/phutai.com.vn\/#website\",\"url\":\"https:\/\/phutai.com.vn\/\",\"name\":\"Ph\u00fa T\u00e0i JSC\",\"description\":\"\",\"publisher\":{\"@id\":\"https:\/\/phutai.com.vn\/#organization\"},\"potentialAction\":[{\"@type\":\"SearchAction\",\"target\":{\"@type\":\"EntryPoint\",\"urlTemplate\":\"https:\/\/phutai.com.vn\/?s={search_term_string}\"},\"query-input\":{\"@type\":\"PropertyValueSpecification\",\"valueRequired\":true,\"valueName\":\"search_term_string\"}}],\"inLanguage\":\"en-US\"},{\"@type\":\"Organization\",\"@id\":\"https:\/\/phutai.com.vn\/#organization\",\"name\":\"Ph\u00fa T\u00e0i JSC\",\"url\":\"https:\/\/phutai.com.vn\/\",\"logo\":{\"@type\":\"ImageObject\",\"inLanguage\":\"en-US\",\"@id\":\"https:\/\/phutai.com.vn\/#\/schema\/logo\/image\/\",\"url\":\"https:\/\/phutai.com.vn\/wp-content\/uploads\/2026\/01\/phutai-logo-tachnen.png\",\"contentUrl\":\"https:\/\/phutai.com.vn\/wp-content\/uploads\/2026\/01\/phutai-logo-tachnen.png\",\"width\":500,\"height\":327,\"caption\":\"Ph\u00fa T\u00e0i JSC\"},\"image\":{\"@id\":\"https:\/\/phutai.com.vn\/#\/schema\/logo\/image\/\"},\"sameAs\":[\"https:\/\/www.facebook.com\/phutai.jointstockcompany\"]}]}<\/script>\n<!-- \/ Yoast SEO plugin. -->","yoast_head_json":{"title":"Carrara White - Ph\u00fa T\u00e0i JSC","robots":{"index":"index","follow":"follow","max-snippet":"max-snippet:-1","max-image-preview":"max-image-preview:large","max-video-preview":"max-video-preview:-1"},"canonical":"https:\/\/phutai.com.vn\/en\/product\/carrara-white\/","og_locale":"en_US","og_type":"article","og_title":"Carrara White - Ph\u00fa T\u00e0i JSC","og_description":"M\u00d4 T\u1ea2 CHI TI\u1ebeT S\u1edf h\u1eefu v\u1ebb \u0111\u1eb9p di\u1ec7u k\u1ef3 tr\u00e0n \u0111\u1ea7y s\u1ee9c s\u1ed1ng, Carrara PT-301 n\u1ed5i ti\u1ebfng v\u1edbi thi\u1ebft k\u1ebf sang tr\u1ecdng c\u00f9ng nh\u1eefng tia \u0111i\u1ec7n nh\u01b0 \u0111ang chuy\u1ec3n \u0111\u1ed9ng kh\u00f4ng ng\u1eebng, t\u1ea1o n\u00ean s\u1ef1 m\u1ea1nh m\u1ebd, sang tr\u1ecdng v\u00e0 tinh t\u1ebf. TH\u00d4NG S\u1ed0 K\u1ef8 THU\u1eacT B\u1ec1 m\u1eb7t Ph\u1ee7 b\u00f3ng K\u00edch th\u01b0\u1edbc 160cm x [&hellip;]","og_url":"https:\/\/phutai.com.vn\/en\/product\/carrara-white\/","og_site_name":"Ph\u00fa T\u00e0i JSC","article_publisher":"https:\/\/www.facebook.com\/phutai.jointstockcompany","article_modified_time":"2024-04-03T04:38:04+00:00","og_image":[{"width":560,"height":840,"url":"https:\/\/phutai.com.vn\/wp-content\/uploads\/2024\/03\/white.jpg","type":"image\/jpeg"}],"twitter_card":"summary_large_image","twitter_misc":{"Est. reading time":"1 minute"},"schema":{"@context":"https:\/\/schema.org","@graph":[{"@type":"WebPage","@id":"https:\/\/phutai.com.vn\/product\/carrara-white\/","url":"https:\/\/phutai.com.vn\/product\/carrara-white\/","name":"Carrara White - Ph\u00fa T\u00e0i JSC","isPartOf":{"@id":"https:\/\/phutai.com.vn\/#website"},"primaryImageOfPage":{"@id":"https:\/\/phutai.com.vn\/product\/carrara-white\/#primaryimage"},"image":{"@id":"https:\/\/phutai.com.vn\/product\/carrara-white\/#primaryimage"},"thumbnailUrl":"https:\/\/phutai.com.vn\/wp-content\/uploads\/2024\/03\/white.jpg","datePublished":"2024-03-27T09:51:59+00:00","dateModified":"2024-04-03T04:38:04+00:00","breadcrumb":{"@id":"https:\/\/phutai.com.vn\/product\/carrara-white\/#breadcrumb"},"inLanguage":"en-US","potentialAction":[{"@type":"ReadAction","target":["https:\/\/phutai.com.vn\/product\/carrara-white\/"]}]},{"@type":"ImageObject","inLanguage":"en-US","@id":"https:\/\/phutai.com.vn\/product\/carrara-white\/#primaryimage","url":"https:\/\/phutai.com.vn\/wp-content\/uploads\/2024\/03\/white.jpg","contentUrl":"https:\/\/phutai.com.vn\/wp-content\/uploads\/2024\/03\/white.jpg","width":560,"height":840},{"@type":"BreadcrumbList","@id":"https:\/\/phutai.com.vn\/product\/carrara-white\/#breadcrumb","itemListElement":[{"@type":"ListItem","position":1,"name":"Home","item":"https:\/\/phutai.com.vn\/"},{"@type":"ListItem","position":2,"name":"Carrara White"}]},{"@type":"WebSite","@id":"https:\/\/phutai.com.vn\/#website","url":"https:\/\/phutai.com.vn\/","name":"Ph\u00fa T\u00e0i JSC","description":"","publisher":{"@id":"https:\/\/phutai.com.vn\/#organization"},"potentialAction":[{"@type":"SearchAction","target":{"@type":"EntryPoint","urlTemplate":"https:\/\/phutai.com.vn\/?s={search_term_string}"},"query-input":{"@type":"PropertyValueSpecification","valueRequired":true,"valueName":"search_term_string"}}],"inLanguage":"en-US"},{"@type":"Organization","@id":"https:\/\/phutai.com.vn\/#organization","name":"Ph\u00fa T\u00e0i JSC","url":"https:\/\/phutai.com.vn\/","logo":{"@type":"ImageObject","inLanguage":"en-US","@id":"https:\/\/phutai.com.vn\/#\/schema\/logo\/image\/","url":"https:\/\/phutai.com.vn\/wp-content\/uploads\/2026\/01\/phutai-logo-tachnen.png","contentUrl":"https:\/\/phutai.com.vn\/wp-content\/uploads\/2026\/01\/phutai-logo-tachnen.png","width":500,"height":327,"caption":"Ph\u00fa T\u00e0i JSC"},"image":{"@id":"https:\/\/phutai.com.vn\/#\/schema\/logo\/image\/"},"sameAs":["https:\/\/www.facebook.com\/phutai.jointstockcompany"]}]}},"_links":{"self":[{"href":"https:\/\/phutai.com.vn\/en\/wp-json\/wp\/v2\/product\/5275","targetHints":{"allow":["GET"]}}],"collection":[{"href":"https:\/\/phutai.com.vn\/en\/wp-json\/wp\/v2\/product"}],"about":[{"href":"https:\/\/phutai.com.vn\/en\/wp-json\/wp\/v2\/types\/product"}],"author":[{"embeddable":true,"href":"https:\/\/phutai.com.vn\/en\/wp-json\/wp\/v2\/users\/1"}],"replies":[{"embeddable":true,"href":"https:\/\/phutai.com.vn\/en\/wp-json\/wp\/v2\/comments?post=5275"}],"version-history":[{"count":2,"href":"https:\/\/phutai.com.vn\/en\/wp-json\/wp\/v2\/product\/5275\/revisions"}],"predecessor-version":[{"id":5279,"href":"https:\/\/phutai.com.vn\/en\/wp-json\/wp\/v2\/product\/5275\/revisions\/5279"}],"wp:featuredmedia":[{"embeddable":true,"href":"https:\/\/phutai.com.vn\/en\/wp-json\/wp\/v2\/media\/5880"}],"wp:attachment":[{"href":"https:\/\/phutai.com.vn\/en\/wp-json\/wp\/v2\/media?parent=5275"}],"wp:term":[{"taxonomy":"category-product","embeddable":true,"href":"https:\/\/phutai.com.vn\/en\/wp-json\/wp\/v2\/category-product?post=5275"}],"curies":[{"name":"wp","href":"https:\/\/api.w.org\/{rel}","templated":true}]}}