{"id":5291,"date":"2024-03-28T03:39:10","date_gmt":"2024-03-28T03:39:10","guid":{"rendered":"https:\/\/phutai.com.vn\/?post_type=product&#038;p=5291"},"modified":"2024-03-28T03:42:57","modified_gmt":"2024-03-28T03:42:57","slug":"go-tron-go-xe-phu-tai","status":"publish","type":"product","link":"https:\/\/phutai.com.vn\/en\/product\/go-tron-go-xe-phu-tai\/","title":{"rendered":"G\u1ed7 tr\u00f2n, g\u1ed7 x\u1ebb Ph\u00fa T\u00e0i"},"content":{"rendered":"\n<figure class=\"wp-block-image size-full\"><img loading=\"lazy\" decoding=\"async\" width=\"1280\" height=\"670\" src=\"https:\/\/phutai.com.vn\/wp-content\/uploads\/2024\/03\/toa-nha-Phu-Tai.jpg\" alt=\"\" class=\"wp-image-5293\" srcset=\"https:\/\/phutai.com.vn\/wp-content\/uploads\/2024\/03\/toa-nha-Phu-Tai.jpg 1280w, https:\/\/phutai.com.vn\/wp-content\/uploads\/2024\/03\/toa-nha-Phu-Tai-768x402.jpg 768w, https:\/\/phutai.com.vn\/wp-content\/uploads\/2024\/03\/toa-nha-Phu-Tai-18x9.jpg 18w\" sizes=\"auto, (max-width: 1280px) 100vw, 1280px\" \/><\/figure>\n\n\n\n<p><a href=\"http:\/\/phutai.com.vn\/\"><strong>C\u00f4ng ty c\u1ed5 ph\u1ea7n Ph\u00fa T\u00e0i<\/strong><\/a>&nbsp;\u0111\u01b0\u1ee3c th\u00e0nh l\u1eadp n\u0103m 1994, chuy\u00ean cung c\u1ea5p c\u00e1c lo\u1ea1i g\u1ed7 tr\u00f2n v\u00e0 g\u1ed7 x\u1ebb t\u1eeb Nam Phi, Brazil, Uruguay, Papua New Guinea \u2026cho th\u1ecb tr\u01b0\u1eddng trong n\u01b0\u1edbc.<\/p>\n\n\n\n<p>Trong h\u01a1n 20 n\u0103m tr\u00ean th\u1ecb tr\u01b0\u1eddng G\u1ed7 Vi\u1ec7t Nam ch\u00fang t\u00f4i l\u00e0 \u0111\u01a1n v\u1ecb nh\u1eadp kh\u1ea9u \u2013 ph\u00e2n ph\u1ed1i g\u1ed7 nguy\u00ean li\u1ec7u cho nhi\u1ec1u nh\u00e0 s\u1ea3n xu\u1ea5t g\u1ed7 uy t\u00edn t\u1ea1i Vi\u1ec7t Nam. Th\u1ecb tr\u01b0\u1eddng ph\u00e2n ph\u1ed1i c\u1ea3 3 mi\u1ec1n Nam \u2013 Trung \u2013 B\u1eafc.<\/p>\n\n\n\n<p>G\u1ed7 c\u1ee7a Ph\u00fa T\u00e0i \u0111\u01b0\u1ee3c nh\u1eadp kh\u1ea9u tr\u1ef1c ti\u1ebfp t\u1eeb c\u00e1c n\u01b0\u1edbc Papua New\u00a0 Guinea, Solomon, Uruquay, Brazil, Nam Phi, Malaysia, \u2026 Ngu\u1ed3n g\u1ed1c g\u1ed7 \u0111\u01b0\u1ee3c khai th\u00e1c t\u1eeb c\u00e1c khu r\u1eebng \u0111\u01b0\u1ee3c c\u1ea5p ch\u1ee9ng nh\u1eadn qu\u1ea3n l\u00fd b\u1ec1n v\u1eefng.<\/p>\n\n\n<div class=\"wp-block-image\">\n<figure class=\"aligncenter size-full\"><img loading=\"lazy\" decoding=\"async\" width=\"1066\" height=\"800\" src=\"https:\/\/phutai.com.vn\/wp-content\/uploads\/2024\/03\/IMG_1440.jpg\" alt=\"\" class=\"wp-image-5295\" srcset=\"https:\/\/phutai.com.vn\/wp-content\/uploads\/2024\/03\/IMG_1440.jpg 1066w, https:\/\/phutai.com.vn\/wp-content\/uploads\/2024\/03\/IMG_1440-768x576.jpg 768w, https:\/\/phutai.com.vn\/wp-content\/uploads\/2024\/03\/IMG_1440-16x12.jpg 16w\" sizes=\"auto, (max-width: 1066px) 100vw, 1066px\" \/><figcaption class=\"wp-element-caption\"><em>D\u1ee1 g\u1ed7 tr\u00f2n t\u1eeb t\u00e0u<\/em><\/figcaption><\/figure>\n<\/div>\n\n<div class=\"wp-block-image\">\n<figure class=\"aligncenter size-full\"><img loading=\"lazy\" decoding=\"async\" width=\"1066\" height=\"800\" src=\"https:\/\/phutai.com.vn\/wp-content\/uploads\/2024\/03\/IMG_2328.jpg\" alt=\"\" class=\"wp-image-5292\" srcset=\"https:\/\/phutai.com.vn\/wp-content\/uploads\/2024\/03\/IMG_2328.jpg 1066w, https:\/\/phutai.com.vn\/wp-content\/uploads\/2024\/03\/IMG_2328-768x576.jpg 768w, https:\/\/phutai.com.vn\/wp-content\/uploads\/2024\/03\/IMG_2328-16x12.jpg 16w\" sizes=\"auto, (max-width: 1066px) 100vw, 1066px\" \/><figcaption class=\"wp-element-caption\"><em>Kho g\u1ed7 tr\u00f2n<\/em><\/figcaption><\/figure>\n<\/div>\n\n\n<p>Trong th\u1eddi gian t\u1eeb 1994 \u0111\u1ebfn nay t\u1ea1i vi\u1ec7t Nam G\u1ed7 Ph\u00fa T\u00e0i lu\u00f4n l\u00e0 \u0111\u1ed1i t\u00e1c tin c\u1eady v\u00e0 th\u01b0\u1eddng xuy\u00ean c\u1ee7a nhi\u1ec1u \u0111\u01a1n v\u1ecb s\u1ea3n xu\u1ea5t g\u1ed7 xu\u1ea5t kh\u1ea9u , c\u00e1c doanh nghi\u1ec7p Th\u01b0\u01a1ng m\u1ea1i g\u1ed7 tr\u00f2n, g\u1ed7 x\u1ebb trong n\u01b0\u1edbc. Ngo\u00e0i ra, Ch\u00fang t\u00f4i c\u00f2n cung c\u1ea5p g\u1ed7 trong l\u0129nh v\u1ef1c x\u00e2y d\u1ef1ng v\u00e0 \u0111\u00f3ng t\u00e0u thuy\u1ec1n.<\/p>\n\n\n\n<p>C\u00e1c lo\u1ea1i g\u1ed7 ch\u00fang t\u00f4i cung c\u1ea5p th\u00f4ng d\u1ee5ng hi\u1ec7n nay: B\u1ea1ch \u0111\u00e0n nh\u1eadp kh\u1ea9u t\u1eeb\u00a0<a href=\"http:\/\/go.phutai.com.vn\/san-pham\/go-tron-bach-dan-nam-phi\/\">Nam phi<\/a>,\u00a0<a href=\"http:\/\/go.phutai.com.vn\/san-pham\/go-tron-bach-dan-uruquay\/\">Uruquay<\/a>,\u00a0<a href=\"http:\/\/go.phutai.com.vn\/san-pham\/go-tron-bach-dan-brazil\/\">Brazil<\/a>,\u00a0<a href=\"http:\/\/go.phutai.com.vn\/san-pham\/go-tron-bach-dan-png-papua-new-guinea\/\">Papua New Guinea<\/a>, G\u1ed7 th\u00f4ng New Zealand, Th\u00f4ng M\u1ef9, Th\u00f4ng Nam Phi &amp; m\u1ed9t s\u1ed1 lo\u1ea1i g\u1ed7 t\u1ea1p t\u1eeb Solomon d\u00f9ng trong l\u0129nh v\u1ef1c \u0111\u00f3ng t\u00e0u thuy\u1ec1n.<\/p>\n\n\n<div class=\"wp-block-image\">\n<figure class=\"aligncenter size-full\"><img loading=\"lazy\" decoding=\"async\" width=\"1066\" height=\"800\" src=\"https:\/\/phutai.com.vn\/wp-content\/uploads\/2024\/03\/IMG_2325.jpg\" alt=\"\" class=\"wp-image-5299\" srcset=\"https:\/\/phutai.com.vn\/wp-content\/uploads\/2024\/03\/IMG_2325.jpg 1066w, https:\/\/phutai.com.vn\/wp-content\/uploads\/2024\/03\/IMG_2325-768x576.jpg 768w, https:\/\/phutai.com.vn\/wp-content\/uploads\/2024\/03\/IMG_2325-16x12.jpg 16w\" sizes=\"auto, (max-width: 1066px) 100vw, 1066px\" \/><figcaption class=\"wp-element-caption\"><em>Kho g\u1ed7 x\u1ebb<\/em><\/figcaption><\/figure>\n<\/div>\n\n<div class=\"wp-block-image\">\n<figure class=\"aligncenter size-full\"><img loading=\"lazy\" decoding=\"async\" width=\"1200\" height=\"800\" src=\"https:\/\/phutai.com.vn\/wp-content\/uploads\/2024\/03\/IMG_0198.jpg\" alt=\"\" class=\"wp-image-5300\" srcset=\"https:\/\/phutai.com.vn\/wp-content\/uploads\/2024\/03\/IMG_0198.jpg 1200w, https:\/\/phutai.com.vn\/wp-content\/uploads\/2024\/03\/IMG_0198-768x512.jpg 768w, https:\/\/phutai.com.vn\/wp-content\/uploads\/2024\/03\/IMG_0198-18x12.jpg 18w\" sizes=\"auto, (max-width: 1200px) 100vw, 1200px\" \/><figcaption class=\"wp-element-caption\"><em>Kho g\u1ed7 x\u1ebb<\/em><\/figcaption><\/figure>\n<\/div>\n\n\n<p>M\u1ecdi chi ti\u1ebft xin li\u00ean h\u1ec7:<\/p>\n\n\n\n<p><strong>Ph\u00f2ng Kinh Doanh \u2013 C\u00f4ng ty c\u1ed5 ph\u1ea7n Ph\u00fa T\u00e0i<\/strong><\/p>\n\n\n\n<p>\u0110\u1ecba ch\u1ec9: 278 Nguy\u1ec5n Th\u1ecb \u0110\u1ecbnh, P. Nguy\u1ec5n V\u0103n C\u1eeb, TP. Qui Nh\u01a1n, T\u1ec9nh B\u00ecnh \u0110\u1ecbnh<\/p>\n\n\n\n<p>\u0110i\u1ec7n tho\u1ea1i:&nbsp;<a href=\"tel:02563847668\">0256 3847 668<\/a>&nbsp;\u2013 Fax: 0256 3847 556<\/p>\n\n\n\n<p>Hotline :&nbsp;&nbsp;<a href=\"tel:0983355187\">098 3355 187<\/a>&nbsp;(Ms. Hu\u1ec7)<\/p>\n\n\n\n<p>Email:&nbsp;<a href=\"mailto:sales@phutai.com.vn\">sales@phutai.com.vn<\/a><\/p>\n","protected":false},"excerpt":{"rendered":"<p>C\u00f4ng ty c\u1ed5 ph\u1ea7n Ph\u00fa T\u00e0i&nbsp;\u0111\u01b0\u1ee3c th\u00e0nh l\u1eadp n\u0103m 1994, chuy\u00ean cung c\u1ea5p c\u00e1c lo\u1ea1i g\u1ed7 tr\u00f2n v\u00e0 g\u1ed7 x\u1ebb t\u1eeb Nam Phi, Brazil, Uruguay, Papua New Guinea \u2026cho th\u1ecb tr\u01b0\u1eddng trong n\u01b0\u1edbc. Trong h\u01a1n 20 n\u0103m tr\u00ean th\u1ecb tr\u01b0\u1eddng G\u1ed7 Vi\u1ec7t Nam ch\u00fang t\u00f4i l\u00e0 \u0111\u01a1n v\u1ecb nh\u1eadp kh\u1ea9u \u2013 ph\u00e2n ph\u1ed1i g\u1ed7 nguy\u00ean [&hellip;]<\/p>\n","protected":false},"author":1,"featured_media":5292,"menu_order":0,"comment_status":"open","ping_status":"open","template":"","format":"standard","meta":{"footnotes":""},"category-product":[54,35],"class_list":["post-5291","product","type-product","status-publish","format-standard","has-post-thumbnail","hentry","category-product-kinh-doanh-go-tron","category-product-san-pham-go"],"acf":[],"yoast_head":"<!-- This site is optimized with the Yoast SEO plugin v24.7 - https:\/\/yoast.com\/wordpress\/plugins\/seo\/ -->\n<title>G\u1ed7 tr\u00f2n, g\u1ed7 x\u1ebb Ph\u00fa T\u00e0i - Ph\u00fa T\u00e0i JSC<\/title>\n<meta name=\"robots\" content=\"index, follow, max-snippet:-1, max-image-preview:large, max-video-preview:-1\" \/>\n<link rel=\"canonical\" href=\"https:\/\/phutai.com.vn\/en\/product\/go-tron-go-xe-phu-tai\/\" \/>\n<meta property=\"og:locale\" content=\"en_US\" \/>\n<meta property=\"og:type\" content=\"article\" \/>\n<meta property=\"og:title\" content=\"G\u1ed7 tr\u00f2n, g\u1ed7 x\u1ebb Ph\u00fa T\u00e0i - Ph\u00fa T\u00e0i JSC\" \/>\n<meta property=\"og:description\" content=\"C\u00f4ng ty c\u1ed5 ph\u1ea7n Ph\u00fa T\u00e0i&nbsp;\u0111\u01b0\u1ee3c th\u00e0nh l\u1eadp n\u0103m 1994, chuy\u00ean cung c\u1ea5p c\u00e1c lo\u1ea1i g\u1ed7 tr\u00f2n v\u00e0 g\u1ed7 x\u1ebb t\u1eeb Nam Phi, Brazil, Uruguay, Papua New Guinea \u2026cho th\u1ecb tr\u01b0\u1eddng trong n\u01b0\u1edbc. Trong h\u01a1n 20 n\u0103m tr\u00ean th\u1ecb tr\u01b0\u1eddng G\u1ed7 Vi\u1ec7t Nam ch\u00fang t\u00f4i l\u00e0 \u0111\u01a1n v\u1ecb nh\u1eadp kh\u1ea9u \u2013 ph\u00e2n ph\u1ed1i g\u1ed7 nguy\u00ean [&hellip;]\" \/>\n<meta property=\"og:url\" content=\"https:\/\/phutai.com.vn\/en\/product\/go-tron-go-xe-phu-tai\/\" \/>\n<meta property=\"og:site_name\" content=\"Ph\u00fa T\u00e0i JSC\" \/>\n<meta property=\"article:publisher\" content=\"https:\/\/www.facebook.com\/phutai.jointstockcompany\" \/>\n<meta property=\"article:modified_time\" content=\"2024-03-28T03:42:57+00:00\" \/>\n<meta property=\"og:image\" content=\"https:\/\/phutai.com.vn\/wp-content\/uploads\/2024\/03\/IMG_2328.jpg\" \/>\n\t<meta property=\"og:image:width\" content=\"1066\" \/>\n\t<meta property=\"og:image:height\" content=\"800\" \/>\n\t<meta property=\"og:image:type\" content=\"image\/jpeg\" \/>\n<meta name=\"twitter:card\" content=\"summary_large_image\" \/>\n<meta name=\"twitter:label1\" content=\"Est. reading time\" \/>\n\t<meta name=\"twitter:data1\" content=\"3 minutes\" \/>\n<script type=\"application\/ld+json\" class=\"yoast-schema-graph\">{\"@context\":\"https:\/\/schema.org\",\"@graph\":[{\"@type\":\"WebPage\",\"@id\":\"https:\/\/phutai.com.vn\/product\/go-tron-go-xe-phu-tai\/\",\"url\":\"https:\/\/phutai.com.vn\/product\/go-tron-go-xe-phu-tai\/\",\"name\":\"G\u1ed7 tr\u00f2n, g\u1ed7 x\u1ebb Ph\u00fa T\u00e0i - Ph\u00fa T\u00e0i JSC\",\"isPartOf\":{\"@id\":\"https:\/\/phutai.com.vn\/#website\"},\"primaryImageOfPage\":{\"@id\":\"https:\/\/phutai.com.vn\/product\/go-tron-go-xe-phu-tai\/#primaryimage\"},\"image\":{\"@id\":\"https:\/\/phutai.com.vn\/product\/go-tron-go-xe-phu-tai\/#primaryimage\"},\"thumbnailUrl\":\"https:\/\/phutai.com.vn\/wp-content\/uploads\/2024\/03\/IMG_2328.jpg\",\"datePublished\":\"2024-03-28T03:39:10+00:00\",\"dateModified\":\"2024-03-28T03:42:57+00:00\",\"breadcrumb\":{\"@id\":\"https:\/\/phutai.com.vn\/product\/go-tron-go-xe-phu-tai\/#breadcrumb\"},\"inLanguage\":\"en-US\",\"potentialAction\":[{\"@type\":\"ReadAction\",\"target\":[\"https:\/\/phutai.com.vn\/product\/go-tron-go-xe-phu-tai\/\"]}]},{\"@type\":\"ImageObject\",\"inLanguage\":\"en-US\",\"@id\":\"https:\/\/phutai.com.vn\/product\/go-tron-go-xe-phu-tai\/#primaryimage\",\"url\":\"https:\/\/phutai.com.vn\/wp-content\/uploads\/2024\/03\/IMG_2328.jpg\",\"contentUrl\":\"https:\/\/phutai.com.vn\/wp-content\/uploads\/2024\/03\/IMG_2328.jpg\",\"width\":1066,\"height\":800,\"caption\":\"Kho g\u1ed7 tr\u00f2n\"},{\"@type\":\"BreadcrumbList\",\"@id\":\"https:\/\/phutai.com.vn\/product\/go-tron-go-xe-phu-tai\/#breadcrumb\",\"itemListElement\":[{\"@type\":\"ListItem\",\"position\":1,\"name\":\"Home\",\"item\":\"https:\/\/phutai.com.vn\/\"},{\"@type\":\"ListItem\",\"position\":2,\"name\":\"G\u1ed7 tr\u00f2n, g\u1ed7 x\u1ebb Ph\u00fa T\u00e0i\"}]},{\"@type\":\"WebSite\",\"@id\":\"https:\/\/phutai.com.vn\/#website\",\"url\":\"https:\/\/phutai.com.vn\/\",\"name\":\"Ph\u00fa T\u00e0i JSC\",\"description\":\"\",\"publisher\":{\"@id\":\"https:\/\/phutai.com.vn\/#organization\"},\"potentialAction\":[{\"@type\":\"SearchAction\",\"target\":{\"@type\":\"EntryPoint\",\"urlTemplate\":\"https:\/\/phutai.com.vn\/?s={search_term_string}\"},\"query-input\":{\"@type\":\"PropertyValueSpecification\",\"valueRequired\":true,\"valueName\":\"search_term_string\"}}],\"inLanguage\":\"en-US\"},{\"@type\":\"Organization\",\"@id\":\"https:\/\/phutai.com.vn\/#organization\",\"name\":\"Ph\u00fa T\u00e0i JSC\",\"url\":\"https:\/\/phutai.com.vn\/\",\"logo\":{\"@type\":\"ImageObject\",\"inLanguage\":\"en-US\",\"@id\":\"https:\/\/phutai.com.vn\/#\/schema\/logo\/image\/\",\"url\":\"https:\/\/phutai.com.vn\/wp-content\/uploads\/2026\/01\/phutai-logo-tachnen.png\",\"contentUrl\":\"https:\/\/phutai.com.vn\/wp-content\/uploads\/2026\/01\/phutai-logo-tachnen.png\",\"width\":500,\"height\":327,\"caption\":\"Ph\u00fa T\u00e0i JSC\"},\"image\":{\"@id\":\"https:\/\/phutai.com.vn\/#\/schema\/logo\/image\/\"},\"sameAs\":[\"https:\/\/www.facebook.com\/phutai.jointstockcompany\"]}]}<\/script>\n<!-- \/ Yoast SEO plugin. -->","yoast_head_json":{"title":"G\u1ed7 tr\u00f2n, g\u1ed7 x\u1ebb Ph\u00fa T\u00e0i - Ph\u00fa T\u00e0i JSC","robots":{"index":"index","follow":"follow","max-snippet":"max-snippet:-1","max-image-preview":"max-image-preview:large","max-video-preview":"max-video-preview:-1"},"canonical":"https:\/\/phutai.com.vn\/en\/product\/go-tron-go-xe-phu-tai\/","og_locale":"en_US","og_type":"article","og_title":"G\u1ed7 tr\u00f2n, g\u1ed7 x\u1ebb Ph\u00fa T\u00e0i - Ph\u00fa T\u00e0i JSC","og_description":"C\u00f4ng ty c\u1ed5 ph\u1ea7n Ph\u00fa T\u00e0i&nbsp;\u0111\u01b0\u1ee3c th\u00e0nh l\u1eadp n\u0103m 1994, chuy\u00ean cung c\u1ea5p c\u00e1c lo\u1ea1i g\u1ed7 tr\u00f2n v\u00e0 g\u1ed7 x\u1ebb t\u1eeb Nam Phi, Brazil, Uruguay, Papua New Guinea \u2026cho th\u1ecb tr\u01b0\u1eddng trong n\u01b0\u1edbc. Trong h\u01a1n 20 n\u0103m tr\u00ean th\u1ecb tr\u01b0\u1eddng G\u1ed7 Vi\u1ec7t Nam ch\u00fang t\u00f4i l\u00e0 \u0111\u01a1n v\u1ecb nh\u1eadp kh\u1ea9u \u2013 ph\u00e2n ph\u1ed1i g\u1ed7 nguy\u00ean [&hellip;]","og_url":"https:\/\/phutai.com.vn\/en\/product\/go-tron-go-xe-phu-tai\/","og_site_name":"Ph\u00fa T\u00e0i JSC","article_publisher":"https:\/\/www.facebook.com\/phutai.jointstockcompany","article_modified_time":"2024-03-28T03:42:57+00:00","og_image":[{"width":1066,"height":800,"url":"https:\/\/phutai.com.vn\/wp-content\/uploads\/2024\/03\/IMG_2328.jpg","type":"image\/jpeg"}],"twitter_card":"summary_large_image","twitter_misc":{"Est. reading time":"3 minutes"},"schema":{"@context":"https:\/\/schema.org","@graph":[{"@type":"WebPage","@id":"https:\/\/phutai.com.vn\/product\/go-tron-go-xe-phu-tai\/","url":"https:\/\/phutai.com.vn\/product\/go-tron-go-xe-phu-tai\/","name":"G\u1ed7 tr\u00f2n, g\u1ed7 x\u1ebb Ph\u00fa T\u00e0i - Ph\u00fa T\u00e0i JSC","isPartOf":{"@id":"https:\/\/phutai.com.vn\/#website"},"primaryImageOfPage":{"@id":"https:\/\/phutai.com.vn\/product\/go-tron-go-xe-phu-tai\/#primaryimage"},"image":{"@id":"https:\/\/phutai.com.vn\/product\/go-tron-go-xe-phu-tai\/#primaryimage"},"thumbnailUrl":"https:\/\/phutai.com.vn\/wp-content\/uploads\/2024\/03\/IMG_2328.jpg","datePublished":"2024-03-28T03:39:10+00:00","dateModified":"2024-03-28T03:42:57+00:00","breadcrumb":{"@id":"https:\/\/phutai.com.vn\/product\/go-tron-go-xe-phu-tai\/#breadcrumb"},"inLanguage":"en-US","potentialAction":[{"@type":"ReadAction","target":["https:\/\/phutai.com.vn\/product\/go-tron-go-xe-phu-tai\/"]}]},{"@type":"ImageObject","inLanguage":"en-US","@id":"https:\/\/phutai.com.vn\/product\/go-tron-go-xe-phu-tai\/#primaryimage","url":"https:\/\/phutai.com.vn\/wp-content\/uploads\/2024\/03\/IMG_2328.jpg","contentUrl":"https:\/\/phutai.com.vn\/wp-content\/uploads\/2024\/03\/IMG_2328.jpg","width":1066,"height":800,"caption":"Kho g\u1ed7 tr\u00f2n"},{"@type":"BreadcrumbList","@id":"https:\/\/phutai.com.vn\/product\/go-tron-go-xe-phu-tai\/#breadcrumb","itemListElement":[{"@type":"ListItem","position":1,"name":"Home","item":"https:\/\/phutai.com.vn\/"},{"@type":"ListItem","position":2,"name":"G\u1ed7 tr\u00f2n, g\u1ed7 x\u1ebb Ph\u00fa T\u00e0i"}]},{"@type":"WebSite","@id":"https:\/\/phutai.com.vn\/#website","url":"https:\/\/phutai.com.vn\/","name":"Ph\u00fa T\u00e0i JSC","description":"","publisher":{"@id":"https:\/\/phutai.com.vn\/#organization"},"potentialAction":[{"@type":"SearchAction","target":{"@type":"EntryPoint","urlTemplate":"https:\/\/phutai.com.vn\/?s={search_term_string}"},"query-input":{"@type":"PropertyValueSpecification","valueRequired":true,"valueName":"search_term_string"}}],"inLanguage":"en-US"},{"@type":"Organization","@id":"https:\/\/phutai.com.vn\/#organization","name":"Ph\u00fa T\u00e0i JSC","url":"https:\/\/phutai.com.vn\/","logo":{"@type":"ImageObject","inLanguage":"en-US","@id":"https:\/\/phutai.com.vn\/#\/schema\/logo\/image\/","url":"https:\/\/phutai.com.vn\/wp-content\/uploads\/2026\/01\/phutai-logo-tachnen.png","contentUrl":"https:\/\/phutai.com.vn\/wp-content\/uploads\/2026\/01\/phutai-logo-tachnen.png","width":500,"height":327,"caption":"Ph\u00fa T\u00e0i JSC"},"image":{"@id":"https:\/\/phutai.com.vn\/#\/schema\/logo\/image\/"},"sameAs":["https:\/\/www.facebook.com\/phutai.jointstockcompany"]}]}},"_links":{"self":[{"href":"https:\/\/phutai.com.vn\/en\/wp-json\/wp\/v2\/product\/5291","targetHints":{"allow":["GET"]}}],"collection":[{"href":"https:\/\/phutai.com.vn\/en\/wp-json\/wp\/v2\/product"}],"about":[{"href":"https:\/\/phutai.com.vn\/en\/wp-json\/wp\/v2\/types\/product"}],"author":[{"embeddable":true,"href":"https:\/\/phutai.com.vn\/en\/wp-json\/wp\/v2\/users\/1"}],"replies":[{"embeddable":true,"href":"https:\/\/phutai.com.vn\/en\/wp-json\/wp\/v2\/comments?post=5291"}],"version-history":[{"count":1,"href":"https:\/\/phutai.com.vn\/en\/wp-json\/wp\/v2\/product\/5291\/revisions"}],"predecessor-version":[{"id":5302,"href":"https:\/\/phutai.com.vn\/en\/wp-json\/wp\/v2\/product\/5291\/revisions\/5302"}],"wp:featuredmedia":[{"embeddable":true,"href":"https:\/\/phutai.com.vn\/en\/wp-json\/wp\/v2\/media\/5292"}],"wp:attachment":[{"href":"https:\/\/phutai.com.vn\/en\/wp-json\/wp\/v2\/media?parent=5291"}],"wp:term":[{"taxonomy":"category-product","embeddable":true,"href":"https:\/\/phutai.com.vn\/en\/wp-json\/wp\/v2\/category-product?post=5291"}],"curies":[{"name":"wp","href":"https:\/\/api.w.org\/{rel}","templated":true}]}}