{"id":5466,"date":"2024-03-28T07:26:19","date_gmt":"2024-03-28T07:26:19","guid":{"rendered":"https:\/\/phutai.com.vn\/?post_type=product&#038;p=5466"},"modified":"2024-03-28T07:42:40","modified_gmt":"2024-03-28T07:42:40","slug":"bo-ban-an-pt-170017n","status":"publish","type":"product","link":"https:\/\/phutai.com.vn\/en\/product\/bo-ban-an-pt-170017n\/","title":{"rendered":"B\u1ed9 b\u00e0n \u0103n PT-170017N"},"content":{"rendered":"\n<h3 class=\"wp-block-heading\">H\u00ecnh \u1ea3nh v\u00e0 k\u00edch th\u01b0\u1edbc s\u1ea3n ph\u1ea9m<\/h3>\n\n\n<div class=\"wp-block-image\">\n<figure class=\"aligncenter size-full\"><img loading=\"lazy\" decoding=\"async\" width=\"1281\" height=\"851\" src=\"https:\/\/phutai.com.vn\/wp-content\/uploads\/2024\/03\/Asset-6.png\" alt=\"\" class=\"wp-image-5471\" srcset=\"https:\/\/phutai.com.vn\/wp-content\/uploads\/2024\/03\/Asset-6.png 1281w, https:\/\/phutai.com.vn\/wp-content\/uploads\/2024\/03\/Asset-6-768x510.png 768w, https:\/\/phutai.com.vn\/wp-content\/uploads\/2024\/03\/Asset-6-18x12.png 18w\" sizes=\"auto, (max-width: 1281px) 100vw, 1281px\" \/><figcaption class=\"wp-element-caption\"><em>2 seater bench 36 x 14.7 x 45H cm PT-170017N Rectangular table 90 x 117 x 74H cm<\/em><\/figcaption><\/figure>\n<\/div>\n\n<div class=\"wp-block-image\">\n<figure class=\"aligncenter size-full\"><img loading=\"lazy\" decoding=\"async\" width=\"1281\" height=\"1903\" src=\"https:\/\/phutai.com.vn\/wp-content\/uploads\/2024\/03\/Asset-7.png\" alt=\"\" class=\"wp-image-5477\" srcset=\"https:\/\/phutai.com.vn\/wp-content\/uploads\/2024\/03\/Asset-7.png 1281w, https:\/\/phutai.com.vn\/wp-content\/uploads\/2024\/03\/Asset-7-768x1141.png 768w, https:\/\/phutai.com.vn\/wp-content\/uploads\/2024\/03\/Asset-7-1034x1536.png 1034w, https:\/\/phutai.com.vn\/wp-content\/uploads\/2024\/03\/Asset-7-8x12.png 8w\" sizes=\"auto, (max-width: 1281px) 100vw, 1281px\" \/><figcaption class=\"wp-element-caption\"><em>2 seater bench 36 x 14.7 x 45H cm PT-170017N Rectangular table 90 x 117 x 74H cm<\/em><\/figcaption><\/figure>\n<\/div>\n\n<div class=\"wp-block-image\">\n<figure class=\"aligncenter size-full\"><img loading=\"lazy\" decoding=\"async\" width=\"1281\" height=\"1281\" src=\"https:\/\/phutai.com.vn\/wp-content\/uploads\/2024\/03\/Asset-8-1.png\" alt=\"\" class=\"wp-image-5478\" srcset=\"https:\/\/phutai.com.vn\/wp-content\/uploads\/2024\/03\/Asset-8-1.png 1281w, https:\/\/phutai.com.vn\/wp-content\/uploads\/2024\/03\/Asset-8-1-768x768.png 768w, https:\/\/phutai.com.vn\/wp-content\/uploads\/2024\/03\/Asset-8-1-12x12.png 12w\" sizes=\"auto, (max-width: 1281px) 100vw, 1281px\" \/><figcaption class=\"wp-element-caption\"><em>2 seater bench 36 x 14.7 x 45H cm PT-170017N Rectangular table 90 x 117 x 74H cm<\/em><\/figcaption><\/figure>\n<\/div>\n\n\n<h3 class=\"wp-block-heading\">H\u00ecnh \u1ea3nh nh\u00e0 m\u00e1y<\/h3>\n\n\n<div class=\"wp-block-image\">\n<figure class=\"aligncenter size-full\"><img loading=\"lazy\" decoding=\"async\" width=\"1024\" height=\"678\" src=\"https:\/\/phutai.com.vn\/wp-content\/uploads\/2024\/03\/image-84.png\" alt=\"\" class=\"wp-image-5285\" srcset=\"https:\/\/phutai.com.vn\/wp-content\/uploads\/2024\/03\/image-84.png 1024w, https:\/\/phutai.com.vn\/wp-content\/uploads\/2024\/03\/image-84-768x509.png 768w, https:\/\/phutai.com.vn\/wp-content\/uploads\/2024\/03\/image-84-18x12.png 18w\" sizes=\"auto, (max-width: 1024px) 100vw, 1024px\" \/><figcaption class=\"wp-element-caption\"><em>Kho g\u1ed7 tr\u00f2n nguy\u00ean li\u1ec7u<\/em><\/figcaption><\/figure>\n<\/div>\n\n<div class=\"wp-block-image\">\n<figure class=\"aligncenter size-full\"><img decoding=\"async\" src=\"https:\/\/phutai.com.vn\/wp-content\/uploads\/2024\/03\/Nha-may-thang-loi-phu-tai-2.jpg\" alt=\"\" class=\"wp-image-5330\"\/><figcaption class=\"wp-element-caption\"><em>C\u01b0a x\u1ebb g\u1ed7 tr\u00f2n<\/em><\/figcaption><\/figure>\n<\/div>\n\n<div class=\"wp-block-image\">\n<figure class=\"aligncenter size-full\"><img loading=\"lazy\" decoding=\"async\" width=\"1024\" height=\"678\" src=\"https:\/\/phutai.com.vn\/wp-content\/uploads\/2024\/03\/Nha-may-thang-loi-phu-tai-4.jpg\" alt=\"\" class=\"wp-image-5334\" srcset=\"https:\/\/phutai.com.vn\/wp-content\/uploads\/2024\/03\/Nha-may-thang-loi-phu-tai-4.jpg 1024w, https:\/\/phutai.com.vn\/wp-content\/uploads\/2024\/03\/Nha-may-thang-loi-phu-tai-4-768x509.jpg 768w, https:\/\/phutai.com.vn\/wp-content\/uploads\/2024\/03\/Nha-may-thang-loi-phu-tai-4-18x12.jpg 18w\" sizes=\"auto, (max-width: 1024px) 100vw, 1024px\" \/><figcaption class=\"wp-element-caption\"><em>T\u1ea5m, v\u00e1n g\u1ed7 sau khi c\u01b0a t\u1eeb g\u1ed7 tr\u00f2n<\/em><\/figcaption><\/figure>\n<\/div>\n\n<div class=\"wp-block-image\">\n<figure class=\"aligncenter size-full\"><img loading=\"lazy\" decoding=\"async\" width=\"1024\" height=\"678\" src=\"https:\/\/phutai.com.vn\/wp-content\/uploads\/2024\/03\/Nha-may-thang-loi-phu-tai-5.jpg\" alt=\"\" class=\"wp-image-5336\" srcset=\"https:\/\/phutai.com.vn\/wp-content\/uploads\/2024\/03\/Nha-may-thang-loi-phu-tai-5.jpg 1024w, https:\/\/phutai.com.vn\/wp-content\/uploads\/2024\/03\/Nha-may-thang-loi-phu-tai-5-768x509.jpg 768w, https:\/\/phutai.com.vn\/wp-content\/uploads\/2024\/03\/Nha-may-thang-loi-phu-tai-5-18x12.jpg 18w\" sizes=\"auto, (max-width: 1024px) 100vw, 1024px\" \/><figcaption class=\"wp-element-caption\"><em>Kho t\u1ea5m, v\u00e1n x\u1ebb<\/em><\/figcaption><\/figure>\n<\/div>\n\n<div class=\"wp-block-image\">\n<figure class=\"aligncenter size-full\"><img loading=\"lazy\" decoding=\"async\" width=\"1024\" height=\"689\" src=\"https:\/\/phutai.com.vn\/wp-content\/uploads\/2024\/03\/Nha-may-thang-loi-phu-tai-3-1024x689-1.jpg\" alt=\"\" class=\"wp-image-5340\" srcset=\"https:\/\/phutai.com.vn\/wp-content\/uploads\/2024\/03\/Nha-may-thang-loi-phu-tai-3-1024x689-1.jpg 1024w, https:\/\/phutai.com.vn\/wp-content\/uploads\/2024\/03\/Nha-may-thang-loi-phu-tai-3-1024x689-1-768x517.jpg 768w, https:\/\/phutai.com.vn\/wp-content\/uploads\/2024\/03\/Nha-may-thang-loi-phu-tai-3-1024x689-1-18x12.jpg 18w\" sizes=\"auto, (max-width: 1024px) 100vw, 1024px\" \/><figcaption class=\"wp-element-caption\"><em>S\u1ea5y g\u1ed7<\/em><\/figcaption><\/figure>\n<\/div>\n\n<div class=\"wp-block-image\">\n<figure class=\"aligncenter size-full\"><img loading=\"lazy\" decoding=\"async\" width=\"1024\" height=\"678\" src=\"https:\/\/phutai.com.vn\/wp-content\/uploads\/2024\/03\/image-89.png\" alt=\"\" class=\"wp-image-5325\" srcset=\"https:\/\/phutai.com.vn\/wp-content\/uploads\/2024\/03\/image-89.png 1024w, https:\/\/phutai.com.vn\/wp-content\/uploads\/2024\/03\/image-89-768x509.png 768w, https:\/\/phutai.com.vn\/wp-content\/uploads\/2024\/03\/image-89-18x12.png 18w\" sizes=\"auto, (max-width: 1024px) 100vw, 1024px\" \/><figcaption class=\"wp-element-caption\"><em>T\u1ea1o ph\u00f4i g\u1ed7<\/em><\/figcaption><\/figure>\n<\/div>\n\n<div class=\"wp-block-image\">\n<figure class=\"aligncenter size-full\"><img loading=\"lazy\" decoding=\"async\" width=\"1024\" height=\"678\" src=\"https:\/\/phutai.com.vn\/wp-content\/uploads\/2024\/03\/image-90.png\" alt=\"\" class=\"wp-image-5328\" srcset=\"https:\/\/phutai.com.vn\/wp-content\/uploads\/2024\/03\/image-90.png 1024w, https:\/\/phutai.com.vn\/wp-content\/uploads\/2024\/03\/image-90-768x509.png 768w, https:\/\/phutai.com.vn\/wp-content\/uploads\/2024\/03\/image-90-18x12.png 18w\" sizes=\"auto, (max-width: 1024px) 100vw, 1024px\" \/><figcaption class=\"wp-element-caption\"><em>T\u1ea1o ph\u00f4i g\u1ed7<\/em><\/figcaption><\/figure>\n<\/div>\n\n<div class=\"wp-block-image\">\n<figure class=\"aligncenter size-full\"><img loading=\"lazy\" decoding=\"async\" width=\"1024\" height=\"689\" src=\"https:\/\/phutai.com.vn\/wp-content\/uploads\/2024\/03\/image-91.png\" alt=\"\" class=\"wp-image-5329\" srcset=\"https:\/\/phutai.com.vn\/wp-content\/uploads\/2024\/03\/image-91.png 1024w, https:\/\/phutai.com.vn\/wp-content\/uploads\/2024\/03\/image-91-768x517.png 768w, https:\/\/phutai.com.vn\/wp-content\/uploads\/2024\/03\/image-91-18x12.png 18w\" sizes=\"auto, (max-width: 1024px) 100vw, 1024px\" \/><figcaption class=\"wp-element-caption\"><em>Ho\u00e0n thi\u1ec7n s\u1ea3n ph\u1ea9m<\/em><\/figcaption><\/figure>\n<\/div>\n\n<div class=\"wp-block-image\">\n<figure class=\"aligncenter size-full\"><img loading=\"lazy\" decoding=\"async\" width=\"1024\" height=\"678\" src=\"https:\/\/phutai.com.vn\/wp-content\/uploads\/2024\/03\/image-92.png\" alt=\"\" class=\"wp-image-5331\" srcset=\"https:\/\/phutai.com.vn\/wp-content\/uploads\/2024\/03\/image-92.png 1024w, https:\/\/phutai.com.vn\/wp-content\/uploads\/2024\/03\/image-92-768x509.png 768w, https:\/\/phutai.com.vn\/wp-content\/uploads\/2024\/03\/image-92-18x12.png 18w\" sizes=\"auto, (max-width: 1024px) 100vw, 1024px\" \/><figcaption class=\"wp-element-caption\"><em>S\u01a1n m\u00e0u s\u1ea3n ph\u1ea9m, ho\u00e0n thi\u1ec7n<\/em><\/figcaption><\/figure>\n<\/div>\n\n<div class=\"wp-block-image\">\n<figure class=\"aligncenter size-full\"><img loading=\"lazy\" decoding=\"async\" width=\"1024\" height=\"678\" src=\"https:\/\/phutai.com.vn\/wp-content\/uploads\/2024\/03\/image-93.png\" alt=\"\" class=\"wp-image-5335\" srcset=\"https:\/\/phutai.com.vn\/wp-content\/uploads\/2024\/03\/image-93.png 1024w, https:\/\/phutai.com.vn\/wp-content\/uploads\/2024\/03\/image-93-768x509.png 768w, https:\/\/phutai.com.vn\/wp-content\/uploads\/2024\/03\/image-93-18x12.png 18w\" sizes=\"auto, (max-width: 1024px) 100vw, 1024px\" \/><figcaption class=\"wp-element-caption\"><em>\u0110\u00f3ng g\u00f3i s\u1ea3n ph\u1ea9m, chu\u1ea9n b\u1ecb giao kh\u00e1ch h\u00e0ng<\/em><\/figcaption><\/figure>\n<\/div>\n\n<div class=\"wp-block-image\">\n<figure class=\"aligncenter size-full\"><img loading=\"lazy\" decoding=\"async\" width=\"1024\" height=\"678\" src=\"https:\/\/phutai.com.vn\/wp-content\/uploads\/2024\/03\/Nha-may-thang-loi-phu-tai-11.jpg\" alt=\"\" class=\"wp-image-5346\" srcset=\"https:\/\/phutai.com.vn\/wp-content\/uploads\/2024\/03\/Nha-may-thang-loi-phu-tai-11.jpg 1024w, https:\/\/phutai.com.vn\/wp-content\/uploads\/2024\/03\/Nha-may-thang-loi-phu-tai-11-768x509.jpg 768w, https:\/\/phutai.com.vn\/wp-content\/uploads\/2024\/03\/Nha-may-thang-loi-phu-tai-11-18x12.jpg 18w\" sizes=\"auto, (max-width: 1024px) 100vw, 1024px\" \/><figcaption class=\"wp-element-caption\"><em>\u0110\u00f3ng g\u00f3i s\u1ea3n ph\u1ea9m, chu\u1ea9n b\u1ecb giao kh\u00e1ch h\u00e0ng<\/em><\/figcaption><\/figure>\n<\/div>\n\n<div class=\"wp-block-image\">\n<figure class=\"aligncenter size-full\"><img loading=\"lazy\" decoding=\"async\" width=\"1024\" height=\"678\" src=\"https:\/\/phutai.com.vn\/wp-content\/uploads\/2024\/03\/image-94.png\" alt=\"\" class=\"wp-image-5337\" srcset=\"https:\/\/phutai.com.vn\/wp-content\/uploads\/2024\/03\/image-94.png 1024w, https:\/\/phutai.com.vn\/wp-content\/uploads\/2024\/03\/image-94-768x509.png 768w, https:\/\/phutai.com.vn\/wp-content\/uploads\/2024\/03\/image-94-18x12.png 18w\" sizes=\"auto, (max-width: 1024px) 100vw, 1024px\" \/><figcaption class=\"wp-element-caption\"><em>\u0110\u01b0a h\u00e0ng l\u00ean container, giao cho kh\u00e1ch h\u00e0ng.<\/em><\/figcaption><\/figure>\n<\/div>\n\n<div class=\"wp-block-image\">\n<figure class=\"aligncenter size-full\"><img decoding=\"async\" src=\"https:\/\/phutai.com.vn\/wp-content\/uploads\/2024\/03\/image-95.png\" alt=\"\" class=\"wp-image-5339\"\/><figcaption class=\"wp-element-caption\"><em>Giao cho kh\u00e1ch h\u00e0ng tr\u00ean to\u00e0n th\u1ebf gi\u1edbi<\/em><\/figcaption><\/figure>\n<\/div>\n\n\n<h3 class=\"wp-block-heading\">Li\u00ean h\u1ec7<\/h3>\n\n\n\n<p>Li\u00ean h\u1ec7 NGAY \u0111\u1ec3 \u0111\u01b0\u1ee3c t\u01b0 v\u1ea5n MI\u1ec4N PH\u00cd v\u00e0 nh\u1eadn b\u00e1o gi\u00e1 T\u1ed0T NH\u1ea4T !<\/p>\n\n\n\n<p><strong>C\u00f4ng ty c\u1ed5 ph\u1ea7n Ph\u00fa T\u00e0i<\/strong><br>\u0110i\u1ec7n tho\u1ea1i :&nbsp;<a href=\"tel:02563841668\">0256 3841 668<\/a><br>Fax : 0256 3841 556<br>Email:&nbsp;<a href=\"mailto:sales@phutai.com.vn\">sales@phutai.com.vn<\/a><\/p>\n","protected":false},"excerpt":{"rendered":"<p>H\u00ecnh \u1ea3nh v\u00e0 k\u00edch th\u01b0\u1edbc s\u1ea3n ph\u1ea9m H\u00ecnh \u1ea3nh nh\u00e0 m\u00e1y Li\u00ean h\u1ec7 Li\u00ean h\u1ec7 NGAY \u0111\u1ec3 \u0111\u01b0\u1ee3c t\u01b0 v\u1ea5n MI\u1ec4N PH\u00cd v\u00e0 nh\u1eadn b\u00e1o gi\u00e1 T\u1ed0T NH\u1ea4T ! C\u00f4ng ty c\u1ed5 ph\u1ea7n Ph\u00fa T\u00e0i\u0110i\u1ec7n tho\u1ea1i :&nbsp;0256 3841 668Fax : 0256 3841 556Email:&nbsp;sales@phutai.com.vn<\/p>\n","protected":false},"author":1,"featured_media":5471,"menu_order":0,"comment_status":"open","ping_status":"open","template":"","format":"standard","meta":{"footnotes":""},"category-product":[52,35,50],"class_list":["post-5466","product","type-product","status-publish","format-standard","has-post-thumbnail","hentry","category-product-ban","category-product-san-pham-go","category-product-san-pham-go-noi-that"],"acf":[],"yoast_head":"<!-- This site is optimized with the Yoast SEO plugin v24.7 - https:\/\/yoast.com\/wordpress\/plugins\/seo\/ -->\n<title>B\u1ed9 b\u00e0n \u0103n PT-170017N - Ph\u00fa T\u00e0i JSC<\/title>\n<meta name=\"robots\" content=\"index, follow, max-snippet:-1, max-image-preview:large, max-video-preview:-1\" \/>\n<link rel=\"canonical\" href=\"https:\/\/phutai.com.vn\/en\/product\/bo-ban-an-pt-170017n\/\" \/>\n<meta property=\"og:locale\" content=\"en_US\" \/>\n<meta property=\"og:type\" content=\"article\" \/>\n<meta property=\"og:title\" content=\"B\u1ed9 b\u00e0n \u0103n PT-170017N - Ph\u00fa T\u00e0i JSC\" \/>\n<meta property=\"og:description\" content=\"H\u00ecnh \u1ea3nh v\u00e0 k\u00edch th\u01b0\u1edbc s\u1ea3n ph\u1ea9m H\u00ecnh \u1ea3nh nh\u00e0 m\u00e1y Li\u00ean h\u1ec7 Li\u00ean h\u1ec7 NGAY \u0111\u1ec3 \u0111\u01b0\u1ee3c t\u01b0 v\u1ea5n MI\u1ec4N PH\u00cd v\u00e0 nh\u1eadn b\u00e1o gi\u00e1 T\u1ed0T NH\u1ea4T ! C\u00f4ng ty c\u1ed5 ph\u1ea7n Ph\u00fa T\u00e0i\u0110i\u1ec7n tho\u1ea1i :&nbsp;0256 3841 668Fax : 0256 3841 556Email:&nbsp;sales@phutai.com.vn\" \/>\n<meta property=\"og:url\" content=\"https:\/\/phutai.com.vn\/en\/product\/bo-ban-an-pt-170017n\/\" \/>\n<meta property=\"og:site_name\" content=\"Ph\u00fa T\u00e0i JSC\" \/>\n<meta property=\"article:publisher\" content=\"https:\/\/www.facebook.com\/phutai.jointstockcompany\" \/>\n<meta property=\"article:modified_time\" content=\"2024-03-28T07:42:40+00:00\" \/>\n<meta property=\"og:image\" content=\"https:\/\/phutai.com.vn\/wp-content\/uploads\/2024\/03\/Asset-6.png\" \/>\n\t<meta property=\"og:image:width\" content=\"1281\" \/>\n\t<meta property=\"og:image:height\" content=\"851\" \/>\n\t<meta property=\"og:image:type\" content=\"image\/png\" \/>\n<meta name=\"twitter:card\" content=\"summary_large_image\" \/>\n<meta name=\"twitter:label1\" content=\"Est. reading time\" \/>\n\t<meta name=\"twitter:data1\" content=\"5 minutes\" \/>\n<script type=\"application\/ld+json\" class=\"yoast-schema-graph\">{\"@context\":\"https:\/\/schema.org\",\"@graph\":[{\"@type\":\"WebPage\",\"@id\":\"https:\/\/phutai.com.vn\/product\/bo-ban-an-pt-170017n\/\",\"url\":\"https:\/\/phutai.com.vn\/product\/bo-ban-an-pt-170017n\/\",\"name\":\"B\u1ed9 b\u00e0n \u0103n PT-170017N - Ph\u00fa T\u00e0i JSC\",\"isPartOf\":{\"@id\":\"https:\/\/phutai.com.vn\/#website\"},\"primaryImageOfPage\":{\"@id\":\"https:\/\/phutai.com.vn\/product\/bo-ban-an-pt-170017n\/#primaryimage\"},\"image\":{\"@id\":\"https:\/\/phutai.com.vn\/product\/bo-ban-an-pt-170017n\/#primaryimage\"},\"thumbnailUrl\":\"https:\/\/phutai.com.vn\/wp-content\/uploads\/2024\/03\/Asset-6.png\",\"datePublished\":\"2024-03-28T07:26:19+00:00\",\"dateModified\":\"2024-03-28T07:42:40+00:00\",\"breadcrumb\":{\"@id\":\"https:\/\/phutai.com.vn\/product\/bo-ban-an-pt-170017n\/#breadcrumb\"},\"inLanguage\":\"en-US\",\"potentialAction\":[{\"@type\":\"ReadAction\",\"target\":[\"https:\/\/phutai.com.vn\/product\/bo-ban-an-pt-170017n\/\"]}]},{\"@type\":\"ImageObject\",\"inLanguage\":\"en-US\",\"@id\":\"https:\/\/phutai.com.vn\/product\/bo-ban-an-pt-170017n\/#primaryimage\",\"url\":\"https:\/\/phutai.com.vn\/wp-content\/uploads\/2024\/03\/Asset-6.png\",\"contentUrl\":\"https:\/\/phutai.com.vn\/wp-content\/uploads\/2024\/03\/Asset-6.png\",\"width\":1281,\"height\":851,\"caption\":\"2 seater bench 36 x 14.7 x 45H cm PT-170017N Rectangular table 90 x 117 x 74H cm\"},{\"@type\":\"BreadcrumbList\",\"@id\":\"https:\/\/phutai.com.vn\/product\/bo-ban-an-pt-170017n\/#breadcrumb\",\"itemListElement\":[{\"@type\":\"ListItem\",\"position\":1,\"name\":\"Home\",\"item\":\"https:\/\/phutai.com.vn\/\"},{\"@type\":\"ListItem\",\"position\":2,\"name\":\"B\u1ed9 b\u00e0n \u0103n PT-170017N\"}]},{\"@type\":\"WebSite\",\"@id\":\"https:\/\/phutai.com.vn\/#website\",\"url\":\"https:\/\/phutai.com.vn\/\",\"name\":\"Ph\u00fa T\u00e0i JSC\",\"description\":\"\",\"publisher\":{\"@id\":\"https:\/\/phutai.com.vn\/#organization\"},\"potentialAction\":[{\"@type\":\"SearchAction\",\"target\":{\"@type\":\"EntryPoint\",\"urlTemplate\":\"https:\/\/phutai.com.vn\/?s={search_term_string}\"},\"query-input\":{\"@type\":\"PropertyValueSpecification\",\"valueRequired\":true,\"valueName\":\"search_term_string\"}}],\"inLanguage\":\"en-US\"},{\"@type\":\"Organization\",\"@id\":\"https:\/\/phutai.com.vn\/#organization\",\"name\":\"Ph\u00fa T\u00e0i JSC\",\"url\":\"https:\/\/phutai.com.vn\/\",\"logo\":{\"@type\":\"ImageObject\",\"inLanguage\":\"en-US\",\"@id\":\"https:\/\/phutai.com.vn\/#\/schema\/logo\/image\/\",\"url\":\"https:\/\/phutai.com.vn\/wp-content\/uploads\/2026\/01\/phutai-logo-tachnen.png\",\"contentUrl\":\"https:\/\/phutai.com.vn\/wp-content\/uploads\/2026\/01\/phutai-logo-tachnen.png\",\"width\":500,\"height\":327,\"caption\":\"Ph\u00fa T\u00e0i JSC\"},\"image\":{\"@id\":\"https:\/\/phutai.com.vn\/#\/schema\/logo\/image\/\"},\"sameAs\":[\"https:\/\/www.facebook.com\/phutai.jointstockcompany\"]}]}<\/script>\n<!-- \/ Yoast SEO plugin. -->","yoast_head_json":{"title":"B\u1ed9 b\u00e0n \u0103n PT-170017N - Ph\u00fa T\u00e0i JSC","robots":{"index":"index","follow":"follow","max-snippet":"max-snippet:-1","max-image-preview":"max-image-preview:large","max-video-preview":"max-video-preview:-1"},"canonical":"https:\/\/phutai.com.vn\/en\/product\/bo-ban-an-pt-170017n\/","og_locale":"en_US","og_type":"article","og_title":"B\u1ed9 b\u00e0n \u0103n PT-170017N - Ph\u00fa T\u00e0i JSC","og_description":"H\u00ecnh \u1ea3nh v\u00e0 k\u00edch th\u01b0\u1edbc s\u1ea3n ph\u1ea9m H\u00ecnh \u1ea3nh nh\u00e0 m\u00e1y Li\u00ean h\u1ec7 Li\u00ean h\u1ec7 NGAY \u0111\u1ec3 \u0111\u01b0\u1ee3c t\u01b0 v\u1ea5n MI\u1ec4N PH\u00cd v\u00e0 nh\u1eadn b\u00e1o gi\u00e1 T\u1ed0T NH\u1ea4T ! C\u00f4ng ty c\u1ed5 ph\u1ea7n Ph\u00fa T\u00e0i\u0110i\u1ec7n tho\u1ea1i :&nbsp;0256 3841 668Fax : 0256 3841 556Email:&nbsp;sales@phutai.com.vn","og_url":"https:\/\/phutai.com.vn\/en\/product\/bo-ban-an-pt-170017n\/","og_site_name":"Ph\u00fa T\u00e0i JSC","article_publisher":"https:\/\/www.facebook.com\/phutai.jointstockcompany","article_modified_time":"2024-03-28T07:42:40+00:00","og_image":[{"width":1281,"height":851,"url":"https:\/\/phutai.com.vn\/wp-content\/uploads\/2024\/03\/Asset-6.png","type":"image\/png"}],"twitter_card":"summary_large_image","twitter_misc":{"Est. reading time":"5 minutes"},"schema":{"@context":"https:\/\/schema.org","@graph":[{"@type":"WebPage","@id":"https:\/\/phutai.com.vn\/product\/bo-ban-an-pt-170017n\/","url":"https:\/\/phutai.com.vn\/product\/bo-ban-an-pt-170017n\/","name":"B\u1ed9 b\u00e0n \u0103n PT-170017N - Ph\u00fa T\u00e0i JSC","isPartOf":{"@id":"https:\/\/phutai.com.vn\/#website"},"primaryImageOfPage":{"@id":"https:\/\/phutai.com.vn\/product\/bo-ban-an-pt-170017n\/#primaryimage"},"image":{"@id":"https:\/\/phutai.com.vn\/product\/bo-ban-an-pt-170017n\/#primaryimage"},"thumbnailUrl":"https:\/\/phutai.com.vn\/wp-content\/uploads\/2024\/03\/Asset-6.png","datePublished":"2024-03-28T07:26:19+00:00","dateModified":"2024-03-28T07:42:40+00:00","breadcrumb":{"@id":"https:\/\/phutai.com.vn\/product\/bo-ban-an-pt-170017n\/#breadcrumb"},"inLanguage":"en-US","potentialAction":[{"@type":"ReadAction","target":["https:\/\/phutai.com.vn\/product\/bo-ban-an-pt-170017n\/"]}]},{"@type":"ImageObject","inLanguage":"en-US","@id":"https:\/\/phutai.com.vn\/product\/bo-ban-an-pt-170017n\/#primaryimage","url":"https:\/\/phutai.com.vn\/wp-content\/uploads\/2024\/03\/Asset-6.png","contentUrl":"https:\/\/phutai.com.vn\/wp-content\/uploads\/2024\/03\/Asset-6.png","width":1281,"height":851,"caption":"2 seater bench 36 x 14.7 x 45H cm PT-170017N Rectangular table 90 x 117 x 74H cm"},{"@type":"BreadcrumbList","@id":"https:\/\/phutai.com.vn\/product\/bo-ban-an-pt-170017n\/#breadcrumb","itemListElement":[{"@type":"ListItem","position":1,"name":"Home","item":"https:\/\/phutai.com.vn\/"},{"@type":"ListItem","position":2,"name":"B\u1ed9 b\u00e0n \u0103n PT-170017N"}]},{"@type":"WebSite","@id":"https:\/\/phutai.com.vn\/#website","url":"https:\/\/phutai.com.vn\/","name":"Ph\u00fa T\u00e0i JSC","description":"","publisher":{"@id":"https:\/\/phutai.com.vn\/#organization"},"potentialAction":[{"@type":"SearchAction","target":{"@type":"EntryPoint","urlTemplate":"https:\/\/phutai.com.vn\/?s={search_term_string}"},"query-input":{"@type":"PropertyValueSpecification","valueRequired":true,"valueName":"search_term_string"}}],"inLanguage":"en-US"},{"@type":"Organization","@id":"https:\/\/phutai.com.vn\/#organization","name":"Ph\u00fa T\u00e0i JSC","url":"https:\/\/phutai.com.vn\/","logo":{"@type":"ImageObject","inLanguage":"en-US","@id":"https:\/\/phutai.com.vn\/#\/schema\/logo\/image\/","url":"https:\/\/phutai.com.vn\/wp-content\/uploads\/2026\/01\/phutai-logo-tachnen.png","contentUrl":"https:\/\/phutai.com.vn\/wp-content\/uploads\/2026\/01\/phutai-logo-tachnen.png","width":500,"height":327,"caption":"Ph\u00fa T\u00e0i JSC"},"image":{"@id":"https:\/\/phutai.com.vn\/#\/schema\/logo\/image\/"},"sameAs":["https:\/\/www.facebook.com\/phutai.jointstockcompany"]}]}},"_links":{"self":[{"href":"https:\/\/phutai.com.vn\/en\/wp-json\/wp\/v2\/product\/5466","targetHints":{"allow":["GET"]}}],"collection":[{"href":"https:\/\/phutai.com.vn\/en\/wp-json\/wp\/v2\/product"}],"about":[{"href":"https:\/\/phutai.com.vn\/en\/wp-json\/wp\/v2\/types\/product"}],"author":[{"embeddable":true,"href":"https:\/\/phutai.com.vn\/en\/wp-json\/wp\/v2\/users\/1"}],"replies":[{"embeddable":true,"href":"https:\/\/phutai.com.vn\/en\/wp-json\/wp\/v2\/comments?post=5466"}],"version-history":[{"count":1,"href":"https:\/\/phutai.com.vn\/en\/wp-json\/wp\/v2\/product\/5466\/revisions"}],"predecessor-version":[{"id":5479,"href":"https:\/\/phutai.com.vn\/en\/wp-json\/wp\/v2\/product\/5466\/revisions\/5479"}],"wp:featuredmedia":[{"embeddable":true,"href":"https:\/\/phutai.com.vn\/en\/wp-json\/wp\/v2\/media\/5471"}],"wp:attachment":[{"href":"https:\/\/phutai.com.vn\/en\/wp-json\/wp\/v2\/media?parent=5466"}],"wp:term":[{"taxonomy":"category-product","embeddable":true,"href":"https:\/\/phutai.com.vn\/en\/wp-json\/wp\/v2\/category-product?post=5466"}],"curies":[{"name":"wp","href":"https:\/\/api.w.org\/{rel}","templated":true}]}}