{"id":5916,"date":"2024-04-03T05:18:24","date_gmt":"2024-04-03T05:18:24","guid":{"rendered":"https:\/\/phutai.com.vn\/?post_type=product&#038;p=5916"},"modified":"2024-04-03T05:18:27","modified_gmt":"2024-04-03T05:18:27","slug":"go-xe-bach-dan-uruquay","status":"publish","type":"product","link":"https:\/\/phutai.com.vn\/en\/product\/go-xe-bach-dan-uruquay\/","title":{"rendered":"G\u1ed7 x\u1ebb b\u1ea1ch \u0111\u00e0n Uruquay"},"content":{"rendered":"\n<h2 class=\"wp-block-heading\">M\u00d4 T\u1ea2<\/h2>\n\n\n\n<p>B\u1ea1ch \u0111\u00e0n Brazil l\u00e0 nguy\u00ean li\u1ec7u th\u01b0\u1eddng d\u00f9ng trong ng\u00e0nh ch\u1ebf bi\u1ebfn \u0111\u1ed3 g\u1ed7 n\u1ed9i ngo\u1ea1i th\u1ea5t.<\/p>\n\n\n\n<h2 class=\"wp-block-heading\">H\u00ccNH \u1ea2NH CH\u1ebe BI\u1ebeN T\u1ea0I NH\u00c0 M\u00c1Y<\/h2>\n\n\n\n<figure class=\"wp-block-image size-full\"><img loading=\"lazy\" decoding=\"async\" width=\"1280\" height=\"1707\" src=\"https:\/\/phutai.com.vn\/wp-content\/uploads\/2024\/04\/image-5.png\" alt=\"\" class=\"wp-image-5882\" srcset=\"https:\/\/phutai.com.vn\/wp-content\/uploads\/2024\/04\/image-5.png 1280w, https:\/\/phutai.com.vn\/wp-content\/uploads\/2024\/04\/image-5-768x1024.png 768w, https:\/\/phutai.com.vn\/wp-content\/uploads\/2024\/04\/image-5-1152x1536.png 1152w, https:\/\/phutai.com.vn\/wp-content\/uploads\/2024\/04\/image-5-9x12.png 9w\" sizes=\"auto, (max-width: 1280px) 100vw, 1280px\" \/><figcaption class=\"wp-element-caption\">G\u1ed7 tr\u00f2n x\u1ebfp s\u1eb5n trong Container<br><\/figcaption><\/figure>\n\n\n\n<figure class=\"wp-block-image size-full\"><img loading=\"lazy\" decoding=\"async\" width=\"1920\" height=\"1306\" src=\"https:\/\/phutai.com.vn\/wp-content\/uploads\/2024\/04\/image-14.png\" alt=\"\" class=\"wp-image-5900\" srcset=\"https:\/\/phutai.com.vn\/wp-content\/uploads\/2024\/04\/image-14.png 1920w, https:\/\/phutai.com.vn\/wp-content\/uploads\/2024\/04\/image-14-768x522.png 768w, https:\/\/phutai.com.vn\/wp-content\/uploads\/2024\/04\/image-14-1536x1045.png 1536w, https:\/\/phutai.com.vn\/wp-content\/uploads\/2024\/04\/image-14-18x12.png 18w\" sizes=\"auto, (max-width: 1920px) 100vw, 1920px\" \/><figcaption class=\"wp-element-caption\">G\u1ed7 tr\u00f2n t\u1eadp k\u1ebft t\u1ea1i b\u00e3i<\/figcaption><\/figure>\n\n\n\n<figure class=\"wp-block-image size-full\"><img loading=\"lazy\" decoding=\"async\" width=\"1024\" height=\"678\" src=\"https:\/\/phutai.com.vn\/wp-content\/uploads\/2024\/04\/image-7.png\" alt=\"\" class=\"wp-image-5884\" srcset=\"https:\/\/phutai.com.vn\/wp-content\/uploads\/2024\/04\/image-7.png 1024w, https:\/\/phutai.com.vn\/wp-content\/uploads\/2024\/04\/image-7-768x509.png 768w, https:\/\/phutai.com.vn\/wp-content\/uploads\/2024\/04\/image-7-18x12.png 18w\" sizes=\"auto, (max-width: 1024px) 100vw, 1024px\" \/><figcaption class=\"wp-element-caption\">G\u1ed7 tr\u00f2n chu\u1ea9n b\u1ecb c\u01b0a t\u1ea1i nh\u00e0 m\u00e1y<br><\/figcaption><\/figure>\n\n\n\n<figure class=\"wp-block-image size-full\"><img loading=\"lazy\" decoding=\"async\" width=\"1024\" height=\"678\" src=\"https:\/\/phutai.com.vn\/wp-content\/uploads\/2024\/04\/image-8.png\" alt=\"\" class=\"wp-image-5885\" srcset=\"https:\/\/phutai.com.vn\/wp-content\/uploads\/2024\/04\/image-8.png 1024w, https:\/\/phutai.com.vn\/wp-content\/uploads\/2024\/04\/image-8-768x509.png 768w, https:\/\/phutai.com.vn\/wp-content\/uploads\/2024\/04\/image-8-18x12.png 18w\" sizes=\"auto, (max-width: 1024px) 100vw, 1024px\" \/><figcaption class=\"wp-element-caption\">g\u1ed7 tr\u00f2n chu\u1ea9n b\u1ecb c\u01b0a t\u1ea1i nh\u00e0 m\u00e1y<\/figcaption><\/figure>\n\n\n\n<figure class=\"wp-block-image size-full\"><img loading=\"lazy\" decoding=\"async\" width=\"1024\" height=\"678\" src=\"https:\/\/phutai.com.vn\/wp-content\/uploads\/2024\/04\/image-9.png\" alt=\"\" class=\"wp-image-5886\" srcset=\"https:\/\/phutai.com.vn\/wp-content\/uploads\/2024\/04\/image-9.png 1024w, https:\/\/phutai.com.vn\/wp-content\/uploads\/2024\/04\/image-9-768x509.png 768w, https:\/\/phutai.com.vn\/wp-content\/uploads\/2024\/04\/image-9-18x12.png 18w\" sizes=\"auto, (max-width: 1024px) 100vw, 1024px\" \/><figcaption class=\"wp-element-caption\">V\u00e1n x\u1ebb<br><\/figcaption><\/figure>\n\n\n\n<figure class=\"wp-block-image size-full\"><img loading=\"lazy\" decoding=\"async\" width=\"1280\" height=\"1707\" src=\"https:\/\/phutai.com.vn\/wp-content\/uploads\/2024\/04\/image-10.png\" alt=\"\" class=\"wp-image-5887\" srcset=\"https:\/\/phutai.com.vn\/wp-content\/uploads\/2024\/04\/image-10.png 1280w, https:\/\/phutai.com.vn\/wp-content\/uploads\/2024\/04\/image-10-768x1024.png 768w, https:\/\/phutai.com.vn\/wp-content\/uploads\/2024\/04\/image-10-1152x1536.png 1152w, https:\/\/phutai.com.vn\/wp-content\/uploads\/2024\/04\/image-10-9x12.png 9w\" sizes=\"auto, (max-width: 1280px) 100vw, 1280px\" \/><figcaption class=\"wp-element-caption\">X\u1ebfp th\u00f4ng gi\u00f3<\/figcaption><\/figure>\n\n\n\n<figure class=\"wp-block-image size-full\"><img loading=\"lazy\" decoding=\"async\" width=\"1920\" height=\"1280\" src=\"https:\/\/phutai.com.vn\/wp-content\/uploads\/2024\/04\/image-11.png\" alt=\"\" class=\"wp-image-5888\" srcset=\"https:\/\/phutai.com.vn\/wp-content\/uploads\/2024\/04\/image-11.png 1920w, https:\/\/phutai.com.vn\/wp-content\/uploads\/2024\/04\/image-11-768x512.png 768w, https:\/\/phutai.com.vn\/wp-content\/uploads\/2024\/04\/image-11-1536x1024.png 1536w, https:\/\/phutai.com.vn\/wp-content\/uploads\/2024\/04\/image-11-18x12.png 18w\" sizes=\"auto, (max-width: 1920px) 100vw, 1920px\" \/><figcaption class=\"wp-element-caption\">Chu\u1ea9n b\u1ecb s\u1ea5y g\u1ed7<\/figcaption><\/figure>\n\n\n\n<h2 class=\"wp-block-heading\">T\u1ea0I SAO L\u1ef0A CH\u1eccN G\u1ed6 X\u1eba B\u1ea0CH \u0110\u00c0N URUQUAY C\u1ee6A G\u1ed6 PH\u00da T\u00c0I<\/h2>\n\n\n\n<ul class=\"wp-block-list\">\n<li>C\u00f4ng ty Ph\u00fa T\u00e0i c\u00f3 nhi\u1ec1u kinh nghi\u1ec7m trong l\u0129nh v\u1ef1c th\u01b0\u01a1ng m\u1ea1i g\u1ed7, n\u00ean s\u1ed1 l\u01b0\u1ee3ng v\u00e0 ch\u1ea5t l\u01b0\u1ee3ng r\u1ea5t \u1ed5n \u0111\u1ecbnh, gi\u00e1 th\u00e0nh c\u1ea1nh tranh.(xem th\u00eam\u00a0<a href=\"http:\/\/phutai.com.vn\/ptb-vao-danh-sach-profit500-top-500-doanh-nghiep-co-loi-nhuan-tot-nhat-nam-2018\/\">PTB v\u00e0o danh s\u00e1ch PROFIT500 -TOP 500 doanh nghi\u1ec7p c\u00f3 l\u1ee3i nhu\u1eadn t\u1ed1t nh\u1ea5t n\u0103m 2018<\/a>\u00a0)<\/li>\n\n\n\n<li>G\u1ed7 Ph\u00fa T\u00e0i c\u00f3 \u0111\u1ea7y \u0111\u1ee7 gi\u1ea5y t\u1edd nh\u1eadp kh\u1ea9u theo quy \u0111\u1ecbnh. Ph\u00fa T\u00e0i cam k\u1ebft kh\u00f4ng nh\u1eadp kh\u1ea9u G\u1ed7 kh\u00f4ng r\u00f5 ngu\u1ed3n g\u1ed1c.<\/li>\n<\/ul>\n\n\n\n<h2 class=\"wp-block-heading\">C\u00c1CH TH\u1ee8C LI\u00caN H\u1ec6 V\u00c0 L\u00c0M VI\u1ec6C :<\/h2>\n\n\n\n<p>Li\u00ean h\u1ec7 NGAY \u0111\u1ec3 \u0111\u01b0\u1ee3c t\u01b0 v\u1ea5n MI\u1ec4N PH\u00cd v\u00e0 nh\u1eadn b\u00e1o gi\u00e1 T\u1ed0T NH\u1ea4T !<\/p>\n\n\n\n<h3 class=\"wp-block-heading\"><strong>&nbsp;C\u00d4NG TY C\u1ed4 PH\u1ea6N PH\u00da T\u00c0I<\/strong><\/h3>\n\n\n\n<ul class=\"wp-block-list\">\n<li>\u0110\u1ecba ch\u1ec9 v\u0103n ph\u00f2ng: 278 Nguy\u1ec5n Th\u1ecb \u0110\u1ecbnh, P. Nguy\u1ec5n V\u0103n C\u1eeb, TP. Qui Nh\u01a1n, T. B\u00ecnh \u0110\u1ecbnh<\/li>\n\n\n\n<li><strong>Hotline: 098 3355 187 (Ms. Hu\u1ec7)<\/strong><\/li>\n\n\n\n<li><strong>V\u0103n ph\u00f2ng: 0256 3847 668\u00a0 \u2013 Fax: 0256 3847 556<\/strong><\/li>\n\n\n\n<li><strong>Email:<\/strong>\u00a0<a href=\"mailto:huehuynh.ptb@phutai.com.vn\">huehuynh.ptb@phutai.com.vn<\/a>\u00a0\u2013\u00a0<a href=\"mailto:phongkinhdoanh.ptb@gmail.com\">phongkinhdoanh.ptb@gmail.com<\/a><\/li>\n\n\n\n<li><strong>G\u1ed7 Ph\u00fa T\u00e0i s\u1ebd b\u00e1o gi\u00e1 s\u1edbm nh\u1ea5t<\/strong><strong>.<\/strong><\/li>\n<\/ul>\n\n\n\n<h3 class=\"wp-block-heading\">B\u1ea1ch \u0111\u00e0n nh\u1eadp kh\u1ea9u Uruquay ch\u1ea5t l\u01b0\u1ee3ng gi\u00e1 r\u1ebb c\u1ee7a C\u00f4ng ty c\u1ed5 ph\u1ea7n Ph\u00fa T\u00e0i<br>R\u1ea5t vui khi \u0111\u01b0\u1ee3c h\u1ee3p t\u00e1c v\u1edbi m\u1ecdi kh\u00e1ch h\u00e0ng.<\/h3>\n","protected":false},"excerpt":{"rendered":"<p>M\u00d4 T\u1ea2 B\u1ea1ch \u0111\u00e0n Brazil l\u00e0 nguy\u00ean li\u1ec7u th\u01b0\u1eddng d\u00f9ng trong ng\u00e0nh ch\u1ebf bi\u1ebfn \u0111\u1ed3 g\u1ed7 n\u1ed9i ngo\u1ea1i th\u1ea5t. H\u00ccNH \u1ea2NH CH\u1ebe BI\u1ebeN T\u1ea0I NH\u00c0 M\u00c1Y T\u1ea0I SAO L\u1ef0A CH\u1eccN G\u1ed6 X\u1eba B\u1ea0CH \u0110\u00c0N URUQUAY C\u1ee6A G\u1ed6 PH\u00da T\u00c0I C\u00c1CH TH\u1ee8C LI\u00caN H\u1ec6 V\u00c0 L\u00c0M VI\u1ec6C : Li\u00ean h\u1ec7 NGAY \u0111\u1ec3 \u0111\u01b0\u1ee3c t\u01b0 v\u1ea5n MI\u1ec4N [&hellip;]<\/p>\n","protected":false},"author":1,"featured_media":5904,"menu_order":0,"comment_status":"open","ping_status":"open","template":"","format":"standard","meta":{"footnotes":""},"category-product":[69,35,67],"class_list":["post-5916","product","type-product","status-publish","format-standard","has-post-thumbnail","hentry","category-product-go-xe","category-product-san-pham-go","category-product-san-pham-go-nguyen-lieu"],"acf":[],"yoast_head":"<!-- This site is optimized with the Yoast SEO plugin v24.7 - https:\/\/yoast.com\/wordpress\/plugins\/seo\/ -->\n<title>G\u1ed7 x\u1ebb b\u1ea1ch \u0111\u00e0n Uruquay - Ph\u00fa T\u00e0i JSC<\/title>\n<meta name=\"robots\" content=\"index, follow, max-snippet:-1, max-image-preview:large, max-video-preview:-1\" \/>\n<link rel=\"canonical\" href=\"https:\/\/phutai.com.vn\/en\/product\/go-xe-bach-dan-uruquay\/\" \/>\n<meta property=\"og:locale\" content=\"en_US\" \/>\n<meta property=\"og:type\" content=\"article\" \/>\n<meta property=\"og:title\" content=\"G\u1ed7 x\u1ebb b\u1ea1ch \u0111\u00e0n Uruquay - Ph\u00fa T\u00e0i JSC\" \/>\n<meta property=\"og:description\" content=\"M\u00d4 T\u1ea2 B\u1ea1ch \u0111\u00e0n Brazil l\u00e0 nguy\u00ean li\u1ec7u th\u01b0\u1eddng d\u00f9ng trong ng\u00e0nh ch\u1ebf bi\u1ebfn \u0111\u1ed3 g\u1ed7 n\u1ed9i ngo\u1ea1i th\u1ea5t. H\u00ccNH \u1ea2NH CH\u1ebe BI\u1ebeN T\u1ea0I NH\u00c0 M\u00c1Y T\u1ea0I SAO L\u1ef0A CH\u1eccN G\u1ed6 X\u1eba B\u1ea0CH \u0110\u00c0N URUQUAY C\u1ee6A G\u1ed6 PH\u00da T\u00c0I C\u00c1CH TH\u1ee8C LI\u00caN H\u1ec6 V\u00c0 L\u00c0M VI\u1ec6C : Li\u00ean h\u1ec7 NGAY \u0111\u1ec3 \u0111\u01b0\u1ee3c t\u01b0 v\u1ea5n MI\u1ec4N [&hellip;]\" \/>\n<meta property=\"og:url\" content=\"https:\/\/phutai.com.vn\/en\/product\/go-xe-bach-dan-uruquay\/\" \/>\n<meta property=\"og:site_name\" content=\"Ph\u00fa T\u00e0i JSC\" \/>\n<meta property=\"article:publisher\" content=\"https:\/\/www.facebook.com\/phutai.jointstockcompany\" \/>\n<meta property=\"article:modified_time\" content=\"2024-04-03T05:18:27+00:00\" \/>\n<meta property=\"og:image\" content=\"https:\/\/phutai.com.vn\/wp-content\/uploads\/2024\/04\/temp.jpg\" \/>\n\t<meta property=\"og:image:width\" content=\"550\" \/>\n\t<meta property=\"og:image:height\" content=\"443\" \/>\n\t<meta property=\"og:image:type\" content=\"image\/jpeg\" \/>\n<meta name=\"twitter:card\" content=\"summary_large_image\" \/>\n<meta name=\"twitter:label1\" content=\"Est. reading time\" \/>\n\t<meta name=\"twitter:data1\" content=\"3 minutes\" \/>\n<script type=\"application\/ld+json\" class=\"yoast-schema-graph\">{\"@context\":\"https:\/\/schema.org\",\"@graph\":[{\"@type\":\"WebPage\",\"@id\":\"https:\/\/phutai.com.vn\/product\/go-xe-bach-dan-uruquay\/\",\"url\":\"https:\/\/phutai.com.vn\/product\/go-xe-bach-dan-uruquay\/\",\"name\":\"G\u1ed7 x\u1ebb b\u1ea1ch \u0111\u00e0n Uruquay - Ph\u00fa T\u00e0i JSC\",\"isPartOf\":{\"@id\":\"https:\/\/phutai.com.vn\/#website\"},\"primaryImageOfPage\":{\"@id\":\"https:\/\/phutai.com.vn\/product\/go-xe-bach-dan-uruquay\/#primaryimage\"},\"image\":{\"@id\":\"https:\/\/phutai.com.vn\/product\/go-xe-bach-dan-uruquay\/#primaryimage\"},\"thumbnailUrl\":\"https:\/\/phutai.com.vn\/wp-content\/uploads\/2024\/04\/temp.jpg\",\"datePublished\":\"2024-04-03T05:18:24+00:00\",\"dateModified\":\"2024-04-03T05:18:27+00:00\",\"breadcrumb\":{\"@id\":\"https:\/\/phutai.com.vn\/product\/go-xe-bach-dan-uruquay\/#breadcrumb\"},\"inLanguage\":\"en-US\",\"potentialAction\":[{\"@type\":\"ReadAction\",\"target\":[\"https:\/\/phutai.com.vn\/product\/go-xe-bach-dan-uruquay\/\"]}]},{\"@type\":\"ImageObject\",\"inLanguage\":\"en-US\",\"@id\":\"https:\/\/phutai.com.vn\/product\/go-xe-bach-dan-uruquay\/#primaryimage\",\"url\":\"https:\/\/phutai.com.vn\/wp-content\/uploads\/2024\/04\/temp.jpg\",\"contentUrl\":\"https:\/\/phutai.com.vn\/wp-content\/uploads\/2024\/04\/temp.jpg\",\"width\":550,\"height\":443},{\"@type\":\"BreadcrumbList\",\"@id\":\"https:\/\/phutai.com.vn\/product\/go-xe-bach-dan-uruquay\/#breadcrumb\",\"itemListElement\":[{\"@type\":\"ListItem\",\"position\":1,\"name\":\"Home\",\"item\":\"https:\/\/phutai.com.vn\/\"},{\"@type\":\"ListItem\",\"position\":2,\"name\":\"G\u1ed7 x\u1ebb b\u1ea1ch \u0111\u00e0n Uruquay\"}]},{\"@type\":\"WebSite\",\"@id\":\"https:\/\/phutai.com.vn\/#website\",\"url\":\"https:\/\/phutai.com.vn\/\",\"name\":\"Ph\u00fa T\u00e0i JSC\",\"description\":\"\",\"publisher\":{\"@id\":\"https:\/\/phutai.com.vn\/#organization\"},\"potentialAction\":[{\"@type\":\"SearchAction\",\"target\":{\"@type\":\"EntryPoint\",\"urlTemplate\":\"https:\/\/phutai.com.vn\/?s={search_term_string}\"},\"query-input\":{\"@type\":\"PropertyValueSpecification\",\"valueRequired\":true,\"valueName\":\"search_term_string\"}}],\"inLanguage\":\"en-US\"},{\"@type\":\"Organization\",\"@id\":\"https:\/\/phutai.com.vn\/#organization\",\"name\":\"Ph\u00fa T\u00e0i JSC\",\"url\":\"https:\/\/phutai.com.vn\/\",\"logo\":{\"@type\":\"ImageObject\",\"inLanguage\":\"en-US\",\"@id\":\"https:\/\/phutai.com.vn\/#\/schema\/logo\/image\/\",\"url\":\"https:\/\/phutai.com.vn\/wp-content\/uploads\/2026\/01\/phutai-logo-tachnen.png\",\"contentUrl\":\"https:\/\/phutai.com.vn\/wp-content\/uploads\/2026\/01\/phutai-logo-tachnen.png\",\"width\":500,\"height\":327,\"caption\":\"Ph\u00fa T\u00e0i JSC\"},\"image\":{\"@id\":\"https:\/\/phutai.com.vn\/#\/schema\/logo\/image\/\"},\"sameAs\":[\"https:\/\/www.facebook.com\/phutai.jointstockcompany\"]}]}<\/script>\n<!-- \/ Yoast SEO plugin. -->","yoast_head_json":{"title":"G\u1ed7 x\u1ebb b\u1ea1ch \u0111\u00e0n Uruquay - Ph\u00fa T\u00e0i JSC","robots":{"index":"index","follow":"follow","max-snippet":"max-snippet:-1","max-image-preview":"max-image-preview:large","max-video-preview":"max-video-preview:-1"},"canonical":"https:\/\/phutai.com.vn\/en\/product\/go-xe-bach-dan-uruquay\/","og_locale":"en_US","og_type":"article","og_title":"G\u1ed7 x\u1ebb b\u1ea1ch \u0111\u00e0n Uruquay - Ph\u00fa T\u00e0i JSC","og_description":"M\u00d4 T\u1ea2 B\u1ea1ch \u0111\u00e0n Brazil l\u00e0 nguy\u00ean li\u1ec7u th\u01b0\u1eddng d\u00f9ng trong ng\u00e0nh ch\u1ebf bi\u1ebfn \u0111\u1ed3 g\u1ed7 n\u1ed9i ngo\u1ea1i th\u1ea5t. H\u00ccNH \u1ea2NH CH\u1ebe BI\u1ebeN T\u1ea0I NH\u00c0 M\u00c1Y T\u1ea0I SAO L\u1ef0A CH\u1eccN G\u1ed6 X\u1eba B\u1ea0CH \u0110\u00c0N URUQUAY C\u1ee6A G\u1ed6 PH\u00da T\u00c0I C\u00c1CH TH\u1ee8C LI\u00caN H\u1ec6 V\u00c0 L\u00c0M VI\u1ec6C : Li\u00ean h\u1ec7 NGAY \u0111\u1ec3 \u0111\u01b0\u1ee3c t\u01b0 v\u1ea5n MI\u1ec4N [&hellip;]","og_url":"https:\/\/phutai.com.vn\/en\/product\/go-xe-bach-dan-uruquay\/","og_site_name":"Ph\u00fa T\u00e0i JSC","article_publisher":"https:\/\/www.facebook.com\/phutai.jointstockcompany","article_modified_time":"2024-04-03T05:18:27+00:00","og_image":[{"width":550,"height":443,"url":"https:\/\/phutai.com.vn\/wp-content\/uploads\/2024\/04\/temp.jpg","type":"image\/jpeg"}],"twitter_card":"summary_large_image","twitter_misc":{"Est. reading time":"3 minutes"},"schema":{"@context":"https:\/\/schema.org","@graph":[{"@type":"WebPage","@id":"https:\/\/phutai.com.vn\/product\/go-xe-bach-dan-uruquay\/","url":"https:\/\/phutai.com.vn\/product\/go-xe-bach-dan-uruquay\/","name":"G\u1ed7 x\u1ebb b\u1ea1ch \u0111\u00e0n Uruquay - Ph\u00fa T\u00e0i JSC","isPartOf":{"@id":"https:\/\/phutai.com.vn\/#website"},"primaryImageOfPage":{"@id":"https:\/\/phutai.com.vn\/product\/go-xe-bach-dan-uruquay\/#primaryimage"},"image":{"@id":"https:\/\/phutai.com.vn\/product\/go-xe-bach-dan-uruquay\/#primaryimage"},"thumbnailUrl":"https:\/\/phutai.com.vn\/wp-content\/uploads\/2024\/04\/temp.jpg","datePublished":"2024-04-03T05:18:24+00:00","dateModified":"2024-04-03T05:18:27+00:00","breadcrumb":{"@id":"https:\/\/phutai.com.vn\/product\/go-xe-bach-dan-uruquay\/#breadcrumb"},"inLanguage":"en-US","potentialAction":[{"@type":"ReadAction","target":["https:\/\/phutai.com.vn\/product\/go-xe-bach-dan-uruquay\/"]}]},{"@type":"ImageObject","inLanguage":"en-US","@id":"https:\/\/phutai.com.vn\/product\/go-xe-bach-dan-uruquay\/#primaryimage","url":"https:\/\/phutai.com.vn\/wp-content\/uploads\/2024\/04\/temp.jpg","contentUrl":"https:\/\/phutai.com.vn\/wp-content\/uploads\/2024\/04\/temp.jpg","width":550,"height":443},{"@type":"BreadcrumbList","@id":"https:\/\/phutai.com.vn\/product\/go-xe-bach-dan-uruquay\/#breadcrumb","itemListElement":[{"@type":"ListItem","position":1,"name":"Home","item":"https:\/\/phutai.com.vn\/"},{"@type":"ListItem","position":2,"name":"G\u1ed7 x\u1ebb b\u1ea1ch \u0111\u00e0n Uruquay"}]},{"@type":"WebSite","@id":"https:\/\/phutai.com.vn\/#website","url":"https:\/\/phutai.com.vn\/","name":"Ph\u00fa T\u00e0i JSC","description":"","publisher":{"@id":"https:\/\/phutai.com.vn\/#organization"},"potentialAction":[{"@type":"SearchAction","target":{"@type":"EntryPoint","urlTemplate":"https:\/\/phutai.com.vn\/?s={search_term_string}"},"query-input":{"@type":"PropertyValueSpecification","valueRequired":true,"valueName":"search_term_string"}}],"inLanguage":"en-US"},{"@type":"Organization","@id":"https:\/\/phutai.com.vn\/#organization","name":"Ph\u00fa T\u00e0i JSC","url":"https:\/\/phutai.com.vn\/","logo":{"@type":"ImageObject","inLanguage":"en-US","@id":"https:\/\/phutai.com.vn\/#\/schema\/logo\/image\/","url":"https:\/\/phutai.com.vn\/wp-content\/uploads\/2026\/01\/phutai-logo-tachnen.png","contentUrl":"https:\/\/phutai.com.vn\/wp-content\/uploads\/2026\/01\/phutai-logo-tachnen.png","width":500,"height":327,"caption":"Ph\u00fa T\u00e0i JSC"},"image":{"@id":"https:\/\/phutai.com.vn\/#\/schema\/logo\/image\/"},"sameAs":["https:\/\/www.facebook.com\/phutai.jointstockcompany"]}]}},"_links":{"self":[{"href":"https:\/\/phutai.com.vn\/en\/wp-json\/wp\/v2\/product\/5916","targetHints":{"allow":["GET"]}}],"collection":[{"href":"https:\/\/phutai.com.vn\/en\/wp-json\/wp\/v2\/product"}],"about":[{"href":"https:\/\/phutai.com.vn\/en\/wp-json\/wp\/v2\/types\/product"}],"author":[{"embeddable":true,"href":"https:\/\/phutai.com.vn\/en\/wp-json\/wp\/v2\/users\/1"}],"replies":[{"embeddable":true,"href":"https:\/\/phutai.com.vn\/en\/wp-json\/wp\/v2\/comments?post=5916"}],"version-history":[{"count":2,"href":"https:\/\/phutai.com.vn\/en\/wp-json\/wp\/v2\/product\/5916\/revisions"}],"predecessor-version":[{"id":5918,"href":"https:\/\/phutai.com.vn\/en\/wp-json\/wp\/v2\/product\/5916\/revisions\/5918"}],"wp:featuredmedia":[{"embeddable":true,"href":"https:\/\/phutai.com.vn\/en\/wp-json\/wp\/v2\/media\/5904"}],"wp:attachment":[{"href":"https:\/\/phutai.com.vn\/en\/wp-json\/wp\/v2\/media?parent=5916"}],"wp:term":[{"taxonomy":"category-product","embeddable":true,"href":"https:\/\/phutai.com.vn\/en\/wp-json\/wp\/v2\/category-product?post=5916"}],"curies":[{"name":"wp","href":"https:\/\/api.w.org\/{rel}","templated":true}]}}